{"id":8351,"date":"2025-11-25T13:09:35","date_gmt":"2025-11-25T11:09:35","guid":{"rendered":"https:\/\/evolmec.com\/cuscinetti-di-super-precisione-per-lindustria-aeronautica\/"},"modified":"2025-12-10T12:50:48","modified_gmt":"2025-12-10T10:50:48","slug":"cojinetes-de-super-precision-para-la-industria-aeronautica","status":"publish","type":"page","link":"https:\/\/evolmec.com\/es\/cojinetes-de-super-precision-para-la-industria-aeronautica\/","title":{"rendered":"Cojinetes de super precisi\u00f3n para la industria aeron\u00e1utica"},"content":{"rendered":"<p>[et_pb_section fb_built=\u00bb1&#8243; fullwidth=\u00bbon\u00bb _builder_version=\u00bb4.23&#8243; _module_preset=\u00bbdefault\u00bb global_colors_info=\u00bb{}\u00bb][et_pb_fullwidth_image src=\u00bbhttps:\/\/evolmec.com\/wp-content\/uploads\/2025\/12\/foto-copertina.jpg\u00bb title_text=\u00bbfoto-copertina\u00bb _builder_version=\u00bb4.23&#8243; _module_preset=\u00bbdefault\u00bb global_colors_info=\u00bb{}\u00bb][\/et_pb_fullwidth_image][\/et_pb_section][et_pb_section fb_built=\u00bb1&#8243; admin_label=\u00bbsection\u00bb _builder_version=\u00bb4.16&#8243; global_colors_info=\u00bb{}\u00bb][et_pb_row _builder_version=\u00bb4.16&#8243; background_size=\u00bbinitial\u00bb background_position=\u00bbtop_left\u00bb background_repeat=\u00bbrepeat\u00bb custom_padding=\u00bb0px|||\u00bb global_colors_info=\u00bb{}\u00bb][et_pb_column type=\u00bb4_4&#8243; _builder_version=\u00bb4.16&#8243; custom_padding=\u00bb|||\u00bb global_colors_info=\u00bb{}\u00bb custom_padding__hover=\u00bb|||\u00bb][et_pb_text _builder_version=\u00bb4.23&#8243; background_size=\u00bbinitial\u00bb background_position=\u00bbtop_left\u00bb background_repeat=\u00bbrepeat\u00bb global_colors_info=\u00bb{}\u00bb]<\/p>\n<h1 style=\"text-align: center;\"><span>Rodamientos de s\u00faper precisi\u00f3n para la industria aeron\u00e1utica<\/span><\/h1>\n<p style=\"text-align: justify;\" class=\"et-fb-mce-line-break-holder\"><span><\/span><\/p>\n<p style=\"text-align: justify;\">\n<p>[\/et_pb_text][\/et_pb_column][\/et_pb_row][et_pb_row column_structure=\u00bb1_2,1_2&#8243; admin_label=\u00bbrow\u00bb _builder_version=\u00bb4.16&#8243; background_size=\u00bbinitial\u00bb background_position=\u00bbtop_left\u00bb background_repeat=\u00bbrepeat\u00bb global_colors_info=\u00bb{}\u00bb][et_pb_column type=\u00bb1_2&#8243; _builder_version=\u00bb4.16&#8243; custom_padding=\u00bb|||\u00bb global_colors_info=\u00bb{}\u00bb custom_padding__hover=\u00bb|||\u00bb][et_pb_blurb use_icon=\u00bbon\u00bb font_icon=\u00bb&#x4e;||divi||400&#8243; icon_color=\u00bbRGBA(255,255,255,0)\u00bb image_icon_background_color=\u00bbRGBA(255,255,255,0)\u00bb icon_placement=\u00bbleft\u00bb admin_label=\u00bbBlurb\u00bb _builder_version=\u00bb4.23&#8243; background_size=\u00bbinitial\u00bb background_position=\u00bbtop_left\u00bb background_repeat=\u00bbrepeat\u00bb global_colors_info=\u00bb{}\u00bb]<\/p>\n<p><strong>EVOLMEC presta especial atenci\u00f3n al desarrollo de su actividad en el sector aeroespacial, ofreciendo soluciones avanzadas en el \u00e1mbito de los rodamientos h\u00edbridos, perfectamente alineadas con las principales tendencias del mercado.<\/strong><br \/>La empresa dise\u00f1a y produce una amplia gama de rodamientos de bolas y de rodillos de alta tecnolog\u00eda, en cualquier configuraci\u00f3n, incluidos modelos personalizados. La oferta de EVOLMEC se articula en dos categor\u00edas principales:<br \/>\u2022 <strong>Rodamientos h\u00edbridos basados en materiales cer\u00e1micos<\/strong><br \/>\u2022 <strong>Rodamientos totalmente met\u00e1licos<\/strong><o:p><\/o:p><\/p>\n<p><strong>EVOLMEC suministra sus productos a una amplia variedad de aplicaciones aeroespaciales<\/strong>, entre las que se incluyen: helic\u00f3pteros, reductores, transmisiones, motores aeron\u00e1uticos, grupos de potencia, generadores, turbinas y otros sistemas cr\u00edticos.<\/p>\n<p>[\/et_pb_blurb][\/et_pb_column][et_pb_column type=\u00bb1_2&#8243; _builder_version=\u00bb4.16&#8243; custom_padding=\u00bb|||\u00bb global_colors_info=\u00bb{}\u00bb custom_padding__hover=\u00bb|||\u00bb][et_pb_gallery gallery_ids=\u00bb8311,8306,8341&#8243; fullwidth=\u00bbon\u00bb admin_label=\u00bbGalleria\u00bb _builder_version=\u00bb4.23&#8243; auto=\u00bbon\u00bb auto_speed=\u00bb5000&#8243; saved_tabs=\u00bball\u00bb locked=\u00bboff\u00bb global_colors_info=\u00bb{}\u00bb][\/et_pb_gallery][et_pb_tabs admin_label=\u00bbScheda\u00bb _builder_version=\u00bb4.23&#8243; background_size=\u00bbinitial\u00bb background_position=\u00bbtop_left\u00bb background_repeat=\u00bbrepeat\u00bb hover_enabled=\u00bb0&#8243; global_colors_info=\u00bb{}\u00bb sticky_enabled=\u00bb0&#8243;][et_pb_tab title=\u00bbEjecuciones especiales\u00bb _builder_version=\u00bb4.23&#8243; background_size=\u00bbinitial\u00bb background_position=\u00bbtop_left\u00bb background_repeat=\u00bbrepeat\u00bb hover_enabled=\u00bb0&#8243; global_colors_info=\u00bb{}\u00bb sticky_enabled=\u00bb0&#8243;]<\/p>\n<p data-start=\"297\" data-end=\"385\"><em data-start=\"297\" data-end=\"385\">A petici\u00f3n.<br \/>Para m\u00e1s informaci\u00f3n, por favor consulte con nuestro Departamento T\u00e9cnico.<\/em><\/p>\n<h3 data-start=\"387\" data-end=\"407\"><\/h3>\n<p>[\/et_pb_tab][\/et_pb_tabs][\/et_pb_column][\/et_pb_row][et_pb_row column_structure=\u00bb1_3,2_3&#8243; _builder_version=\u00bb4.23&#8243; _module_preset=\u00bbdefault\u00bb global_colors_info=\u00bb{}\u00bb][et_pb_column type=\u00bb1_3&#8243; _builder_version=\u00bb4.23&#8243; _module_preset=\u00bbdefault\u00bb global_colors_info=\u00bb{}\u00bb][et_pb_image src=\u00bbhttps:\/\/evolmec.com\/wp-content\/uploads\/2025\/11\/cuscinetti-aeronautica-evolmec.jpg\u00bb title_text=\u00bbcuscinetti-aeronautica-evolmec\u00bb _builder_version=\u00bb4.23&#8243; _module_preset=\u00bbdefault\u00bb global_colors_info=\u00bb{}\u00bb][\/et_pb_image][\/et_pb_column][et_pb_column type=\u00bb2_3&#8243; _builder_version=\u00bb4.23&#8243; _module_preset=\u00bbdefault\u00bb global_colors_info=\u00bb{}\u00bb][et_pb_contact_form email=\u00bbinfo@evolmec.com\u00bb title=\u00bbSolicitar el cat\u00e1logo\u00bb custom_message=\u00bbNome: %%name%%||et_pb_line_break_holder||Azienda: %%azienda%%||et_pb_line_break_holder||Paese: %%country%%||et_pb_line_break_holder||Indirizzo e-mail: %%email%%||et_pb_line_break_holder||Telefono: %%tel%%||et_pb_line_break_holder||||et_pb_line_break_holder||Messaggio:||et_pb_line_break_holder||%%message%%\u00bb admin_label=\u00bbModulo di Contatto\u00bb module_id=\u00bbet_pb_contact_form_0&#8243; _builder_version=\u00bb4.23&#8243; _unique_id=\u00bb1a4b5984-a3a3-4391-a51b-36c724c3484a\u00bb max_width=\u00bb100%\u00bb saved_tabs=\u00bball\u00bb global_colors_info=\u00bb{}\u00bb][et_pb_contact_field field_id=\u00bbName\u00bb field_title=\u00bb*Nombre.\u00bb fullwidth_field=\u00bbon\u00bb _builder_version=\u00bb4.23&#8243; form_field_font=\u00bb||||\u00bb max_width=\u00bb100%\u00bb use_border_color=\u00bboff\u00bb global_colors_info=\u00bb{}\u00bb button_text_size__hover_enabled=\u00bboff\u00bb button_one_text_size__hover_enabled=\u00bboff\u00bb button_two_text_size__hover_enabled=\u00bboff\u00bb button_text_color__hover_enabled=\u00bboff\u00bb button_one_text_color__hover_enabled=\u00bboff\u00bb button_two_text_color__hover_enabled=\u00bboff\u00bb button_border_width__hover_enabled=\u00bboff\u00bb button_one_border_width__hover_enabled=\u00bboff\u00bb button_two_border_width__hover_enabled=\u00bboff\u00bb button_border_color__hover_enabled=\u00bboff\u00bb button_one_border_color__hover_enabled=\u00bboff\u00bb button_two_border_color__hover_enabled=\u00bboff\u00bb button_border_radius__hover_enabled=\u00bboff\u00bb button_one_border_radius__hover_enabled=\u00bboff\u00bb button_two_border_radius__hover_enabled=\u00bboff\u00bb button_letter_spacing__hover_enabled=\u00bboff\u00bb button_one_letter_spacing__hover_enabled=\u00bboff\u00bb button_two_letter_spacing__hover_enabled=\u00bboff\u00bb button_bg_color__hover_enabled=\u00bboff\u00bb button_one_bg_color__hover_enabled=\u00bboff\u00bb button_two_bg_color__hover_enabled=\u00bboff\u00bb][\/et_pb_contact_field][et_pb_contact_field field_id=\u00bbAzienda\u00bb field_title=\u00bb*Empresa\u00bb _builder_version=\u00bb4.23&#8243; form_field_font=\u00bb||||\u00bb max_width=\u00bb100%\u00bb use_border_color=\u00bboff\u00bb global_colors_info=\u00bb{}\u00bb button_text_size__hover_enabled=\u00bboff\u00bb button_one_text_size__hover_enabled=\u00bboff\u00bb button_two_text_size__hover_enabled=\u00bboff\u00bb button_text_color__hover_enabled=\u00bboff\u00bb button_one_text_color__hover_enabled=\u00bboff\u00bb button_two_text_color__hover_enabled=\u00bboff\u00bb button_border_width__hover_enabled=\u00bboff\u00bb button_one_border_width__hover_enabled=\u00bboff\u00bb button_two_border_width__hover_enabled=\u00bboff\u00bb button_border_color__hover_enabled=\u00bboff\u00bb button_one_border_color__hover_enabled=\u00bboff\u00bb button_two_border_color__hover_enabled=\u00bboff\u00bb button_border_radius__hover_enabled=\u00bboff\u00bb button_one_border_radius__hover_enabled=\u00bboff\u00bb button_two_border_radius__hover_enabled=\u00bboff\u00bb button_letter_spacing__hover_enabled=\u00bboff\u00bb button_one_letter_spacing__hover_enabled=\u00bboff\u00bb button_two_letter_spacing__hover_enabled=\u00bboff\u00bb button_bg_color__hover_enabled=\u00bboff\u00bb button_one_bg_color__hover_enabled=\u00bboff\u00bb button_two_bg_color__hover_enabled=\u00bboff\u00bb][\/et_pb_contact_field][et_pb_contact_field field_id=\u00bbCountry\u00bb field_title=\u00bb*Pa\u00eds\u00bb _builder_version=\u00bb4.23&#8243; global_colors_info=\u00bb{}\u00bb][\/et_pb_contact_field][et_pb_contact_field field_id=\u00bbEmail\u00bb field_title=\u00bb*Direcci\u00f3n de correo electr\u00f3nico\u00bb field_type=\u00bbemail\u00bb _builder_version=\u00bb4.23&#8243; max_width=\u00bb100%\u00bb global_colors_info=\u00bb{}\u00bb button_text_size__hover_enabled=\u00bboff\u00bb button_one_text_size__hover_enabled=\u00bboff\u00bb button_two_text_size__hover_enabled=\u00bboff\u00bb button_text_color__hover_enabled=\u00bboff\u00bb button_one_text_color__hover_enabled=\u00bboff\u00bb button_two_text_color__hover_enabled=\u00bboff\u00bb button_border_width__hover_enabled=\u00bboff\u00bb button_one_border_width__hover_enabled=\u00bboff\u00bb button_two_border_width__hover_enabled=\u00bboff\u00bb button_border_color__hover_enabled=\u00bboff\u00bb button_one_border_color__hover_enabled=\u00bboff\u00bb button_two_border_color__hover_enabled=\u00bboff\u00bb button_border_radius__hover_enabled=\u00bboff\u00bb button_one_border_radius__hover_enabled=\u00bboff\u00bb button_two_border_radius__hover_enabled=\u00bboff\u00bb button_letter_spacing__hover_enabled=\u00bboff\u00bb button_one_letter_spacing__hover_enabled=\u00bboff\u00bb button_two_letter_spacing__hover_enabled=\u00bboff\u00bb button_bg_color__hover_enabled=\u00bboff\u00bb button_one_bg_color__hover_enabled=\u00bboff\u00bb button_two_bg_color__hover_enabled=\u00bboff\u00bb][\/et_pb_contact_field][et_pb_contact_field field_id=\u00bbTel\u00bb field_title=\u00bbTel\u00e9fono\u00bb allowed_symbols=\u00bbnumbers\u00bb required_mark=\u00bboff\u00bb _builder_version=\u00bb4.23&#8243; global_colors_info=\u00bb{}\u00bb][\/et_pb_contact_field][et_pb_contact_field field_id=\u00bbMessage\u00bb field_title=\u00bb*Especificar el cat\u00e1logo solicitado\u00bb field_type=\u00bbtext\u00bb fullwidth_field=\u00bbon\u00bb _builder_version=\u00bb4.23&#8243; form_field_font=\u00bb||||\u00bb max_width=\u00bb100%\u00bb use_border_color=\u00bboff\u00bb global_colors_info=\u00bb{}\u00bb button_text_size__hover_enabled=\u00bboff\u00bb button_one_text_size__hover_enabled=\u00bboff\u00bb button_two_text_size__hover_enabled=\u00bboff\u00bb button_text_color__hover_enabled=\u00bboff\u00bb button_one_text_color__hover_enabled=\u00bboff\u00bb button_two_text_color__hover_enabled=\u00bboff\u00bb button_border_width__hover_enabled=\u00bboff\u00bb button_one_border_width__hover_enabled=\u00bboff\u00bb button_two_border_width__hover_enabled=\u00bboff\u00bb button_border_color__hover_enabled=\u00bboff\u00bb button_one_border_color__hover_enabled=\u00bboff\u00bb button_two_border_color__hover_enabled=\u00bboff\u00bb button_border_radius__hover_enabled=\u00bboff\u00bb button_one_border_radius__hover_enabled=\u00bboff\u00bb button_two_border_radius__hover_enabled=\u00bboff\u00bb button_letter_spacing__hover_enabled=\u00bboff\u00bb button_one_letter_spacing__hover_enabled=\u00bboff\u00bb button_two_letter_spacing__hover_enabled=\u00bboff\u00bb button_bg_color__hover_enabled=\u00bboff\u00bb button_one_bg_color__hover_enabled=\u00bboff\u00bb button_two_bg_color__hover_enabled=\u00bboff\u00bb][\/et_pb_contact_field][et_pb_contact_field field_id=\u00bbPrivacy_Policy\u00bb field_title=\u00bb*Tratamiento de datos personales\u00bb field_type=\u00bbcheckbox\u00bb checkbox_options=\u00bb%91{%22value%22:%22Consiento el tratamiento de mis datos personales y acepto la %22,%22checked%22:0,%22dragID%22:-1,%22link_url%22:%22http:\/\/evolmec.com\/privacy-cookie-policy%22,%22link_text%22:%22Privacy Policy%22}%93&#8243; _builder_version=\u00bb4.23&#8243; max_width=\u00bb100%\u00bb global_colors_info=\u00bb{}\u00bb button_text_size__hover_enabled=\u00bboff\u00bb button_one_text_size__hover_enabled=\u00bboff\u00bb button_two_text_size__hover_enabled=\u00bboff\u00bb button_text_color__hover_enabled=\u00bboff\u00bb button_one_text_color__hover_enabled=\u00bboff\u00bb button_two_text_color__hover_enabled=\u00bboff\u00bb button_border_width__hover_enabled=\u00bboff\u00bb button_one_border_width__hover_enabled=\u00bboff\u00bb button_two_border_width__hover_enabled=\u00bboff\u00bb button_border_color__hover_enabled=\u00bboff\u00bb button_one_border_color__hover_enabled=\u00bboff\u00bb button_two_border_color__hover_enabled=\u00bboff\u00bb button_border_radius__hover_enabled=\u00bboff\u00bb button_one_border_radius__hover_enabled=\u00bboff\u00bb button_two_border_radius__hover_enabled=\u00bboff\u00bb button_letter_spacing__hover_enabled=\u00bboff\u00bb button_one_letter_spacing__hover_enabled=\u00bboff\u00bb button_two_letter_spacing__hover_enabled=\u00bboff\u00bb button_bg_color__hover_enabled=\u00bboff\u00bb button_one_bg_color__hover_enabled=\u00bboff\u00bb button_two_bg_color__hover_enabled=\u00bboff\u00bb][\/et_pb_contact_field][\/et_pb_contact_form][\/et_pb_column][\/et_pb_row][\/et_pb_section]<\/p>\n","protected":false},"excerpt":{"rendered":"<p>Rodamientos de s\u00faper precisi\u00f3n para la industria aeron\u00e1utica EVOLMEC presta especial atenci\u00f3n al desarrollo de su actividad en el sector aeroespacial, ofreciendo soluciones avanzadas en el \u00e1mbito de los rodamientos h\u00edbridos, perfectamente alineadas con las principales tendencias del mercado.La empresa dise\u00f1a y produce una amplia gama de rodamientos de bolas y de rodillos de alta [&hellip;]<\/p>\n","protected":false},"author":3,"featured_media":0,"parent":0,"menu_order":0,"comment_status":"closed","ping_status":"closed","template":"","meta":{"_et_pb_use_builder":"on","_et_pb_old_content":"","_et_gb_content_width":"","footnotes":""},"yoast_head":"<!-- This site is optimized with the Yoast SEO plugin v22.0 - https:\/\/yoast.com\/wordpress\/plugins\/seo\/ -->\n<title>EVOLMEC - Cuscinetti di super precisione per l&#039;industria aeronautica<\/title>\n<meta name=\"description\" content=\"EVOLMEC \u00e8 fortemente impegnata nella crescita del suo business aeronautico perch\u00e9 la sua avanzata tecnologia di cuscinetti ibridi risponde perfettamente alle principali tendenze del settore.\" \/>\n<meta name=\"robots\" content=\"index, follow, max-snippet:-1, max-image-preview:large, max-video-preview:-1\" \/>\n<link rel=\"canonical\" href=\"https:\/\/evolmec.com\/es\/cojinetes-de-super-precision-para-la-industria-aeronautica\/\" \/>\n<meta property=\"og:locale\" content=\"es_ES\" \/>\n<meta property=\"og:type\" content=\"article\" \/>\n<meta property=\"og:title\" content=\"EVOLMEC - Cuscinetti di super precisione per l&#039;industria aeronautica\" \/>\n<meta property=\"og:description\" content=\"EVOLMEC \u00e8 fortemente impegnata nella crescita del suo business aeronautico perch\u00e9 la sua avanzata tecnologia di cuscinetti ibridi risponde perfettamente alle principali tendenze del settore.\" \/>\n<meta property=\"og:url\" content=\"https:\/\/evolmec.com\/es\/cojinetes-de-super-precision-para-la-industria-aeronautica\/\" \/>\n<meta property=\"og:site_name\" content=\"Evolmec\" \/>\n<meta property=\"article:publisher\" content=\"https:\/\/www.facebook.com\/evolmec\" \/>\n<meta property=\"article:modified_time\" content=\"2025-12-10T10:50:48+00:00\" \/>\n<meta property=\"og:image\" content=\"https:\/\/evolmec.com\/wp-content\/uploads\/2017\/08\/evolmec-cuscinetti-speciali-special-bearings-rodamientos-walzlager-italy-pavia-progettazione-collaudo.jpg\" \/>\n\t<meta property=\"og:image:width\" content=\"1440\" \/>\n\t<meta property=\"og:image:height\" content=\"1440\" \/>\n\t<meta property=\"og:image:type\" content=\"image\/jpeg\" \/>\n<meta name=\"twitter:card\" content=\"summary_large_image\" \/>\n<meta name=\"twitter:label1\" content=\"Tiempo de lectura\" \/>\n\t<meta name=\"twitter:data1\" content=\"3 minutos\" \/>\n<script type=\"application\/ld+json\" class=\"yoast-schema-graph\">{\"@context\":\"https:\/\/schema.org\",\"@graph\":[{\"@type\":\"WebPage\",\"@id\":\"https:\/\/evolmec.com\/es\/cojinetes-de-super-precision-para-la-industria-aeronautica\/\",\"url\":\"https:\/\/evolmec.com\/es\/cojinetes-de-super-precision-para-la-industria-aeronautica\/\",\"name\":\"EVOLMEC - Cuscinetti di super precisione per l'industria aeronautica\",\"isPartOf\":{\"@id\":\"https:\/\/evolmec.com\/#website\"},\"datePublished\":\"2025-11-25T11:09:35+00:00\",\"dateModified\":\"2025-12-10T10:50:48+00:00\",\"description\":\"EVOLMEC \u00e8 fortemente impegnata nella crescita del suo business aeronautico perch\u00e9 la sua avanzata tecnologia di cuscinetti ibridi risponde perfettamente alle principali tendenze del settore.\",\"breadcrumb\":{\"@id\":\"https:\/\/evolmec.com\/es\/cojinetes-de-super-precision-para-la-industria-aeronautica\/#breadcrumb\"},\"inLanguage\":\"es\",\"potentialAction\":[{\"@type\":\"ReadAction\",\"target\":[\"https:\/\/evolmec.com\/es\/cojinetes-de-super-precision-para-la-industria-aeronautica\/\"]}]},{\"@type\":\"BreadcrumbList\",\"@id\":\"https:\/\/evolmec.com\/es\/cojinetes-de-super-precision-para-la-industria-aeronautica\/#breadcrumb\",\"itemListElement\":[{\"@type\":\"ListItem\",\"position\":1,\"name\":\"Home\",\"item\":\"https:\/\/evolmec.com\/es\/\"},{\"@type\":\"ListItem\",\"position\":2,\"name\":\"Cojinetes de super precisi\u00f3n para la industria aeron\u00e1utica\"}]},{\"@type\":\"WebSite\",\"@id\":\"https:\/\/evolmec.com\/#website\",\"url\":\"https:\/\/evolmec.com\/\",\"name\":\"Evolmec\",\"description\":\"Evoluzione Meccanica\",\"publisher\":{\"@id\":\"https:\/\/evolmec.com\/#organization\"},\"potentialAction\":[{\"@type\":\"SearchAction\",\"target\":{\"@type\":\"EntryPoint\",\"urlTemplate\":\"https:\/\/evolmec.com\/?s={search_term_string}\"},\"query-input\":\"required name=search_term_string\"}],\"inLanguage\":\"es\"},{\"@type\":\"Organization\",\"@id\":\"https:\/\/evolmec.com\/#organization\",\"name\":\"Evolmec S.r.l.\",\"url\":\"https:\/\/evolmec.com\/\",\"logo\":{\"@type\":\"ImageObject\",\"inLanguage\":\"es\",\"@id\":\"https:\/\/evolmec.com\/#\/schema\/logo\/image\/\",\"url\":\"https:\/\/evolmec.com\/wp-content\/uploads\/2017\/07\/logo_registrato_medium.png\",\"contentUrl\":\"https:\/\/evolmec.com\/wp-content\/uploads\/2017\/07\/logo_registrato_medium.png\",\"width\":600,\"height\":106,\"caption\":\"Evolmec S.r.l.\"},\"image\":{\"@id\":\"https:\/\/evolmec.com\/#\/schema\/logo\/image\/\"},\"sameAs\":[\"https:\/\/www.facebook.com\/evolmec\",\"https:\/\/www.instagram.com\/evolmec_bearings\/\",\"https:\/\/www.linkedin.com\/company\/evolmec-s-r-l-\/\",\"https:\/\/www.youtube.com\/channel\/UC8DTzvwORPq1-3PpF9Itl5w\/\"]}]}<\/script>\n<!-- \/ Yoast SEO plugin. -->","yoast_head_json":{"title":"EVOLMEC - Cuscinetti di super precisione per l'industria aeronautica","description":"EVOLMEC \u00e8 fortemente impegnata nella crescita del suo business aeronautico perch\u00e9 la sua avanzata tecnologia di cuscinetti ibridi risponde perfettamente alle principali tendenze del settore.","robots":{"index":"index","follow":"follow","max-snippet":"max-snippet:-1","max-image-preview":"max-image-preview:large","max-video-preview":"max-video-preview:-1"},"canonical":"https:\/\/evolmec.com\/es\/cojinetes-de-super-precision-para-la-industria-aeronautica\/","og_locale":"es_ES","og_type":"article","og_title":"EVOLMEC - Cuscinetti di super precisione per l'industria aeronautica","og_description":"EVOLMEC \u00e8 fortemente impegnata nella crescita del suo business aeronautico perch\u00e9 la sua avanzata tecnologia di cuscinetti ibridi risponde perfettamente alle principali tendenze del settore.","og_url":"https:\/\/evolmec.com\/es\/cojinetes-de-super-precision-para-la-industria-aeronautica\/","og_site_name":"Evolmec","article_publisher":"https:\/\/www.facebook.com\/evolmec","article_modified_time":"2025-12-10T10:50:48+00:00","og_image":[{"width":1440,"height":1440,"url":"https:\/\/evolmec.com\/wp-content\/uploads\/2017\/08\/evolmec-cuscinetti-speciali-special-bearings-rodamientos-walzlager-italy-pavia-progettazione-collaudo.jpg","type":"image\/jpeg"}],"twitter_card":"summary_large_image","twitter_misc":{"Tiempo de lectura":"3 minutos"},"schema":{"@context":"https:\/\/schema.org","@graph":[{"@type":"WebPage","@id":"https:\/\/evolmec.com\/es\/cojinetes-de-super-precision-para-la-industria-aeronautica\/","url":"https:\/\/evolmec.com\/es\/cojinetes-de-super-precision-para-la-industria-aeronautica\/","name":"EVOLMEC - Cuscinetti di super precisione per l'industria aeronautica","isPartOf":{"@id":"https:\/\/evolmec.com\/#website"},"datePublished":"2025-11-25T11:09:35+00:00","dateModified":"2025-12-10T10:50:48+00:00","description":"EVOLMEC \u00e8 fortemente impegnata nella crescita del suo business aeronautico perch\u00e9 la sua avanzata tecnologia di cuscinetti ibridi risponde perfettamente alle principali tendenze del settore.","breadcrumb":{"@id":"https:\/\/evolmec.com\/es\/cojinetes-de-super-precision-para-la-industria-aeronautica\/#breadcrumb"},"inLanguage":"es","potentialAction":[{"@type":"ReadAction","target":["https:\/\/evolmec.com\/es\/cojinetes-de-super-precision-para-la-industria-aeronautica\/"]}]},{"@type":"BreadcrumbList","@id":"https:\/\/evolmec.com\/es\/cojinetes-de-super-precision-para-la-industria-aeronautica\/#breadcrumb","itemListElement":[{"@type":"ListItem","position":1,"name":"Home","item":"https:\/\/evolmec.com\/es\/"},{"@type":"ListItem","position":2,"name":"Cojinetes de super precisi\u00f3n para la industria aeron\u00e1utica"}]},{"@type":"WebSite","@id":"https:\/\/evolmec.com\/#website","url":"https:\/\/evolmec.com\/","name":"Evolmec","description":"Evoluzione Meccanica","publisher":{"@id":"https:\/\/evolmec.com\/#organization"},"potentialAction":[{"@type":"SearchAction","target":{"@type":"EntryPoint","urlTemplate":"https:\/\/evolmec.com\/?s={search_term_string}"},"query-input":"required name=search_term_string"}],"inLanguage":"es"},{"@type":"Organization","@id":"https:\/\/evolmec.com\/#organization","name":"Evolmec S.r.l.","url":"https:\/\/evolmec.com\/","logo":{"@type":"ImageObject","inLanguage":"es","@id":"https:\/\/evolmec.com\/#\/schema\/logo\/image\/","url":"https:\/\/evolmec.com\/wp-content\/uploads\/2017\/07\/logo_registrato_medium.png","contentUrl":"https:\/\/evolmec.com\/wp-content\/uploads\/2017\/07\/logo_registrato_medium.png","width":600,"height":106,"caption":"Evolmec S.r.l."},"image":{"@id":"https:\/\/evolmec.com\/#\/schema\/logo\/image\/"},"sameAs":["https:\/\/www.facebook.com\/evolmec","https:\/\/www.instagram.com\/evolmec_bearings\/","https:\/\/www.linkedin.com\/company\/evolmec-s-r-l-\/","https:\/\/www.youtube.com\/channel\/UC8DTzvwORPq1-3PpF9Itl5w\/"]}]}},"_links":{"self":[{"href":"https:\/\/evolmec.com\/es\/wp-json\/wp\/v2\/pages\/8351"}],"collection":[{"href":"https:\/\/evolmec.com\/es\/wp-json\/wp\/v2\/pages"}],"about":[{"href":"https:\/\/evolmec.com\/es\/wp-json\/wp\/v2\/types\/page"}],"author":[{"embeddable":true,"href":"https:\/\/evolmec.com\/es\/wp-json\/wp\/v2\/users\/3"}],"replies":[{"embeddable":true,"href":"https:\/\/evolmec.com\/es\/wp-json\/wp\/v2\/comments?post=8351"}],"version-history":[{"count":9,"href":"https:\/\/evolmec.com\/es\/wp-json\/wp\/v2\/pages\/8351\/revisions"}],"predecessor-version":[{"id":8457,"href":"https:\/\/evolmec.com\/es\/wp-json\/wp\/v2\/pages\/8351\/revisions\/8457"}],"wp:attachment":[{"href":"https:\/\/evolmec.com\/es\/wp-json\/wp\/v2\/media?parent=8351"}],"curies":[{"name":"wp","href":"https:\/\/api.w.org\/{rel}","templated":true}]}}