{"id":4841,"date":"2017-09-11T09:29:39","date_gmt":"2017-09-11T08:29:39","guid":{"rendered":"http:\/\/evolmec.com\/es\/?page_id=4841"},"modified":"2017-12-15T12:06:15","modified_gmt":"2017-12-15T11:06:15","slug":"servicios","status":"publish","type":"page","link":"https:\/\/evolmec.com\/es\/servicios\/","title":{"rendered":"Servicios"},"content":{"rendered":"<p>[et_pb_section fb_built=\u00bb1&#8243; fullwidth=\u00bbon\u00bb admin_label=\u00bbsection\u00bb][et_pb_fullwidth_slider show_arrows=\u00bboff\u00bb show_pagination=\u00bboff\u00bb admin_label=\u00bbSlider a Larghezza Piena\u00bb][et_pb_slide heading=\u00bbSERVICIOS\u00bb background_image=\u00bbhttp:\/\/evolmec.com\/wp-content\/uploads\/2017\/08\/servizi-misurazione-collaudo-marcatura-laser-evolmec-bearing.jpg\u00bb use_bg_overlay=\u00bbon\u00bb bg_overlay_color=\u00bbrgba(0,0,0,0.17)\u00bb use_text_overlay=\u00bboff\u00bb header_font=\u00bb||||\u00bb body_font=\u00bb||||\u00bb custom_button=\u00bboff\u00bb button_icon_placement=\u00bbright\u00bb button_on_hover=\u00bbon\u00bb]<\/p>\n<p>Evolmec puede ofrecer servicios de marcado laser y medici\u00f3n, gracias a los instrumentos de vanguardia que tiene en su sala de metrologia.<\/p>\n<p>[\/et_pb_slide][\/et_pb_fullwidth_slider][\/et_pb_section][et_pb_section fb_built=\u00bb1&#8243; admin_label=\u00bbsection\u00bb][et_pb_row admin_label=\u00bbrow\u00bb][et_pb_column type=\u00bb1_2&#8243; parallax=\u00bboff\u00bb parallax_method=\u00bbon\u00bb][et_pb_blurb title=\u00bbMARCADO LASER\u00bb text_orientation=\u00bbcenter\u00bb admin_label=\u00bbBlurb\u00bb]<\/p>\n<p style=\"text-align: justify;\">\n<p style=\"text-align: justify;\">Todos los productos Evolmec se marcan con codigo y logo de la empresa para garantizar el producto y para facilitar la trazabilidad de sus rodamientos. Ademas Evolmec ofrece un servicio de marcado laser por cuenta de terceros.<\/p>\n<p style=\"text-align: justify;\">Para mas informaciones contacte nuestra oficina tecnica.<\/p>\n<p>[\/et_pb_blurb][\/et_pb_column][et_pb_column type=\u00bb1_2&#8243; parallax=\u00bboff\u00bb parallax_method=\u00bbon\u00bb][et_pb_blurb title=\u00bbMEDICI\u00d3N\u00bb text_orientation=\u00bbcenter\u00bb admin_label=\u00bbBlurb\u00bb]<\/p>\n<p style=\"text-align: justify;\">\n<p style=\"text-align: justify;\">Evolmec tiene una sala de medici\u00f3n especial, equipado con instrumentos\u00a0de vanguardia utilizados para las pruebas de sus rodamientos.<\/p>\n<p style=\"text-align: justify;\">Evolmec tambi\u00e9n ofrece un servicio de medici\u00f3n de terceros para cualquier componente mec\u00e1nico, para m\u00e1s informaci\u00f3n p\u00f3ngase en contacto con nuestra oficina t\u00e9cnica.<\/p>\n<p>[\/et_pb_blurb][\/et_pb_column][\/et_pb_row][et_pb_row admin_label=\u00bbrow\u00bb][et_pb_column type=\u00bb1_2&#8243; parallax=\u00bboff\u00bb parallax_method=\u00bbon\u00bb][et_pb_gallery gallery_ids=\u00bb5020,3782,3801,3938&#8243; fullwidth=\u00bbon\u00bb admin_label=\u00bbGalleria\u00bb][\/et_pb_gallery][\/et_pb_column][et_pb_column type=\u00bb1_2&#8243; parallax=\u00bboff\u00bb parallax_method=\u00bbon\u00bb][et_pb_gallery gallery_ids=\u00bb3798,3781,3800,3804&#8243; fullwidth=\u00bbon\u00bb admin_label=\u00bbGalleria\u00bb][\/et_pb_gallery][\/et_pb_column][\/et_pb_row][et_pb_row admin_label=\u00bbrow\u00bb][et_pb_column type=\u00bb4_4&#8243; parallax=\u00bboff\u00bb parallax_method=\u00bbon\u00bb][et_pb_text text_orientation=\u00bbcenter\u00bb admin_label=\u00bbTesto\u00bb]<\/p>\n<h2>INSTRUMENTOS<\/h2>\n<p>[\/et_pb_text][\/et_pb_column][\/et_pb_row][et_pb_row admin_label=\u00bbrow\u00bb][et_pb_column type=\u00bb1_2&#8243; parallax=\u00bboff\u00bb parallax_method=\u00bbon\u00bb][et_pb_image src=\u00bbhttp:\/\/evolmec.com\/wp-content\/uploads\/2017\/08\/wenzel-evolmec-cmm.jpg\u00bb animation=\u00bbfade_in\u00bb admin_label=\u00bbImmagine\u00bb][\/et_pb_image][et_pb_text admin_label=\u00bbTesto\u00bb]<\/p>\n<h4><strong>M\u00c1QUINA DE MEDICI\u00d3N POR COORDENADAS<\/strong><\/h4>\n<h4>WENZEL LH1010<\/h4>\n<p style=\"text-align: justify;\"><strong>DIMENSIONES \u00c1REA DE TRABAJO<\/strong><\/p>\n<p style=\"padding-left: 30px; text-align: justify;\">eje <strong>X<\/strong>: 1000 mm<br \/>\neje <strong>Y<\/strong>: 1200 mm<br \/>\neje <strong>Z<\/strong>: 1000 mm<\/p>\n<p style=\"text-align: justify;\"><strong>CABEZA DE INDICACI\u00d3N MOTORIZADA RENISHAW PH10M<\/strong><\/p>\n<p style=\"text-align: justify;\"><strong>SONDA DE CONTACTO RENISHAW TP200<\/strong><\/p>\n<p style=\"text-align: justify;\"><strong>PRECISI\u00d3N DE MEDIDAS:\u00a0<\/strong>Error m\u00e1ximo permisible = 0,0025 mm<\/p>\n<p style=\"text-align: justify;\">(Seg\u00fan DIN EN ISO 10360-2 en referencia a un stylus \u00d84 x 21mm)<\/p>\n<p style=\"text-align: justify;\"><strong>TEMPERATURA DE TRABAJO:<\/strong> 15\u00b0-30\u00b0<\/p>\n<p>[\/et_pb_text][\/et_pb_column][et_pb_column type=\u00bb1_2&#8243; parallax=\u00bboff\u00bb parallax_method=\u00bbon\u00bb][et_pb_image src=\u00bbhttp:\/\/evolmec.com\/wp-content\/uploads\/2017\/08\/height-gauge-altimetro-digitale-evolmec-tesa-micro-hite-600.jpg\u00bb animation=\u00bbfade_in\u00bb admin_label=\u00bbImmagine\u00bb][\/et_pb_image][et_pb_text admin_label=\u00bbTesto\u00bb]<\/p>\n<h4><strong>MEDIDOR VERTICAL<\/strong><\/h4>\n<h4>TESA MICRO-HITE 600<\/h4>\n<p>\u00a0<\/p>\n<p style=\"text-align: justify;\">Instrumento aut\u00f3nomo para mediciones en 1 o 2 direcciones de coordenadas de dimensiones internas, externas, escalones, alturas, profundidades y distancias sobre elementos geom\u00e9tricos con superficies planas, paralelas o cil\u00edndricas.<\/p>\n<p style=\"text-align: justify;\">Resultados seg\u00fan la norma <strong>ISO 1101<\/strong>.<\/p>\n<p style=\"text-align: justify;\"><strong>Longitud de la carrera:<\/strong> 615mm<\/p>\n<p style=\"text-align: justify;\"><strong>PRECISI\u00d3N DE MEDIDAS:<\/strong> Error m\u00e1ximo permisible = (2 + 3L) \u03bcm (L in m)<\/p>\n<p>[\/et_pb_text][\/et_pb_column][\/et_pb_row][et_pb_row admin_label=\u00bbrow\u00bb][et_pb_column type=\u00bb1_2&#8243; parallax=\u00bboff\u00bb parallax_method=\u00bbon\u00bb][et_pb_image src=\u00bbhttp:\/\/evolmec.com\/wp-content\/uploads\/2017\/08\/hardness-tester-evolmec-durometro.jpg\u00bb animation=\u00bbfade_in\u00bb admin_label=\u00bbImmagine\u00bb][\/et_pb_image][et_pb_text admin_label=\u00bbTesto\u00bb]<\/p>\n<h4><strong>DUROMETRO ROCKWELL<\/strong><\/h4>\n<h4>INNOVATEST 600 SERIES<\/h4>\n<p>\u00a0<\/p>\n<p style=\"text-align: justify;\">Versi\u00f3n manual, anal\u00f3gico y sin salida de datos<\/p>\n<p style=\"text-align: justify;\"><strong>Resoluci\u00f3n:<\/strong> 1HR<\/p>\n<p style=\"text-align: justify;\"><strong>Precisi\u00f3n:<\/strong> secondo EN-ISO 6508, ASTM E-18<\/p>\n<p style=\"text-align: justify;\"><strong>Indicaciones de la pantalla:<\/strong> HRC, HRB<\/p>\n<p style=\"text-align: justify;\"><strong>Altura m\u00e1xima de la pieza:<\/strong> 170mm<\/p>\n<p style=\"text-align: justify;\"><strong>M\u00e1xima profundidad del arco:<\/strong> 135mm<\/p>\n<p>[\/et_pb_text][\/et_pb_column][et_pb_column type=\u00bb1_2&#8243; parallax=\u00bboff\u00bb parallax_method=\u00bbon\u00bb][et_pb_image src=\u00bbhttp:\/\/evolmec.com\/wp-content\/uploads\/2017\/08\/evolmec-comparatore.jpg\u00bb animation=\u00bbfade_in\u00bb admin_label=\u00bbImmagine\u00bb][\/et_pb_image][et_pb_text admin_label=\u00bbTesto\u00bb]<\/p>\n<h4><strong>COMPARADOR DIGITAL<\/strong><\/h4>\n<h4>RUPAC SERIE DIGITRONIC<\/h4>\n<p>\u00a0<\/p>\n<p style=\"text-align: justify;\"><strong>Rango de medici\u00f3n:<\/strong> 0 -12,7mm<\/p>\n<p style=\"text-align: justify;\"><strong>Resoluci\u00f3n:<\/strong> 0,001mm<\/p>\n<p style=\"text-align: justify;\"><strong>Precisi\u00f3n:<\/strong> 8\u03bcm<\/p>\n<p>[\/et_pb_text][\/et_pb_column][\/et_pb_row][\/et_pb_section]<\/p>\n","protected":false},"excerpt":{"rendered":"<p>Evolmec puede ofrecer servicios de marcado laser y medici\u00f3n, gracias a los instrumentos de vanguardia que tiene en su sala de metrologia. Todos los productos Evolmec se marcan con codigo y logo de la empresa para garantizar el producto y para facilitar la trazabilidad de sus rodamientos. Ademas Evolmec ofrece un servicio de marcado laser [&hellip;]<\/p>\n","protected":false},"author":3,"featured_media":0,"parent":0,"menu_order":0,"comment_status":"closed","ping_status":"closed","template":"","meta":{"_et_pb_use_builder":"on","_et_pb_old_content":"","_et_gb_content_width":"","footnotes":""},"yoast_head":"<!-- This site is optimized with the Yoast SEO plugin v22.0 - https:\/\/yoast.com\/wordpress\/plugins\/seo\/ -->\n<title>EVOLMEC - Servicios<\/title>\n<meta name=\"robots\" content=\"index, follow, max-snippet:-1, max-image-preview:large, max-video-preview:-1\" \/>\n<link rel=\"canonical\" href=\"https:\/\/evolmec.com\/es\/servicios\/\" \/>\n<meta property=\"og:locale\" content=\"es_ES\" \/>\n<meta property=\"og:type\" content=\"article\" \/>\n<meta property=\"og:title\" content=\"EVOLMEC - Servicios\" \/>\n<meta property=\"og:description\" content=\"Evolmec puede ofrecer servicios de marcado laser y medici\u00f3n, gracias a los instrumentos de vanguardia que tiene en su sala de metrologia. Todos los productos Evolmec se marcan con codigo y logo de la empresa para garantizar el producto y para facilitar la trazabilidad de sus rodamientos. Ademas Evolmec ofrece un servicio de marcado laser [&hellip;]\" \/>\n<meta property=\"og:url\" content=\"https:\/\/evolmec.com\/es\/servicios\/\" \/>\n<meta property=\"og:site_name\" content=\"Evolmec\" \/>\n<meta property=\"article:publisher\" content=\"https:\/\/www.facebook.com\/evolmec\" \/>\n<meta property=\"article:modified_time\" content=\"2017-12-15T11:06:15+00:00\" \/>\n<meta property=\"og:image\" content=\"https:\/\/evolmec.com\/wp-content\/uploads\/2017\/08\/evolmec-cuscinetti-speciali-special-bearings-rodamientos-walzlager-italy-pavia-progettazione-collaudo.jpg\" \/>\n\t<meta property=\"og:image:width\" content=\"1440\" \/>\n\t<meta property=\"og:image:height\" content=\"1440\" \/>\n\t<meta property=\"og:image:type\" content=\"image\/jpeg\" \/>\n<meta name=\"twitter:card\" content=\"summary_large_image\" \/>\n<meta name=\"twitter:label1\" content=\"Tiempo de lectura\" \/>\n\t<meta name=\"twitter:data1\" content=\"4 minutos\" \/>\n<script type=\"application\/ld+json\" class=\"yoast-schema-graph\">{\"@context\":\"https:\/\/schema.org\",\"@graph\":[{\"@type\":\"WebPage\",\"@id\":\"https:\/\/evolmec.com\/es\/servicios\/\",\"url\":\"https:\/\/evolmec.com\/es\/servicios\/\",\"name\":\"EVOLMEC - Servicios\",\"isPartOf\":{\"@id\":\"https:\/\/evolmec.com\/#website\"},\"datePublished\":\"2017-09-11T08:29:39+00:00\",\"dateModified\":\"2017-12-15T11:06:15+00:00\",\"breadcrumb\":{\"@id\":\"https:\/\/evolmec.com\/es\/servicios\/#breadcrumb\"},\"inLanguage\":\"es\",\"potentialAction\":[{\"@type\":\"ReadAction\",\"target\":[\"https:\/\/evolmec.com\/es\/servicios\/\"]}]},{\"@type\":\"BreadcrumbList\",\"@id\":\"https:\/\/evolmec.com\/es\/servicios\/#breadcrumb\",\"itemListElement\":[{\"@type\":\"ListItem\",\"position\":1,\"name\":\"Home\",\"item\":\"https:\/\/evolmec.com\/es\/\"},{\"@type\":\"ListItem\",\"position\":2,\"name\":\"Servicios\"}]},{\"@type\":\"WebSite\",\"@id\":\"https:\/\/evolmec.com\/#website\",\"url\":\"https:\/\/evolmec.com\/\",\"name\":\"Evolmec\",\"description\":\"Evoluzione Meccanica\",\"publisher\":{\"@id\":\"https:\/\/evolmec.com\/#organization\"},\"potentialAction\":[{\"@type\":\"SearchAction\",\"target\":{\"@type\":\"EntryPoint\",\"urlTemplate\":\"https:\/\/evolmec.com\/?s={search_term_string}\"},\"query-input\":\"required name=search_term_string\"}],\"inLanguage\":\"es\"},{\"@type\":\"Organization\",\"@id\":\"https:\/\/evolmec.com\/#organization\",\"name\":\"Evolmec S.r.l.\",\"url\":\"https:\/\/evolmec.com\/\",\"logo\":{\"@type\":\"ImageObject\",\"inLanguage\":\"es\",\"@id\":\"https:\/\/evolmec.com\/#\/schema\/logo\/image\/\",\"url\":\"https:\/\/evolmec.com\/wp-content\/uploads\/2017\/07\/logo_registrato_medium.png\",\"contentUrl\":\"https:\/\/evolmec.com\/wp-content\/uploads\/2017\/07\/logo_registrato_medium.png\",\"width\":600,\"height\":106,\"caption\":\"Evolmec S.r.l.\"},\"image\":{\"@id\":\"https:\/\/evolmec.com\/#\/schema\/logo\/image\/\"},\"sameAs\":[\"https:\/\/www.facebook.com\/evolmec\",\"https:\/\/www.instagram.com\/evolmec_bearings\/\",\"https:\/\/www.linkedin.com\/company\/evolmec-s-r-l-\/\",\"https:\/\/www.youtube.com\/channel\/UC8DTzvwORPq1-3PpF9Itl5w\/\"]}]}<\/script>\n<!-- \/ Yoast SEO plugin. -->","yoast_head_json":{"title":"EVOLMEC - Servicios","robots":{"index":"index","follow":"follow","max-snippet":"max-snippet:-1","max-image-preview":"max-image-preview:large","max-video-preview":"max-video-preview:-1"},"canonical":"https:\/\/evolmec.com\/es\/servicios\/","og_locale":"es_ES","og_type":"article","og_title":"EVOLMEC - Servicios","og_description":"Evolmec puede ofrecer servicios de marcado laser y medici\u00f3n, gracias a los instrumentos de vanguardia que tiene en su sala de metrologia. Todos los productos Evolmec se marcan con codigo y logo de la empresa para garantizar el producto y para facilitar la trazabilidad de sus rodamientos. Ademas Evolmec ofrece un servicio de marcado laser [&hellip;]","og_url":"https:\/\/evolmec.com\/es\/servicios\/","og_site_name":"Evolmec","article_publisher":"https:\/\/www.facebook.com\/evolmec","article_modified_time":"2017-12-15T11:06:15+00:00","og_image":[{"width":1440,"height":1440,"url":"https:\/\/evolmec.com\/wp-content\/uploads\/2017\/08\/evolmec-cuscinetti-speciali-special-bearings-rodamientos-walzlager-italy-pavia-progettazione-collaudo.jpg","type":"image\/jpeg"}],"twitter_card":"summary_large_image","twitter_misc":{"Tiempo de lectura":"4 minutos"},"schema":{"@context":"https:\/\/schema.org","@graph":[{"@type":"WebPage","@id":"https:\/\/evolmec.com\/es\/servicios\/","url":"https:\/\/evolmec.com\/es\/servicios\/","name":"EVOLMEC - Servicios","isPartOf":{"@id":"https:\/\/evolmec.com\/#website"},"datePublished":"2017-09-11T08:29:39+00:00","dateModified":"2017-12-15T11:06:15+00:00","breadcrumb":{"@id":"https:\/\/evolmec.com\/es\/servicios\/#breadcrumb"},"inLanguage":"es","potentialAction":[{"@type":"ReadAction","target":["https:\/\/evolmec.com\/es\/servicios\/"]}]},{"@type":"BreadcrumbList","@id":"https:\/\/evolmec.com\/es\/servicios\/#breadcrumb","itemListElement":[{"@type":"ListItem","position":1,"name":"Home","item":"https:\/\/evolmec.com\/es\/"},{"@type":"ListItem","position":2,"name":"Servicios"}]},{"@type":"WebSite","@id":"https:\/\/evolmec.com\/#website","url":"https:\/\/evolmec.com\/","name":"Evolmec","description":"Evoluzione Meccanica","publisher":{"@id":"https:\/\/evolmec.com\/#organization"},"potentialAction":[{"@type":"SearchAction","target":{"@type":"EntryPoint","urlTemplate":"https:\/\/evolmec.com\/?s={search_term_string}"},"query-input":"required name=search_term_string"}],"inLanguage":"es"},{"@type":"Organization","@id":"https:\/\/evolmec.com\/#organization","name":"Evolmec S.r.l.","url":"https:\/\/evolmec.com\/","logo":{"@type":"ImageObject","inLanguage":"es","@id":"https:\/\/evolmec.com\/#\/schema\/logo\/image\/","url":"https:\/\/evolmec.com\/wp-content\/uploads\/2017\/07\/logo_registrato_medium.png","contentUrl":"https:\/\/evolmec.com\/wp-content\/uploads\/2017\/07\/logo_registrato_medium.png","width":600,"height":106,"caption":"Evolmec S.r.l."},"image":{"@id":"https:\/\/evolmec.com\/#\/schema\/logo\/image\/"},"sameAs":["https:\/\/www.facebook.com\/evolmec","https:\/\/www.instagram.com\/evolmec_bearings\/","https:\/\/www.linkedin.com\/company\/evolmec-s-r-l-\/","https:\/\/www.youtube.com\/channel\/UC8DTzvwORPq1-3PpF9Itl5w\/"]}]}},"_links":{"self":[{"href":"https:\/\/evolmec.com\/es\/wp-json\/wp\/v2\/pages\/4841"}],"collection":[{"href":"https:\/\/evolmec.com\/es\/wp-json\/wp\/v2\/pages"}],"about":[{"href":"https:\/\/evolmec.com\/es\/wp-json\/wp\/v2\/types\/page"}],"author":[{"embeddable":true,"href":"https:\/\/evolmec.com\/es\/wp-json\/wp\/v2\/users\/3"}],"replies":[{"embeddable":true,"href":"https:\/\/evolmec.com\/es\/wp-json\/wp\/v2\/comments?post=4841"}],"version-history":[{"count":3,"href":"https:\/\/evolmec.com\/es\/wp-json\/wp\/v2\/pages\/4841\/revisions"}],"predecessor-version":[{"id":5025,"href":"https:\/\/evolmec.com\/es\/wp-json\/wp\/v2\/pages\/4841\/revisions\/5025"}],"wp:attachment":[{"href":"https:\/\/evolmec.com\/es\/wp-json\/wp\/v2\/media?parent=4841"}],"curies":[{"name":"wp","href":"https:\/\/api.w.org\/{rel}","templated":true}]}}