{"id":4756,"date":"2017-09-08T09:09:17","date_gmt":"2017-09-08T08:09:17","guid":{"rendered":"http:\/\/evolmec.com\/es\/?page_id=4756"},"modified":"2018-03-27T11:00:25","modified_gmt":"2018-03-27T10:00:25","slug":"conjunto-de-ruedas","status":"publish","type":"page","link":"https:\/\/evolmec.com\/es\/conjunto-de-ruedas\/","title":{"rendered":"Conjunto de ruedas"},"content":{"rendered":"<p>[et_pb_section fb_built=\u00bb1&#8243; fullwidth=\u00bbon\u00bb admin_label=\u00bbsection\u00bb][et_pb_fullwidth_slider show_arrows=\u00bboff\u00bb show_pagination=\u00bboff\u00bb top_padding=\u00bb200px\u00bb bottom_padding=\u00bb200px\u00bb admin_label=\u00bbSlider a Larghezza Piena\u00bb][et_pb_slide background_image=\u00bbhttp:\/\/evolmec.com\/wp-content\/uploads\/2017\/08\/intestazione-gruppi-ruota-evolmec-track-rollers-bearing-bearings-cuscinetti-privincia-pavia-italia.jpg\u00bb use_bg_overlay=\u00bboff\u00bb use_text_overlay=\u00bboff\u00bb][\/et_pb_slide][\/et_pb_fullwidth_slider][\/et_pb_section][et_pb_section fb_built=\u00bb1&#8243; admin_label=\u00bbsection\u00bb][et_pb_row custom_padding=\u00bb0px|||\u00bb admin_label=\u00bbrow\u00bb][et_pb_column type=\u00bb4_4&#8243; parallax=\u00bboff\u00bb parallax_method=\u00bbon\u00bb][et_pb_text admin_label=\u00bbTesto\u00bb]<\/p>\n<h1 style=\"text-align: center;\">CONJUNTO DE RUEDAS<\/h1>\n<p class=\"et-fb-mce-line-break-holder\" style=\"text-align: justify;\">\n<p style=\"text-align: justify;\">La caracter\u00edstica principal de esta serie de rodillos es el <strong>espesor mayor del anillo exterior<\/strong>, adecuado para luego soportar las altas presiones y perturbaciones espec\u00edficas que se derivan de la utilizaci\u00f3n de estos rodamientos como rodillos de presi\u00f3n, los seguidores de leva, rodillos para transportadores, rodamientos para montantes de carretillas elevadoras y transporte de bobinas.<\/p>\n<p>[\/et_pb_text][\/et_pb_column][\/et_pb_row][et_pb_row admin_label=\u00bbrow\u00bb][et_pb_column type=\u00bb1_2&#8243; parallax=\u00bboff\u00bb parallax_method=\u00bbon\u00bb][et_pb_text admin_label=\u00bbTesto\u00bb]<\/p>\n<h2 style=\"text-align: center;\">CARACTER\u00cdSTICAS T\u00c9CNICAS<\/h2>\n<p>[\/et_pb_text][et_pb_blurb title=\u00bbDise\u00f1os disponibles\u00bb use_icon=\u00bbon\u00bb font_icon=\u00bb%%45%%\u00bb icon_color=\u00bb#545454&#8243; icon_placement=\u00bbleft\u00bb admin_label=\u00bbBlurb\u00bb]<\/p>\n<p style=\"text-align: justify;\"><span>Rodamientos de rodillos cil\u00edndricos y versiones especiales<\/span><\/p>\n<p>[\/et_pb_blurb][et_pb_blurb title=\u00bbPrecisi\u00f3n dimensional\u00bb use_icon=\u00bbon\u00bb font_icon=\u00bb%%20%%\u00bb icon_color=\u00bb#545454&#8243; icon_placement=\u00bbleft\u00bb admin_label=\u00bbBlurb\u00bb]<\/p>\n<p style=\"text-align: justify;\"><span>P0\u2026.P6 (seg\u00fan DIN 620)<\/span><\/p>\n<p>[\/et_pb_blurb][et_pb_blurb title=\u00bbPrecisi\u00f3n de giro\u00bb use_icon=\u00bbon\u00bb font_icon=\u00bb%%20%%\u00bb icon_color=\u00bb#545454&#8243; icon_placement=\u00bbleft\u00bb admin_label=\u00bbBlurb\u00bb]<\/p>\n<p style=\"text-align: justify;\"><span>P0\u2026.P6 (seg\u00fan DIN 620) para el uso en ambientes con altas temperaturas.<\/span><br \/>\n<span>Tratamiento t\u00e9rmico adecuado para asegurar el uso en ambientes con altas temperaturas.<\/span><br \/>\n<span>Protecciones y laberintos dise\u00f1ados para ambientes con fuerte presencia de impurezas grasos y lubricantes especiales para altas temperaturas<\/span><\/p>\n<p>[\/et_pb_blurb][et_pb_blurb title=\u00bbMaterial de los anillos\u00bb use_icon=\u00bbon\u00bb font_icon=\u00bb%%20%%\u00bb icon_color=\u00bb#545454&#8243; icon_placement=\u00bbleft\u00bb admin_label=\u00bbBlurb\u00bb]<\/p>\n<p style=\"text-align: justify;\"><span>100Cr6 (UNI 3097 \u2013 WNr. 1.3505) \/ 100CrMo7 (UNI 3097 \u2013 WNr. 1.3537) \/ 20CrMo \/ 20CrMnTi<\/span><\/p>\n<p>[\/et_pb_blurb][et_pb_blurb title=\u00bbDureza superficial\u00bb use_icon=\u00bbon\u00bb font_icon=\u00bb%%20%%\u00bb icon_color=\u00bb#545454&#8243; icon_placement=\u00bbleft\u00bb admin_label=\u00bbBlurb\u00bb]<\/p>\n<p style=\"text-align: justify;\"><span>58 \/ 64 HRc<\/span><\/p>\n<p style=\"text-align: justify;\"><span>Para m\u00e1s informaci\u00f3n, por favor consulte nuestra Oficina T\u00e9cnica<\/span><\/p>\n<p>[\/et_pb_blurb][\/et_pb_column][et_pb_column type=\u00bb1_2&#8243; parallax=\u00bboff\u00bb parallax_method=\u00bbon\u00bb][et_pb_gallery gallery_ids=\u00bb4270,4271,4269&#8243; fullwidth=\u00bbon\u00bb admin_label=\u00bbGalleria\u00bb auto=\u00bbon\u00bb auto_speed=\u00bb5000&#8243;][\/et_pb_gallery][et_pb_tabs admin_label=\u00bbScheda\u00bb][et_pb_tab title=\u00bbCaracter\u00edsticas generales\u00bb tab_font=\u00bb||||\u00bb tab_line_height=\u00bb2em\u00bb tab_line_height_tablet=\u00bb2em\u00bb tab_line_height_phone=\u00bb2em\u00bb body_font=\u00bb||||\u00bb body_line_height=\u00bb2em\u00bb body_line_height_tablet=\u00bb2em\u00bb body_line_height_phone=\u00bb2em\u00bb]<\/p>\n<p>Dise\u00f1ado y probado internamente (Italia), construido en externalizacion (Italia \/ Europa)<\/p>\n<p>Abastecimiento de materiales: Italia \/ Europa<\/p>\n<p>[\/et_pb_tab][et_pb_tab title=\u00bbAplicaciones\u00bb tab_font=\u00bb||||\u00bb tab_line_height=\u00bb2em\u00bb tab_line_height_tablet=\u00bb2em\u00bb tab_line_height_phone=\u00bb2em\u00bb body_font=\u00bb||||\u00bb body_line_height=\u00bb2em\u00bb body_line_height_tablet=\u00bb2em\u00bb body_line_height_phone=\u00bb2em\u00bb]<\/p>\n<p><span>Altos hornos, hornos y cemento<\/span><\/p>\n<p>[\/et_pb_tab][\/et_pb_tabs][\/et_pb_column][\/et_pb_row][\/et_pb_section]<\/p>\n","protected":false},"excerpt":{"rendered":"<p>CONJUNTO DE RUEDAS La caracter\u00edstica principal de esta serie de rodillos es el espesor mayor del anillo exterior, adecuado para luego soportar las altas presiones y perturbaciones espec\u00edficas que se derivan de la utilizaci\u00f3n de estos rodamientos como rodillos de presi\u00f3n, los seguidores de leva, rodillos para transportadores, rodamientos para montantes de carretillas elevadoras y [&hellip;]<\/p>\n","protected":false},"author":3,"featured_media":0,"parent":0,"menu_order":0,"comment_status":"closed","ping_status":"closed","template":"","meta":{"_et_pb_use_builder":"on","_et_pb_old_content":"","_et_gb_content_width":"","footnotes":""},"yoast_head":"<!-- This site is optimized with the Yoast SEO plugin v22.0 - https:\/\/yoast.com\/wordpress\/plugins\/seo\/ -->\n<title>Conjunto de ruedas - Ruedas de apoyo - EVOLMEC<\/title>\n<meta name=\"description\" content=\"CONJUNTO DE RUEDAS - La caracter\u00edstica principal de esta serie de rodillos es el espesor mayor del anillo exterior, adecuado para luego soportar las...\" \/>\n<meta name=\"robots\" content=\"index, follow, max-snippet:-1, max-image-preview:large, max-video-preview:-1\" \/>\n<link rel=\"canonical\" href=\"https:\/\/evolmec.com\/es\/conjunto-de-ruedas\/\" \/>\n<meta property=\"og:locale\" content=\"es_ES\" \/>\n<meta property=\"og:type\" content=\"article\" \/>\n<meta property=\"og:title\" content=\"Conjunto de ruedas - Ruedas de apoyo - EVOLMEC\" \/>\n<meta property=\"og:description\" content=\"CONJUNTO DE RUEDAS - La caracter\u00edstica principal de esta serie de rodillos es el espesor mayor del anillo exterior, adecuado para luego soportar las...\" \/>\n<meta property=\"og:url\" content=\"https:\/\/evolmec.com\/es\/conjunto-de-ruedas\/\" \/>\n<meta property=\"og:site_name\" content=\"Evolmec\" \/>\n<meta property=\"article:publisher\" content=\"https:\/\/www.facebook.com\/evolmec\" \/>\n<meta property=\"article:modified_time\" content=\"2018-03-27T10:00:25+00:00\" \/>\n<meta property=\"og:image\" content=\"https:\/\/evolmec.com\/wp-content\/uploads\/2017\/08\/evolmec-cuscinetti-speciali-special-bearings-rodamientos-walzlager-italy-pavia-progettazione-collaudo.jpg\" \/>\n\t<meta property=\"og:image:width\" content=\"1440\" \/>\n\t<meta property=\"og:image:height\" content=\"1440\" \/>\n\t<meta property=\"og:image:type\" content=\"image\/jpeg\" \/>\n<meta name=\"twitter:card\" content=\"summary_large_image\" \/>\n<meta name=\"twitter:label1\" content=\"Tiempo de lectura\" \/>\n\t<meta name=\"twitter:data1\" content=\"3 minutos\" \/>\n<script type=\"application\/ld+json\" class=\"yoast-schema-graph\">{\"@context\":\"https:\/\/schema.org\",\"@graph\":[{\"@type\":\"WebPage\",\"@id\":\"https:\/\/evolmec.com\/es\/conjunto-de-ruedas\/\",\"url\":\"https:\/\/evolmec.com\/es\/conjunto-de-ruedas\/\",\"name\":\"Conjunto de ruedas - Ruedas de apoyo - EVOLMEC\",\"isPartOf\":{\"@id\":\"https:\/\/evolmec.com\/#website\"},\"datePublished\":\"2017-09-08T08:09:17+00:00\",\"dateModified\":\"2018-03-27T10:00:25+00:00\",\"description\":\"CONJUNTO DE RUEDAS - La caracter\u00edstica principal de esta serie de rodillos es el espesor mayor del anillo exterior, adecuado para luego soportar las...\",\"breadcrumb\":{\"@id\":\"https:\/\/evolmec.com\/es\/conjunto-de-ruedas\/#breadcrumb\"},\"inLanguage\":\"es\",\"potentialAction\":[{\"@type\":\"ReadAction\",\"target\":[\"https:\/\/evolmec.com\/es\/conjunto-de-ruedas\/\"]}]},{\"@type\":\"BreadcrumbList\",\"@id\":\"https:\/\/evolmec.com\/es\/conjunto-de-ruedas\/#breadcrumb\",\"itemListElement\":[{\"@type\":\"ListItem\",\"position\":1,\"name\":\"Home\",\"item\":\"https:\/\/evolmec.com\/es\/\"},{\"@type\":\"ListItem\",\"position\":2,\"name\":\"Conjunto de ruedas\"}]},{\"@type\":\"WebSite\",\"@id\":\"https:\/\/evolmec.com\/#website\",\"url\":\"https:\/\/evolmec.com\/\",\"name\":\"Evolmec\",\"description\":\"Evoluzione Meccanica\",\"publisher\":{\"@id\":\"https:\/\/evolmec.com\/#organization\"},\"potentialAction\":[{\"@type\":\"SearchAction\",\"target\":{\"@type\":\"EntryPoint\",\"urlTemplate\":\"https:\/\/evolmec.com\/?s={search_term_string}\"},\"query-input\":\"required name=search_term_string\"}],\"inLanguage\":\"es\"},{\"@type\":\"Organization\",\"@id\":\"https:\/\/evolmec.com\/#organization\",\"name\":\"Evolmec S.r.l.\",\"url\":\"https:\/\/evolmec.com\/\",\"logo\":{\"@type\":\"ImageObject\",\"inLanguage\":\"es\",\"@id\":\"https:\/\/evolmec.com\/#\/schema\/logo\/image\/\",\"url\":\"https:\/\/evolmec.com\/wp-content\/uploads\/2017\/07\/logo_registrato_medium.png\",\"contentUrl\":\"https:\/\/evolmec.com\/wp-content\/uploads\/2017\/07\/logo_registrato_medium.png\",\"width\":600,\"height\":106,\"caption\":\"Evolmec S.r.l.\"},\"image\":{\"@id\":\"https:\/\/evolmec.com\/#\/schema\/logo\/image\/\"},\"sameAs\":[\"https:\/\/www.facebook.com\/evolmec\",\"https:\/\/www.instagram.com\/evolmec_bearings\/\",\"https:\/\/www.linkedin.com\/company\/evolmec-s-r-l-\/\",\"https:\/\/www.youtube.com\/channel\/UC8DTzvwORPq1-3PpF9Itl5w\/\"]}]}<\/script>\n<!-- \/ Yoast SEO plugin. -->","yoast_head_json":{"title":"Conjunto de ruedas - Ruedas de apoyo - EVOLMEC","description":"CONJUNTO DE RUEDAS - La caracter\u00edstica principal de esta serie de rodillos es el espesor mayor del anillo exterior, adecuado para luego soportar las...","robots":{"index":"index","follow":"follow","max-snippet":"max-snippet:-1","max-image-preview":"max-image-preview:large","max-video-preview":"max-video-preview:-1"},"canonical":"https:\/\/evolmec.com\/es\/conjunto-de-ruedas\/","og_locale":"es_ES","og_type":"article","og_title":"Conjunto de ruedas - Ruedas de apoyo - EVOLMEC","og_description":"CONJUNTO DE RUEDAS - La caracter\u00edstica principal de esta serie de rodillos es el espesor mayor del anillo exterior, adecuado para luego soportar las...","og_url":"https:\/\/evolmec.com\/es\/conjunto-de-ruedas\/","og_site_name":"Evolmec","article_publisher":"https:\/\/www.facebook.com\/evolmec","article_modified_time":"2018-03-27T10:00:25+00:00","og_image":[{"width":1440,"height":1440,"url":"https:\/\/evolmec.com\/wp-content\/uploads\/2017\/08\/evolmec-cuscinetti-speciali-special-bearings-rodamientos-walzlager-italy-pavia-progettazione-collaudo.jpg","type":"image\/jpeg"}],"twitter_card":"summary_large_image","twitter_misc":{"Tiempo de lectura":"3 minutos"},"schema":{"@context":"https:\/\/schema.org","@graph":[{"@type":"WebPage","@id":"https:\/\/evolmec.com\/es\/conjunto-de-ruedas\/","url":"https:\/\/evolmec.com\/es\/conjunto-de-ruedas\/","name":"Conjunto de ruedas - Ruedas de apoyo - EVOLMEC","isPartOf":{"@id":"https:\/\/evolmec.com\/#website"},"datePublished":"2017-09-08T08:09:17+00:00","dateModified":"2018-03-27T10:00:25+00:00","description":"CONJUNTO DE RUEDAS - La caracter\u00edstica principal de esta serie de rodillos es el espesor mayor del anillo exterior, adecuado para luego soportar las...","breadcrumb":{"@id":"https:\/\/evolmec.com\/es\/conjunto-de-ruedas\/#breadcrumb"},"inLanguage":"es","potentialAction":[{"@type":"ReadAction","target":["https:\/\/evolmec.com\/es\/conjunto-de-ruedas\/"]}]},{"@type":"BreadcrumbList","@id":"https:\/\/evolmec.com\/es\/conjunto-de-ruedas\/#breadcrumb","itemListElement":[{"@type":"ListItem","position":1,"name":"Home","item":"https:\/\/evolmec.com\/es\/"},{"@type":"ListItem","position":2,"name":"Conjunto de ruedas"}]},{"@type":"WebSite","@id":"https:\/\/evolmec.com\/#website","url":"https:\/\/evolmec.com\/","name":"Evolmec","description":"Evoluzione Meccanica","publisher":{"@id":"https:\/\/evolmec.com\/#organization"},"potentialAction":[{"@type":"SearchAction","target":{"@type":"EntryPoint","urlTemplate":"https:\/\/evolmec.com\/?s={search_term_string}"},"query-input":"required name=search_term_string"}],"inLanguage":"es"},{"@type":"Organization","@id":"https:\/\/evolmec.com\/#organization","name":"Evolmec S.r.l.","url":"https:\/\/evolmec.com\/","logo":{"@type":"ImageObject","inLanguage":"es","@id":"https:\/\/evolmec.com\/#\/schema\/logo\/image\/","url":"https:\/\/evolmec.com\/wp-content\/uploads\/2017\/07\/logo_registrato_medium.png","contentUrl":"https:\/\/evolmec.com\/wp-content\/uploads\/2017\/07\/logo_registrato_medium.png","width":600,"height":106,"caption":"Evolmec S.r.l."},"image":{"@id":"https:\/\/evolmec.com\/#\/schema\/logo\/image\/"},"sameAs":["https:\/\/www.facebook.com\/evolmec","https:\/\/www.instagram.com\/evolmec_bearings\/","https:\/\/www.linkedin.com\/company\/evolmec-s-r-l-\/","https:\/\/www.youtube.com\/channel\/UC8DTzvwORPq1-3PpF9Itl5w\/"]}]}},"_links":{"self":[{"href":"https:\/\/evolmec.com\/es\/wp-json\/wp\/v2\/pages\/4756"}],"collection":[{"href":"https:\/\/evolmec.com\/es\/wp-json\/wp\/v2\/pages"}],"about":[{"href":"https:\/\/evolmec.com\/es\/wp-json\/wp\/v2\/types\/page"}],"author":[{"embeddable":true,"href":"https:\/\/evolmec.com\/es\/wp-json\/wp\/v2\/users\/3"}],"replies":[{"embeddable":true,"href":"https:\/\/evolmec.com\/es\/wp-json\/wp\/v2\/comments?post=4756"}],"version-history":[{"count":3,"href":"https:\/\/evolmec.com\/es\/wp-json\/wp\/v2\/pages\/4756\/revisions"}],"predecessor-version":[{"id":5316,"href":"https:\/\/evolmec.com\/es\/wp-json\/wp\/v2\/pages\/4756\/revisions\/5316"}],"wp:attachment":[{"href":"https:\/\/evolmec.com\/es\/wp-json\/wp\/v2\/media?parent=4756"}],"curies":[{"name":"wp","href":"https:\/\/api.w.org\/{rel}","templated":true}]}}