{"id":4746,"date":"2017-09-07T10:28:10","date_gmt":"2017-09-07T09:28:10","guid":{"rendered":"http:\/\/evolmec.com\/es\/?page_id=4746"},"modified":"2020-03-02T12:25:14","modified_gmt":"2020-03-02T10:25:14","slug":"rodamientos-estandar-y-especiales","status":"publish","type":"page","link":"https:\/\/evolmec.com\/es\/rodamientos-estandar-y-especiales\/","title":{"rendered":"Rodamientos est\u00e1ndar y especiales"},"content":{"rendered":"<p>[et_pb_section fb_built=\u00bb1&#8243; fullwidth=\u00bbon\u00bb admin_label=\u00bbsection\u00bb _builder_version=\u00bb3.22&#8243; fb_built=\u00bb1&#8243; _i=\u00bb0&#8243; _address=\u00bb0&#8243;][et_pb_fullwidth_slider show_arrows=\u00bboff\u00bb show_pagination=\u00bboff\u00bb admin_label=\u00bbSlider a Larghezza Piena\u00bb _builder_version=\u00bb3.27.4&#8243; box_shadow_style=\u00bbpreset6&#8243; box_shadow_blur=\u00bb10px\u00bb box_shadow_color=\u00bbrgba(0,0,0,0.1)\u00bb custom_padding=\u00bb200px||200px|\u00bb custom_padding_tablet=\u00bb|||\u00bb custom_padding_phone=\u00bb|||\u00bb hover_enabled=\u00bb0&#8243; top_padding=\u00bb200px\u00bb bottom_padding=\u00bb200px\u00bb show_inner_shadow=\u00bbon\u00bb _i=\u00bb0&#8243; _address=\u00bb0.0&#8243; button_text_size__hover_enabled=\u00bboff\u00bb button_one_text_size__hover_enabled=\u00bboff\u00bb button_two_text_size__hover_enabled=\u00bboff\u00bb button_text_color__hover_enabled=\u00bboff\u00bb button_one_text_color__hover_enabled=\u00bboff\u00bb button_two_text_color__hover_enabled=\u00bboff\u00bb button_border_width__hover_enabled=\u00bboff\u00bb button_one_border_width__hover_enabled=\u00bboff\u00bb button_two_border_width__hover_enabled=\u00bboff\u00bb button_border_color__hover_enabled=\u00bboff\u00bb button_one_border_color__hover_enabled=\u00bboff\u00bb button_two_border_color__hover_enabled=\u00bboff\u00bb button_border_radius__hover_enabled=\u00bboff\u00bb button_one_border_radius__hover_enabled=\u00bboff\u00bb button_two_border_radius__hover_enabled=\u00bboff\u00bb button_letter_spacing__hover_enabled=\u00bboff\u00bb button_one_letter_spacing__hover_enabled=\u00bboff\u00bb button_two_letter_spacing__hover_enabled=\u00bboff\u00bb button_bg_color__hover_enabled=\u00bboff\u00bb button_one_bg_color__hover_enabled=\u00bboff\u00bb button_two_bg_color__hover_enabled=\u00bboff\u00bb][et_pb_slide use_bg_overlay=\u00bboff\u00bb use_text_overlay=\u00bboff\u00bb _builder_version=\u00bb3.27.4&#8243; header_font=\u00bb||||\u00bb body_font=\u00bb||||\u00bb background_color=\u00bb#ffffff\u00bb background_image=\u00bbhttp:\/\/evolmec.com\/wp-content\/uploads\/2020\/03\/intestazione-cuscinetti-standard-speciali-medie-grandi-dimensioni-cuscinetti-volventi-pavia-italia.jpg\u00bb background_enable_image=\u00bbon\u00bb button_icon_placement=\u00bbright\u00bb button_on_hover=\u00bbon\u00bb hover_enabled=\u00bb0&#8243; _i=\u00bb0&#8243; _address=\u00bb0.0.0&#8243; button_text_size__hover_enabled=\u00bboff\u00bb button_one_text_size__hover_enabled=\u00bboff\u00bb button_two_text_size__hover_enabled=\u00bboff\u00bb button_text_color__hover_enabled=\u00bboff\u00bb button_one_text_color__hover_enabled=\u00bboff\u00bb button_two_text_color__hover_enabled=\u00bboff\u00bb button_border_width__hover_enabled=\u00bboff\u00bb button_one_border_width__hover_enabled=\u00bboff\u00bb button_two_border_width__hover_enabled=\u00bboff\u00bb button_border_color__hover_enabled=\u00bboff\u00bb button_one_border_color__hover_enabled=\u00bboff\u00bb button_two_border_color__hover_enabled=\u00bboff\u00bb button_border_radius__hover_enabled=\u00bboff\u00bb button_one_border_radius__hover_enabled=\u00bboff\u00bb button_two_border_radius__hover_enabled=\u00bboff\u00bb button_letter_spacing__hover_enabled=\u00bboff\u00bb button_one_letter_spacing__hover_enabled=\u00bboff\u00bb button_two_letter_spacing__hover_enabled=\u00bboff\u00bb button_bg_color__hover_enabled=\u00bboff\u00bb button_one_bg_color__hover_enabled=\u00bboff\u00bb button_two_bg_color__hover_enabled=\u00bboff\u00bb][\/et_pb_slide][\/et_pb_fullwidth_slider][\/et_pb_section][et_pb_section fb_built=\u00bb1&#8243; admin_label=\u00bbsection\u00bb _builder_version=\u00bb3.22&#8243; fb_built=\u00bb1&#8243; _i=\u00bb1&#8243; _address=\u00bb1&#8243;][et_pb_row admin_label=\u00bbrow\u00bb _builder_version=\u00bb3.25&#8243; background_size=\u00bbinitial\u00bb background_position=\u00bbtop_left\u00bb background_repeat=\u00bbrepeat\u00bb custom_padding=\u00bb0px|||\u00bb _i=\u00bb0&#8243; _address=\u00bb1.0&#8243;][et_pb_column type=\u00bb4_4&#8243; _builder_version=\u00bb3.25&#8243; custom_padding=\u00bb|||\u00bb _i=\u00bb0&#8243; _address=\u00bb1.0.0&#8243; custom_padding__hover=\u00bb|||\u00bb][et_pb_text admin_label=\u00bbTesto\u00bb _builder_version=\u00bb3.27.4&#8243; background_size=\u00bbinitial\u00bb background_position=\u00bbtop_left\u00bb background_repeat=\u00bbrepeat\u00bb _i=\u00bb0&#8243; _address=\u00bb1.0.0.0&#8243;]<\/p>\n<h1 style=\"text-align: center;\">RODAMIENTOS EST\u00c1NDAR Y ESPECIALES<\/h1>\n<p style=\"text-align: justify;\" class=\"et-fb-mce-line-break-holder\"><span><\/span><\/p>\n<p style=\"text-align: justify;\">Los <strong>rodamientos<\/strong> est\u00e1n disponibles en muchas formas y variedades, cada uno con sus caracter\u00edsticas espec\u00edficas. Las dimensiones y la configuraci\u00f3n de los rodamientos est\u00e1ndar globales est\u00e1n definidos por las normas internacionales: esto permite una f\u00e1cil accesibilidad y capacidad de intercambio de los propios rodamientos. Por lo tanto, en el dise\u00f1o de una m\u00e1quina, es preferible, cuando sea posible, la adopci\u00f3n de rodamientos est\u00e1ndar. <strong>EVOLMEC<\/strong>, seg\u00fan el tipo de maquinaria y el tipo de aplicaci\u00f3n o funci\u00f3n, puede proporcionar rodamientos\u00a0<strong>en ejecuci\u00f3n est\u00e1ndar y \/ o dise\u00f1o especial<\/strong> espec\u00edfico para una aplicaci\u00f3n dada.<\/p>\n<p>[\/et_pb_text][\/et_pb_column][\/et_pb_row][et_pb_row column_structure=\u00bb1_2,1_2&#8243; admin_label=\u00bbrow\u00bb _builder_version=\u00bb3.25&#8243; background_size=\u00bbinitial\u00bb background_position=\u00bbtop_left\u00bb background_repeat=\u00bbrepeat\u00bb _i=\u00bb1&#8243; _address=\u00bb1.1&#8243;][et_pb_column type=\u00bb1_2&#8243; _builder_version=\u00bb3.25&#8243; custom_padding=\u00bb|||\u00bb _i=\u00bb0&#8243; _address=\u00bb1.1.0&#8243; custom_padding__hover=\u00bb|||\u00bb][et_pb_text admin_label=\u00bbTesto\u00bb _builder_version=\u00bb3.27.4&#8243; background_size=\u00bbinitial\u00bb background_position=\u00bbtop_left\u00bb background_repeat=\u00bbrepeat\u00bb _i=\u00bb0&#8243; _address=\u00bb1.1.0.0&#8243;]<\/p>\n<h2 style=\"text-align: center;\">CARACTER\u00cdSTICAS T\u00c9CNICAS<\/h2>\n<p>[\/et_pb_text][et_pb_blurb title=\u00bbDise\u00f1os disponibles\u00bb use_icon=\u00bbon\u00bb font_icon=\u00bb%%45%%\u00bb icon_color=\u00bb#545454&#8243; icon_placement=\u00bbleft\u00bb admin_label=\u00bbBlurb\u00bb _builder_version=\u00bb3.0.74&#8243; background_size=\u00bbinitial\u00bb background_position=\u00bbtop_left\u00bb background_repeat=\u00bbrepeat\u00bb _i=\u00bb1&#8243; _address=\u00bb1.1.0.1&#8243;]<\/p>\n<p style=\"text-align: justify;\">Rodamientos rigidos de bolas, rodamientos de bolas con contacto angular, rodamientos de rodillos cil\u00edndricos (con jaula y completamente llenos del rodillos cilindricos), rodamientos oscilantes de rodillos a rotula, rodamientos rigidos de rodillos c\u00f3nicos, rodamientos axiales de bolas, rodamientos axiales de rodillos cilindricos, rodamientos axiales de rodillos c\u00f3nicos (corona simple y doble).<\/p>\n<p>[\/et_pb_blurb][et_pb_blurb title=\u00bbPrecisi\u00f3n dimensional\u00bb use_icon=\u00bbon\u00bb font_icon=\u00bb%%20%%\u00bb icon_color=\u00bb#545454&#8243; icon_placement=\u00bbleft\u00bb admin_label=\u00bbBlurb\u00bb _builder_version=\u00bb3.0.74&#8243; background_size=\u00bbinitial\u00bb background_position=\u00bbtop_left\u00bb background_repeat=\u00bbrepeat\u00bb _i=\u00bb2&#8243; _address=\u00bb1.1.0.2&#8243;]P0&#8230;P4A (seg\u00fan DIN 620)<br \/>\n[\/et_pb_blurb][et_pb_blurb title=\u00bbPrecisi\u00f3n de giro\u00bb use_icon=\u00bbon\u00bb font_icon=\u00bb%%20%%\u00bb icon_color=\u00bb#545454&#8243; icon_placement=\u00bbleft\u00bb admin_label=\u00bbBlurb\u00bb _builder_version=\u00bb3.0.74&#8243; background_size=\u00bbinitial\u00bb background_position=\u00bbtop_left\u00bb background_repeat=\u00bbrepeat\u00bb _i=\u00bb3&#8243; _address=\u00bb1.1.0.3&#8243;]<\/p>\n<p style=\"text-align: justify;\">P0&#8230;P4A (seg\u00fan DIN 620) Precarga y juego estandar segun dibujos (excepto para las peticiones especiales del cliente)<\/p>\n<p>[\/et_pb_blurb][et_pb_blurb title=\u00bbMaterial de los anillos\u00bb use_icon=\u00bbon\u00bb font_icon=\u00bb%%20%%\u00bb icon_color=\u00bb#545454&#8243; icon_placement=\u00bbleft\u00bb admin_label=\u00bbBlurb\u00bb _builder_version=\u00bb3.0.74&#8243; background_size=\u00bbinitial\u00bb background_position=\u00bbtop_left\u00bb background_repeat=\u00bbrepeat\u00bb _i=\u00bb4&#8243; _address=\u00bb1.1.0.4&#8243;]<\/p>\n<p style=\"text-align: justify;\">100Cr6 (UNI 3097 \u2013 WNr. 1.3505) \/ 100CrMo7 (UNI 3097 \u2013 WNr. 1.3537) \/ 20CrMo \/ 20CrMnTi<\/p>\n<p>[\/et_pb_blurb][et_pb_blurb title=\u00bbDureza superficial\u00bb use_icon=\u00bbon\u00bb font_icon=\u00bb%%20%%\u00bb icon_color=\u00bb#545454&#8243; icon_placement=\u00bbleft\u00bb admin_label=\u00bbBlurb\u00bb _builder_version=\u00bb3.0.74&#8243; background_size=\u00bbinitial\u00bb background_position=\u00bbtop_left\u00bb background_repeat=\u00bbrepeat\u00bb _i=\u00bb5&#8243; _address=\u00bb1.1.0.5&#8243;]58 \/ 64 HRc<br \/>\n[\/et_pb_blurb][\/et_pb_column][et_pb_column type=\u00bb1_2&#8243; _builder_version=\u00bb3.25&#8243; custom_padding=\u00bb|||\u00bb _i=\u00bb1&#8243; _address=\u00bb1.1.1&#8243; custom_padding__hover=\u00bb|||\u00bb][et_pb_gallery gallery_ids=\u00bb5396,5397,5398,4861,4253,5028,4257,5027,5029,5030,4975,5399&#8243; fullwidth=\u00bbon\u00bb admin_label=\u00bbGalleria\u00bb _builder_version=\u00bb3.0.47&#8243; auto=\u00bbon\u00bb auto_speed=\u00bb5000&#8243; _i=\u00bb0&#8243; _address=\u00bb1.1.1.0&#8243;][\/et_pb_gallery][et_pb_tabs admin_label=\u00bbScheda\u00bb _builder_version=\u00bb3.0.48&#8243; background_size=\u00bbinitial\u00bb background_position=\u00bbtop_left\u00bb background_repeat=\u00bbrepeat\u00bb _i=\u00bb1&#8243; _address=\u00bb1.1.1.1&#8243;][et_pb_tab title=\u00bbEjecuciones especiales\u00bb _builder_version=\u00bb3.0.48&#8243; body_font=\u00bb||||\u00bb body_line_height=\u00bb2em\u00bb tab_font=\u00bb||||\u00bb tab_line_height=\u00bb2em\u00bb background_size=\u00bbinitial\u00bb background_position=\u00bbtop_left\u00bb background_repeat=\u00bbrepeat\u00bb body_line_height_tablet=\u00bb2em\u00bb body_line_height_phone=\u00bb2em\u00bb tab_line_height_tablet=\u00bb2em\u00bb tab_line_height_phone=\u00bb2em\u00bb _i=\u00bb0&#8243; _address=\u00bb1.1.1.1.0&#8243;]<\/p>\n<p>Bajo demanda.<br \/>\nPara mas informaciones contacte nuestra oficina tecnica.<\/p>\n<p>[\/et_pb_tab][et_pb_tab title=\u00bbCaracter\u00edsticas generales\u00bb _builder_version=\u00bb3.0.48&#8243; body_font=\u00bb||||\u00bb body_line_height=\u00bb2em\u00bb tab_font=\u00bb||||\u00bb tab_line_height=\u00bb2em\u00bb background_size=\u00bbinitial\u00bb background_position=\u00bbtop_left\u00bb background_repeat=\u00bbrepeat\u00bb body_line_height_tablet=\u00bb2em\u00bb body_line_height_phone=\u00bb2em\u00bb tab_line_height_tablet=\u00bb2em\u00bb tab_line_height_phone=\u00bb2em\u00bb _i=\u00bb1&#8243; _address=\u00bb1.1.1.1.1&#8243;]<\/p>\n<p>Dise\u00f1ado y probado internamente (Italia), construido en externalizacion (Italia \/ Europa)<\/p>\n<p>Abastecimiento de materiales: Italia \/ Europa<\/p>\n<p>[\/et_pb_tab][\/et_pb_tabs][\/et_pb_column][\/et_pb_row][\/et_pb_section]<\/p>\n","protected":false},"excerpt":{"rendered":"<p>RODAMIENTOS EST\u00c1NDAR Y ESPECIALES Los rodamientos est\u00e1n disponibles en muchas formas y variedades, cada uno con sus caracter\u00edsticas espec\u00edficas. Las dimensiones y la configuraci\u00f3n de los rodamientos est\u00e1ndar globales est\u00e1n definidos por las normas internacionales: esto permite una f\u00e1cil accesibilidad y capacidad de intercambio de los propios rodamientos. Por lo tanto, en el dise\u00f1o de [&hellip;]<\/p>\n","protected":false},"author":3,"featured_media":0,"parent":0,"menu_order":0,"comment_status":"closed","ping_status":"closed","template":"","meta":{"_et_pb_use_builder":"on","_et_pb_old_content":"","_et_gb_content_width":"","footnotes":""},"yoast_head":"<!-- This site is optimized with the Yoast SEO plugin v22.0 - https:\/\/yoast.com\/wordpress\/plugins\/seo\/ -->\n<title>EVOLMEC S.r.l. - Rodamientos est\u00e1ndar y especiales<\/title>\n<meta name=\"description\" content=\"RODAMIENTOS EST\u00c1NDAR Y ESPECIALES - Los rodamientos est\u00e1n disponibles en muchas formas y variedades, cada uno con sus caracter\u00edsticas espec\u00edficas...\" \/>\n<meta name=\"robots\" content=\"index, follow, max-snippet:-1, max-image-preview:large, max-video-preview:-1\" \/>\n<link rel=\"canonical\" href=\"https:\/\/evolmec.com\/es\/rodamientos-estandar-y-especiales\/\" \/>\n<meta property=\"og:locale\" content=\"es_ES\" \/>\n<meta property=\"og:type\" content=\"article\" \/>\n<meta property=\"og:title\" content=\"EVOLMEC S.r.l. - Rodamientos est\u00e1ndar y especiales\" \/>\n<meta property=\"og:description\" content=\"RODAMIENTOS EST\u00c1NDAR Y ESPECIALES - Los rodamientos est\u00e1n disponibles en muchas formas y variedades, cada uno con sus caracter\u00edsticas espec\u00edficas...\" \/>\n<meta property=\"og:url\" content=\"https:\/\/evolmec.com\/es\/rodamientos-estandar-y-especiales\/\" \/>\n<meta property=\"og:site_name\" content=\"Evolmec\" \/>\n<meta property=\"article:publisher\" content=\"https:\/\/www.facebook.com\/evolmec\" \/>\n<meta property=\"article:modified_time\" content=\"2020-03-02T10:25:14+00:00\" \/>\n<meta property=\"og:image\" content=\"https:\/\/evolmec.com\/wp-content\/uploads\/2017\/08\/evolmec-cuscinetti-speciali-special-bearings-rodamientos-walzlager-italy-pavia-progettazione-collaudo.jpg\" \/>\n\t<meta property=\"og:image:width\" content=\"1440\" \/>\n\t<meta property=\"og:image:height\" content=\"1440\" \/>\n\t<meta property=\"og:image:type\" content=\"image\/jpeg\" \/>\n<meta name=\"twitter:card\" content=\"summary_large_image\" \/>\n<meta name=\"twitter:label1\" content=\"Tiempo de lectura\" \/>\n\t<meta name=\"twitter:data1\" content=\"6 minutos\" \/>\n<script type=\"application\/ld+json\" class=\"yoast-schema-graph\">{\"@context\":\"https:\/\/schema.org\",\"@graph\":[{\"@type\":\"WebPage\",\"@id\":\"https:\/\/evolmec.com\/es\/rodamientos-estandar-y-especiales\/\",\"url\":\"https:\/\/evolmec.com\/es\/rodamientos-estandar-y-especiales\/\",\"name\":\"EVOLMEC S.r.l. - Rodamientos est\u00e1ndar y especiales\",\"isPartOf\":{\"@id\":\"https:\/\/evolmec.com\/#website\"},\"datePublished\":\"2017-09-07T09:28:10+00:00\",\"dateModified\":\"2020-03-02T10:25:14+00:00\",\"description\":\"RODAMIENTOS EST\u00c1NDAR Y ESPECIALES - Los rodamientos est\u00e1n disponibles en muchas formas y variedades, cada uno con sus caracter\u00edsticas espec\u00edficas...\",\"breadcrumb\":{\"@id\":\"https:\/\/evolmec.com\/es\/rodamientos-estandar-y-especiales\/#breadcrumb\"},\"inLanguage\":\"es\",\"potentialAction\":[{\"@type\":\"ReadAction\",\"target\":[\"https:\/\/evolmec.com\/es\/rodamientos-estandar-y-especiales\/\"]}]},{\"@type\":\"BreadcrumbList\",\"@id\":\"https:\/\/evolmec.com\/es\/rodamientos-estandar-y-especiales\/#breadcrumb\",\"itemListElement\":[{\"@type\":\"ListItem\",\"position\":1,\"name\":\"Home\",\"item\":\"https:\/\/evolmec.com\/es\/\"},{\"@type\":\"ListItem\",\"position\":2,\"name\":\"Rodamientos est\u00e1ndar y especiales\"}]},{\"@type\":\"WebSite\",\"@id\":\"https:\/\/evolmec.com\/#website\",\"url\":\"https:\/\/evolmec.com\/\",\"name\":\"Evolmec\",\"description\":\"Evoluzione Meccanica\",\"publisher\":{\"@id\":\"https:\/\/evolmec.com\/#organization\"},\"potentialAction\":[{\"@type\":\"SearchAction\",\"target\":{\"@type\":\"EntryPoint\",\"urlTemplate\":\"https:\/\/evolmec.com\/?s={search_term_string}\"},\"query-input\":\"required name=search_term_string\"}],\"inLanguage\":\"es\"},{\"@type\":\"Organization\",\"@id\":\"https:\/\/evolmec.com\/#organization\",\"name\":\"Evolmec S.r.l.\",\"url\":\"https:\/\/evolmec.com\/\",\"logo\":{\"@type\":\"ImageObject\",\"inLanguage\":\"es\",\"@id\":\"https:\/\/evolmec.com\/#\/schema\/logo\/image\/\",\"url\":\"https:\/\/evolmec.com\/wp-content\/uploads\/2017\/07\/logo_registrato_medium.png\",\"contentUrl\":\"https:\/\/evolmec.com\/wp-content\/uploads\/2017\/07\/logo_registrato_medium.png\",\"width\":600,\"height\":106,\"caption\":\"Evolmec S.r.l.\"},\"image\":{\"@id\":\"https:\/\/evolmec.com\/#\/schema\/logo\/image\/\"},\"sameAs\":[\"https:\/\/www.facebook.com\/evolmec\",\"https:\/\/www.instagram.com\/evolmec_bearings\/\",\"https:\/\/www.linkedin.com\/company\/evolmec-s-r-l-\/\",\"https:\/\/www.youtube.com\/channel\/UC8DTzvwORPq1-3PpF9Itl5w\/\"]}]}<\/script>\n<!-- \/ Yoast SEO plugin. -->","yoast_head_json":{"title":"EVOLMEC S.r.l. - Rodamientos est\u00e1ndar y especiales","description":"RODAMIENTOS EST\u00c1NDAR Y ESPECIALES - Los rodamientos est\u00e1n disponibles en muchas formas y variedades, cada uno con sus caracter\u00edsticas espec\u00edficas...","robots":{"index":"index","follow":"follow","max-snippet":"max-snippet:-1","max-image-preview":"max-image-preview:large","max-video-preview":"max-video-preview:-1"},"canonical":"https:\/\/evolmec.com\/es\/rodamientos-estandar-y-especiales\/","og_locale":"es_ES","og_type":"article","og_title":"EVOLMEC S.r.l. - Rodamientos est\u00e1ndar y especiales","og_description":"RODAMIENTOS EST\u00c1NDAR Y ESPECIALES - Los rodamientos est\u00e1n disponibles en muchas formas y variedades, cada uno con sus caracter\u00edsticas espec\u00edficas...","og_url":"https:\/\/evolmec.com\/es\/rodamientos-estandar-y-especiales\/","og_site_name":"Evolmec","article_publisher":"https:\/\/www.facebook.com\/evolmec","article_modified_time":"2020-03-02T10:25:14+00:00","og_image":[{"width":1440,"height":1440,"url":"https:\/\/evolmec.com\/wp-content\/uploads\/2017\/08\/evolmec-cuscinetti-speciali-special-bearings-rodamientos-walzlager-italy-pavia-progettazione-collaudo.jpg","type":"image\/jpeg"}],"twitter_card":"summary_large_image","twitter_misc":{"Tiempo de lectura":"6 minutos"},"schema":{"@context":"https:\/\/schema.org","@graph":[{"@type":"WebPage","@id":"https:\/\/evolmec.com\/es\/rodamientos-estandar-y-especiales\/","url":"https:\/\/evolmec.com\/es\/rodamientos-estandar-y-especiales\/","name":"EVOLMEC S.r.l. - Rodamientos est\u00e1ndar y especiales","isPartOf":{"@id":"https:\/\/evolmec.com\/#website"},"datePublished":"2017-09-07T09:28:10+00:00","dateModified":"2020-03-02T10:25:14+00:00","description":"RODAMIENTOS EST\u00c1NDAR Y ESPECIALES - Los rodamientos est\u00e1n disponibles en muchas formas y variedades, cada uno con sus caracter\u00edsticas espec\u00edficas...","breadcrumb":{"@id":"https:\/\/evolmec.com\/es\/rodamientos-estandar-y-especiales\/#breadcrumb"},"inLanguage":"es","potentialAction":[{"@type":"ReadAction","target":["https:\/\/evolmec.com\/es\/rodamientos-estandar-y-especiales\/"]}]},{"@type":"BreadcrumbList","@id":"https:\/\/evolmec.com\/es\/rodamientos-estandar-y-especiales\/#breadcrumb","itemListElement":[{"@type":"ListItem","position":1,"name":"Home","item":"https:\/\/evolmec.com\/es\/"},{"@type":"ListItem","position":2,"name":"Rodamientos est\u00e1ndar y especiales"}]},{"@type":"WebSite","@id":"https:\/\/evolmec.com\/#website","url":"https:\/\/evolmec.com\/","name":"Evolmec","description":"Evoluzione Meccanica","publisher":{"@id":"https:\/\/evolmec.com\/#organization"},"potentialAction":[{"@type":"SearchAction","target":{"@type":"EntryPoint","urlTemplate":"https:\/\/evolmec.com\/?s={search_term_string}"},"query-input":"required name=search_term_string"}],"inLanguage":"es"},{"@type":"Organization","@id":"https:\/\/evolmec.com\/#organization","name":"Evolmec S.r.l.","url":"https:\/\/evolmec.com\/","logo":{"@type":"ImageObject","inLanguage":"es","@id":"https:\/\/evolmec.com\/#\/schema\/logo\/image\/","url":"https:\/\/evolmec.com\/wp-content\/uploads\/2017\/07\/logo_registrato_medium.png","contentUrl":"https:\/\/evolmec.com\/wp-content\/uploads\/2017\/07\/logo_registrato_medium.png","width":600,"height":106,"caption":"Evolmec S.r.l."},"image":{"@id":"https:\/\/evolmec.com\/#\/schema\/logo\/image\/"},"sameAs":["https:\/\/www.facebook.com\/evolmec","https:\/\/www.instagram.com\/evolmec_bearings\/","https:\/\/www.linkedin.com\/company\/evolmec-s-r-l-\/","https:\/\/www.youtube.com\/channel\/UC8DTzvwORPq1-3PpF9Itl5w\/"]}]}},"_links":{"self":[{"href":"https:\/\/evolmec.com\/es\/wp-json\/wp\/v2\/pages\/4746"}],"collection":[{"href":"https:\/\/evolmec.com\/es\/wp-json\/wp\/v2\/pages"}],"about":[{"href":"https:\/\/evolmec.com\/es\/wp-json\/wp\/v2\/types\/page"}],"author":[{"embeddable":true,"href":"https:\/\/evolmec.com\/es\/wp-json\/wp\/v2\/users\/3"}],"replies":[{"embeddable":true,"href":"https:\/\/evolmec.com\/es\/wp-json\/wp\/v2\/comments?post=4746"}],"version-history":[{"count":12,"href":"https:\/\/evolmec.com\/es\/wp-json\/wp\/v2\/pages\/4746\/revisions"}],"predecessor-version":[{"id":6358,"href":"https:\/\/evolmec.com\/es\/wp-json\/wp\/v2\/pages\/4746\/revisions\/6358"}],"wp:attachment":[{"href":"https:\/\/evolmec.com\/es\/wp-json\/wp\/v2\/media?parent=4746"}],"curies":[{"name":"wp","href":"https:\/\/api.w.org\/{rel}","templated":true}]}}