{"id":4728,"date":"2017-09-07T08:47:18","date_gmt":"2017-09-07T07:47:18","guid":{"rendered":"http:\/\/evolmec.com\/es\/?page_id=4728"},"modified":"2025-04-04T17:42:04","modified_gmt":"2025-04-04T15:42:04","slug":"contactos","status":"publish","type":"page","link":"https:\/\/evolmec.com\/es\/contactos\/","title":{"rendered":"Contactos"},"content":{"rendered":"<p>[et_pb_section fb_built=\u00bb1&#8243; fullwidth=\u00bbon\u00bb admin_label=\u00bbsection\u00bb _builder_version=\u00bb4.16&#8243; global_colors_info=\u00bb{}\u00bb][et_pb_fullwidth_code admin_label=\u00bbCodice a Larghezza Intera\u00bb _builder_version=\u00bb4.16&#8243; global_colors_info=\u00bb{}\u00bb]<iframe loading=\"lazy\" src=\"https:\/\/www.google.com\/maps\/embed?pb=!1m18!1m12!1m3!1d2818.8729124387087!2d9.243697315692138!3d45.047800769151735!2m3!1f0!2f0!3f0!3m2!1i1024!2i768!4f13.1!3m3!1m2!1s0x4787323adbd6d7ef%3A0xce8ad01999416920!2sEVOLMEC%C2%AE+Srl+-+Special+Bearings!5e0!3m2!1sit!2sit!4v1501494568608\" width=\"100%\" height=\"400\" frameborder=\"0\" style=\"border:0\" allowfullscreen><\/iframe>[\/et_pb_fullwidth_code][\/et_pb_section][et_pb_section fb_built=\u00bb1&#8243; admin_label=\u00bbsection\u00bb _builder_version=\u00bb4.16&#8243; global_colors_info=\u00bb{}\u00bb][et_pb_row column_structure=\u00bb2_3,1_3&#8243; admin_label=\u00bbrow\u00bb _builder_version=\u00bb4.16&#8243; background_size=\u00bbinitial\u00bb background_position=\u00bbtop_left\u00bb background_repeat=\u00bbrepeat\u00bb global_colors_info=\u00bb{}\u00bb][et_pb_column type=\u00bb2_3&#8243; _builder_version=\u00bb4.16&#8243; custom_padding=\u00bb|||\u00bb global_colors_info=\u00bb{}\u00bb custom_padding__hover=\u00bb|||\u00bb][et_pb_contact_form email=\u00bbinfo@evolmec.com\u00bb title=\u00bbCont\u00e1ctenos\u00bb custom_message=\u00bbNome: %%name%%||et_pb_line_break_holder||Azienda: %%azienda%%||et_pb_line_break_holder||Paese: %%country%%||et_pb_line_break_holder||Indirizzo e-mail: %%email%%||et_pb_line_break_holder||Telefono: %%tel%%||et_pb_line_break_holder||||et_pb_line_break_holder||Messaggio:||et_pb_line_break_holder||%%message%%\u00bb admin_label=\u00bbModulo di contatto principale\u00bb module_id=\u00bbet_pb_contact_form_0&#8243; _builder_version=\u00bb4.16&#8243; _unique_id=\u00bbcc6492d2-214b-4049-96f4-cf1a440a1ad8&#8243; global_colors_info=\u00bb{}\u00bb][et_pb_contact_field field_id=\u00bbName\u00bb field_title=\u00bb*Nombre\u00bb fullwidth_field=\u00bbon\u00bb _builder_version=\u00bb4.16&#8243; form_field_font=\u00bb||||\u00bb use_border_color=\u00bboff\u00bb global_colors_info=\u00bb{}\u00bb button_text_size__hover_enabled=\u00bboff\u00bb button_one_text_size__hover_enabled=\u00bboff\u00bb button_two_text_size__hover_enabled=\u00bboff\u00bb button_text_color__hover_enabled=\u00bboff\u00bb button_one_text_color__hover_enabled=\u00bboff\u00bb button_two_text_color__hover_enabled=\u00bboff\u00bb button_border_width__hover_enabled=\u00bboff\u00bb button_one_border_width__hover_enabled=\u00bboff\u00bb button_two_border_width__hover_enabled=\u00bboff\u00bb button_border_color__hover_enabled=\u00bboff\u00bb button_one_border_color__hover_enabled=\u00bboff\u00bb button_two_border_color__hover_enabled=\u00bboff\u00bb button_border_radius__hover_enabled=\u00bboff\u00bb button_one_border_radius__hover_enabled=\u00bboff\u00bb button_two_border_radius__hover_enabled=\u00bboff\u00bb button_letter_spacing__hover_enabled=\u00bboff\u00bb button_one_letter_spacing__hover_enabled=\u00bboff\u00bb button_two_letter_spacing__hover_enabled=\u00bboff\u00bb button_bg_color__hover_enabled=\u00bboff\u00bb button_one_bg_color__hover_enabled=\u00bboff\u00bb button_two_bg_color__hover_enabled=\u00bboff\u00bb][\/et_pb_contact_field][et_pb_contact_field field_id=\u00bbAzienda\u00bb field_title=\u00bb*Empresa\u00bb _builder_version=\u00bb4.16&#8243; form_field_font=\u00bb||||\u00bb use_border_color=\u00bboff\u00bb global_colors_info=\u00bb{}\u00bb button_text_size__hover_enabled=\u00bboff\u00bb button_one_text_size__hover_enabled=\u00bboff\u00bb button_two_text_size__hover_enabled=\u00bboff\u00bb button_text_color__hover_enabled=\u00bboff\u00bb button_one_text_color__hover_enabled=\u00bboff\u00bb button_two_text_color__hover_enabled=\u00bboff\u00bb button_border_width__hover_enabled=\u00bboff\u00bb button_one_border_width__hover_enabled=\u00bboff\u00bb button_two_border_width__hover_enabled=\u00bboff\u00bb button_border_color__hover_enabled=\u00bboff\u00bb button_one_border_color__hover_enabled=\u00bboff\u00bb button_two_border_color__hover_enabled=\u00bboff\u00bb button_border_radius__hover_enabled=\u00bboff\u00bb button_one_border_radius__hover_enabled=\u00bboff\u00bb button_two_border_radius__hover_enabled=\u00bboff\u00bb button_letter_spacing__hover_enabled=\u00bboff\u00bb button_one_letter_spacing__hover_enabled=\u00bboff\u00bb button_two_letter_spacing__hover_enabled=\u00bboff\u00bb button_bg_color__hover_enabled=\u00bboff\u00bb button_one_bg_color__hover_enabled=\u00bboff\u00bb button_two_bg_color__hover_enabled=\u00bboff\u00bb][\/et_pb_contact_field][et_pb_contact_field field_id=\u00bbcountry\u00bb field_title=\u00bb*Pa\u00eds\u00bb _builder_version=\u00bb4.16&#8243; global_colors_info=\u00bb{}\u00bb][\/et_pb_contact_field][et_pb_contact_field field_id=\u00bbEmail\u00bb field_title=\u00bb*E-mail\u00bb field_type=\u00bbemail\u00bb _builder_version=\u00bb4.16&#8243; form_field_font=\u00bb||||\u00bb use_border_color=\u00bboff\u00bb global_colors_info=\u00bb{}\u00bb button_text_size__hover_enabled=\u00bboff\u00bb button_one_text_size__hover_enabled=\u00bboff\u00bb button_two_text_size__hover_enabled=\u00bboff\u00bb button_text_color__hover_enabled=\u00bboff\u00bb button_one_text_color__hover_enabled=\u00bboff\u00bb button_two_text_color__hover_enabled=\u00bboff\u00bb button_border_width__hover_enabled=\u00bboff\u00bb button_one_border_width__hover_enabled=\u00bboff\u00bb button_two_border_width__hover_enabled=\u00bboff\u00bb button_border_color__hover_enabled=\u00bboff\u00bb button_one_border_color__hover_enabled=\u00bboff\u00bb button_two_border_color__hover_enabled=\u00bboff\u00bb button_border_radius__hover_enabled=\u00bboff\u00bb button_one_border_radius__hover_enabled=\u00bboff\u00bb button_two_border_radius__hover_enabled=\u00bboff\u00bb button_letter_spacing__hover_enabled=\u00bboff\u00bb button_one_letter_spacing__hover_enabled=\u00bboff\u00bb button_two_letter_spacing__hover_enabled=\u00bboff\u00bb button_bg_color__hover_enabled=\u00bboff\u00bb button_one_bg_color__hover_enabled=\u00bboff\u00bb button_two_bg_color__hover_enabled=\u00bboff\u00bb][\/et_pb_contact_field][et_pb_contact_field field_id=\u00bbtel\u00bb field_title=\u00bbTel\u00e9fono\u00bb allowed_symbols=\u00bbnumbers\u00bb required_mark=\u00bboff\u00bb _builder_version=\u00bb4.16&#8243; global_colors_info=\u00bb{}\u00bb][\/et_pb_contact_field][et_pb_contact_field field_id=\u00bbMessage\u00bb field_title=\u00bb*Mensaje\u00bb field_type=\u00bbtext\u00bb fullwidth_field=\u00bbon\u00bb _builder_version=\u00bb4.16&#8243; form_field_font=\u00bb||||\u00bb use_border_color=\u00bboff\u00bb global_colors_info=\u00bb{}\u00bb button_text_size__hover_enabled=\u00bboff\u00bb button_one_text_size__hover_enabled=\u00bboff\u00bb button_two_text_size__hover_enabled=\u00bboff\u00bb button_text_color__hover_enabled=\u00bboff\u00bb button_one_text_color__hover_enabled=\u00bboff\u00bb button_two_text_color__hover_enabled=\u00bboff\u00bb button_border_width__hover_enabled=\u00bboff\u00bb button_one_border_width__hover_enabled=\u00bboff\u00bb button_two_border_width__hover_enabled=\u00bboff\u00bb button_border_color__hover_enabled=\u00bboff\u00bb button_one_border_color__hover_enabled=\u00bboff\u00bb button_two_border_color__hover_enabled=\u00bboff\u00bb button_border_radius__hover_enabled=\u00bboff\u00bb button_one_border_radius__hover_enabled=\u00bboff\u00bb button_two_border_radius__hover_enabled=\u00bboff\u00bb button_letter_spacing__hover_enabled=\u00bboff\u00bb button_one_letter_spacing__hover_enabled=\u00bboff\u00bb button_two_letter_spacing__hover_enabled=\u00bboff\u00bb button_bg_color__hover_enabled=\u00bboff\u00bb button_one_bg_color__hover_enabled=\u00bboff\u00bb button_two_bg_color__hover_enabled=\u00bboff\u00bb][\/et_pb_contact_field][et_pb_contact_field field_id=\u00bbPrivacy_Policy\u00bb field_title=\u00bb*Tratamiento de datos personales.\u00bb field_type=\u00bbcheckbox\u00bb checkbox_options=\u00bb%91{%22value%22:%22Doy mi consentimiento para el tratamiento de mis datos personales y acepto la %22,%22checked%22:0,%22dragID%22:-1,%22link_url%22:%22http:\/\/evolmec.com\/es\/politica-de-privacidad-y-cookies\/%22,%22link_text%22:%22Politica de privacidad%22}%93&#8243; _builder_version=\u00bb4.16&#8243; global_colors_info=\u00bb{}\u00bb button_text_size__hover_enabled=\u00bboff\u00bb button_one_text_size__hover_enabled=\u00bboff\u00bb button_two_text_size__hover_enabled=\u00bboff\u00bb button_text_color__hover_enabled=\u00bboff\u00bb button_one_text_color__hover_enabled=\u00bboff\u00bb button_two_text_color__hover_enabled=\u00bboff\u00bb button_border_width__hover_enabled=\u00bboff\u00bb button_one_border_width__hover_enabled=\u00bboff\u00bb button_two_border_width__hover_enabled=\u00bboff\u00bb button_border_color__hover_enabled=\u00bboff\u00bb button_one_border_color__hover_enabled=\u00bboff\u00bb button_two_border_color__hover_enabled=\u00bboff\u00bb button_border_radius__hover_enabled=\u00bboff\u00bb button_one_border_radius__hover_enabled=\u00bboff\u00bb button_two_border_radius__hover_enabled=\u00bboff\u00bb button_letter_spacing__hover_enabled=\u00bboff\u00bb button_one_letter_spacing__hover_enabled=\u00bboff\u00bb button_two_letter_spacing__hover_enabled=\u00bboff\u00bb button_bg_color__hover_enabled=\u00bboff\u00bb button_one_bg_color__hover_enabled=\u00bboff\u00bb button_two_bg_color__hover_enabled=\u00bboff\u00bb][\/et_pb_contact_field][\/et_pb_contact_form][\/et_pb_column][et_pb_column type=\u00bb1_3&#8243; _builder_version=\u00bb4.16&#8243; custom_padding=\u00bb|||\u00bb global_colors_info=\u00bb{}\u00bb custom_padding__hover=\u00bb|||\u00bb][et_pb_text admin_label=\u00bbText\u00bb _builder_version=\u00bb4.23&#8243; background_size=\u00bbinitial\u00bb background_position=\u00bbtop_left\u00bb background_repeat=\u00bbrepeat\u00bb global_colors_info=\u00bb{}\u00bb]<img loading=\"lazy\" decoding=\"async\" src=\"https:\/\/evolmec.com\/wp-content\/uploads\/2024\/02\/logo-evolmec-trans-300x53.png\" width=\"150\" height=\"26\" alt=\"Logo Evolmec\" class=\"wp-image-8198 size-medium\" \/><br \/>Via dei Marinoni, 37<br \/>\n27040 Cigognola (PV) &#8211; Italia<\/p>\n<p><strong>Tel\u00e9fono:<\/strong> +39 0385 250895<\/p>\n<p><strong>e-mail:<\/strong>\u00a0info@evolmec.com[\/et_pb_text][et_pb_social_media_follow admin_label=\u00bbSegui Social Media\u00bb _builder_version=\u00bb4.16&#8243; border_radii=\u00bbon|100%|100%|100%|100%\u00bb link_shape=\u00bbcircle\u00bb global_colors_info=\u00bb{}\u00bb][et_pb_social_media_follow_network social_network=\u00bbfacebook\u00bb url=\u00bbhttps:\/\/www.facebook.com\/evolmec\u00bb _builder_version=\u00bb4.16&#8243; background_color=\u00bb#3b5998&#8243; bg_color=\u00bb#3b5998&#8243; global_colors_info=\u00bb{}\u00bb follow_button=\u00bboff\u00bb url_new_window=\u00bbon\u00bb]facebook[\/et_pb_social_media_follow_network][et_pb_social_media_follow_network social_network=\u00bbinstagram\u00bb url=\u00bbhttps:\/\/www.instagram.com\/evolmec_bearings\/\u00bb _builder_version=\u00bb4.16&#8243; background_color=\u00bb#517fa4&#8243; bg_color=\u00bb#517fa4&#8243; global_colors_info=\u00bb{}\u00bb follow_button=\u00bboff\u00bb url_new_window=\u00bbon\u00bb]instagram[\/et_pb_social_media_follow_network][et_pb_social_media_follow_network social_network=\u00bblinkedin\u00bb url=\u00bbhttps:\/\/it.linkedin.com\/company\/evolmec-s-r-l-\/\u00bb _builder_version=\u00bb4.16&#8243; background_color=\u00bb#007bb6&#8243; bg_color=\u00bb#007bb6&#8243; global_colors_info=\u00bb{}\u00bb follow_button=\u00bboff\u00bb url_new_window=\u00bbon\u00bb]linkedin[\/et_pb_social_media_follow_network][\/et_pb_social_media_follow][\/et_pb_column][\/et_pb_row][et_pb_row column_structure=\u00bb1_3,1_3,1_3&#8243; admin_label=\u00bbrow\u00bb _builder_version=\u00bb4.16&#8243; background_size=\u00bbinitial\u00bb background_position=\u00bbtop_left\u00bb background_repeat=\u00bbrepeat\u00bb global_colors_info=\u00bb{}\u00bb][et_pb_column type=\u00bb1_3&#8243; _builder_version=\u00bb4.16&#8243; custom_padding=\u00bb|||\u00bb global_colors_info=\u00bb{}\u00bb custom_padding__hover=\u00bb|||\u00bb][et_pb_team_member name=\u00bbFilippo Scabini\u00bb position=\u00bbGerente del Departamento T\u00e9cnico\u00bb admin_label=\u00bbPersona\u00bb _builder_version=\u00bb4.16&#8243; background_size=\u00bbinitial\u00bb background_position=\u00bbtop_left\u00bb background_repeat=\u00bbrepeat\u00bb global_colors_info=\u00bb{}\u00bb]<\/p>\n<p>Tel\u00e9fono M\u00f3vil:<strong>\u00a0<\/strong>+39 3664105129<br \/> e-mail:\u00a0f.scabini@evolmec.com<\/p>\n<p>[\/et_pb_team_member][et_pb_team_member name=\u00bbSilvana Lab\u00f2\u00bb position=\u00bbAdministraci\u00f3n\u00bb admin_label=\u00bbPersona\u00bb _builder_version=\u00bb4.16&#8243; background_size=\u00bbinitial\u00bb background_position=\u00bbtop_left\u00bb background_repeat=\u00bbrepeat\u00bb global_colors_info=\u00bb{}\u00bb]<\/p>\n<p>e-mail:\u00a0admin@evolmec.com<\/p>\n<p>[\/et_pb_team_member][et_pb_team_member name=\u00bbMattia Grisetti\u00bb position=\u00bbControl Calidad\u00bb admin_label=\u00bbPersona\u00bb _builder_version=\u00bb4.16&#8243; background_size=\u00bbinitial\u00bb background_position=\u00bbtop_left\u00bb background_repeat=\u00bbrepeat\u00bb global_colors_info=\u00bb{}\u00bb]<\/p>\n<p>e-mail: m.grisetti@evolmec.com<\/p>\n<p>[\/et_pb_team_member][\/et_pb_column][et_pb_column type=\u00bb1_3&#8243; _builder_version=\u00bb4.16&#8243; custom_padding=\u00bb|||\u00bb global_colors_info=\u00bb{}\u00bb custom_padding__hover=\u00bb|||\u00bb][et_pb_team_member name=\u00bbOsvaldo Morini\u00bb position=\u00bbJefe de Producci\u00f3n\u00bb admin_label=\u00bbPersona\u00bb _builder_version=\u00bb4.16&#8243; background_size=\u00bbinitial\u00bb background_position=\u00bbtop_left\u00bb background_repeat=\u00bbrepeat\u00bb global_colors_info=\u00bb{}\u00bb]<\/p>\n<p>Tel\u00e9fono M\u00f3vil:<strong>\u00a0<\/strong>+39 3318634395<br \/> e-mail:\u00a0o.morini@evolmec.com<\/p>\n<p>[\/et_pb_team_member][et_pb_team_member name=\u00bbStefania Minoli\u00bb position=\u00bbGesti\u00f3n Log\u00edstica\u00bb admin_label=\u00bbPersona\u00bb _builder_version=\u00bb4.23&#8243; background_size=\u00bbinitial\u00bb background_position=\u00bbtop_left\u00bb background_repeat=\u00bbrepeat\u00bb hover_enabled=\u00bb0&#8243; global_colors_info=\u00bb{}\u00bb sticky_enabled=\u00bb0&#8243;]<\/p>\n<p>e-mail: s.minoli@evolmec.com<\/p>\n<p>[\/et_pb_team_member][\/et_pb_column][et_pb_column type=\u00bb1_3&#8243; _builder_version=\u00bb4.16&#8243; custom_padding=\u00bb|||\u00bb global_colors_info=\u00bb{}\u00bb custom_padding__hover=\u00bb|||\u00bb][et_pb_team_member name=\u00bbCristina Orlandi\u00bb position=\u00bbGerente de ventas\u00bb admin_label=\u00bbPersona\u00bb _builder_version=\u00bb4.16&#8243; background_size=\u00bbinitial\u00bb background_position=\u00bbtop_left\u00bb background_repeat=\u00bbrepeat\u00bb global_colors_info=\u00bb{}\u00bb]<\/p>\n<p>Tel\u00e9fono M\u00f3vil:<strong>\u00a0<\/strong>+39 3453974627<br \/> e-mail:\u00a0c.orlandi@evolmec.com<\/p>\n<p>[\/et_pb_team_member][et_pb_team_member name=\u00bbRiccardo Ferlin\u00bb position=\u00bbGerente de ventas\u00bb admin_label=\u00bbPersona\u00bb _builder_version=\u00bb4.16&#8243; background_size=\u00bbinitial\u00bb background_position=\u00bbtop_left\u00bb background_repeat=\u00bbrepeat\u00bb global_colors_info=\u00bb{}\u00bb]<\/p>\n<p>Tel\u00e9fono M\u00f3vil:<strong>\u00a0<\/strong>+39 3400679022<br \/> e-mail: r.ferlin@evolmec.com<\/p>\n<p>[\/et_pb_team_member][\/et_pb_column][\/et_pb_row][\/et_pb_section]<\/p>\n","protected":false},"excerpt":{"rendered":"<p>Via dei Marinoni, 37 27040 Cigognola (PV) &#8211; Italia Tel\u00e9fono: +39 0385 250895 e-mail:\u00a0info@evolmec.comTel\u00e9fono M\u00f3vil:\u00a0+39 3664105129 e-mail:\u00a0f.scabini@evolmec.come-mail:\u00a0admin@evolmec.come-mail: m.grisetti@evolmec.comTel\u00e9fono M\u00f3vil:\u00a0+39 3318634395 e-mail:\u00a0o.morini@evolmec.come-mail: s.minoli@evolmec.comTel\u00e9fono M\u00f3vil:\u00a0+39 3453974627 e-mail:\u00a0c.orlandi@evolmec.comTel\u00e9fono M\u00f3vil:\u00a0+39 3400679022 e-mail: r.ferlin@evolmec.com<\/p>\n","protected":false},"author":3,"featured_media":0,"parent":0,"menu_order":0,"comment_status":"closed","ping_status":"closed","template":"","meta":{"_et_pb_use_builder":"on","_et_pb_old_content":"","_et_gb_content_width":"","footnotes":""},"yoast_head":"<!-- This site is optimized with the Yoast SEO plugin v22.0 - https:\/\/yoast.com\/wordpress\/plugins\/seo\/ -->\n<title>Evolmec S.r.l. - Dise\u00f1o, producci\u00f2n y prueba de rodamientos - Contactos<\/title>\n<meta name=\"robots\" content=\"index, follow, max-snippet:-1, max-image-preview:large, max-video-preview:-1\" \/>\n<link rel=\"canonical\" href=\"https:\/\/evolmec.com\/es\/contactos\/\" \/>\n<meta property=\"og:locale\" content=\"es_ES\" \/>\n<meta property=\"og:type\" content=\"article\" \/>\n<meta property=\"og:title\" content=\"Evolmec S.r.l. - Dise\u00f1o, producci\u00f2n y prueba de rodamientos - Contactos\" \/>\n<meta property=\"og:description\" content=\"Via dei Marinoni, 37 27040 Cigognola (PV) - Italia Tel\u00e9fono: +39 0385 250895 e-mail:\u00a0info@evolmec.comTel\u00e9fono M\u00f3vil:\u00a0+39 3664105129 e-mail:\u00a0f.scabini@evolmec.come-mail:\u00a0admin@evolmec.come-mail: m.grisetti@evolmec.comTel\u00e9fono M\u00f3vil:\u00a0+39 3318634395 e-mail:\u00a0o.morini@evolmec.come-mail: s.minoli@evolmec.comTel\u00e9fono M\u00f3vil:\u00a0+39 3453974627 e-mail:\u00a0c.orlandi@evolmec.comTel\u00e9fono M\u00f3vil:\u00a0+39 3400679022 e-mail: r.ferlin@evolmec.com\" \/>\n<meta property=\"og:url\" content=\"https:\/\/evolmec.com\/es\/contactos\/\" \/>\n<meta property=\"og:site_name\" content=\"Evolmec\" \/>\n<meta property=\"article:publisher\" content=\"https:\/\/www.facebook.com\/evolmec\" \/>\n<meta property=\"article:modified_time\" content=\"2025-04-04T15:42:04+00:00\" \/>\n<meta property=\"og:image\" content=\"https:\/\/evolmec.com\/wp-content\/uploads\/2024\/02\/logo-evolmec-trans-300x53.png\" \/>\n<meta name=\"twitter:card\" content=\"summary_large_image\" \/>\n<meta name=\"twitter:label1\" content=\"Tiempo de lectura\" \/>\n\t<meta name=\"twitter:data1\" content=\"8 minutos\" \/>\n<script type=\"application\/ld+json\" class=\"yoast-schema-graph\">{\"@context\":\"https:\/\/schema.org\",\"@graph\":[{\"@type\":\"WebPage\",\"@id\":\"https:\/\/evolmec.com\/es\/contactos\/\",\"url\":\"https:\/\/evolmec.com\/es\/contactos\/\",\"name\":\"Evolmec S.r.l. - Dise\u00f1o, producci\u00f2n y prueba de rodamientos - Contactos\",\"isPartOf\":{\"@id\":\"https:\/\/evolmec.com\/#website\"},\"datePublished\":\"2017-09-07T07:47:18+00:00\",\"dateModified\":\"2025-04-04T15:42:04+00:00\",\"breadcrumb\":{\"@id\":\"https:\/\/evolmec.com\/es\/contactos\/#breadcrumb\"},\"inLanguage\":\"es\",\"potentialAction\":[{\"@type\":\"ReadAction\",\"target\":[\"https:\/\/evolmec.com\/es\/contactos\/\"]}]},{\"@type\":\"BreadcrumbList\",\"@id\":\"https:\/\/evolmec.com\/es\/contactos\/#breadcrumb\",\"itemListElement\":[{\"@type\":\"ListItem\",\"position\":1,\"name\":\"Home\",\"item\":\"https:\/\/evolmec.com\/es\/\"},{\"@type\":\"ListItem\",\"position\":2,\"name\":\"Contactos\"}]},{\"@type\":\"WebSite\",\"@id\":\"https:\/\/evolmec.com\/#website\",\"url\":\"https:\/\/evolmec.com\/\",\"name\":\"Evolmec\",\"description\":\"Evoluzione Meccanica\",\"publisher\":{\"@id\":\"https:\/\/evolmec.com\/#organization\"},\"potentialAction\":[{\"@type\":\"SearchAction\",\"target\":{\"@type\":\"EntryPoint\",\"urlTemplate\":\"https:\/\/evolmec.com\/?s={search_term_string}\"},\"query-input\":\"required name=search_term_string\"}],\"inLanguage\":\"es\"},{\"@type\":\"Organization\",\"@id\":\"https:\/\/evolmec.com\/#organization\",\"name\":\"Evolmec S.r.l.\",\"url\":\"https:\/\/evolmec.com\/\",\"logo\":{\"@type\":\"ImageObject\",\"inLanguage\":\"es\",\"@id\":\"https:\/\/evolmec.com\/#\/schema\/logo\/image\/\",\"url\":\"https:\/\/evolmec.com\/wp-content\/uploads\/2017\/07\/logo_registrato_medium.png\",\"contentUrl\":\"https:\/\/evolmec.com\/wp-content\/uploads\/2017\/07\/logo_registrato_medium.png\",\"width\":600,\"height\":106,\"caption\":\"Evolmec S.r.l.\"},\"image\":{\"@id\":\"https:\/\/evolmec.com\/#\/schema\/logo\/image\/\"},\"sameAs\":[\"https:\/\/www.facebook.com\/evolmec\",\"https:\/\/www.instagram.com\/evolmec_bearings\/\",\"https:\/\/www.linkedin.com\/company\/evolmec-s-r-l-\/\",\"https:\/\/www.youtube.com\/channel\/UC8DTzvwORPq1-3PpF9Itl5w\/\"]}]}<\/script>\n<!-- \/ Yoast SEO plugin. -->","yoast_head_json":{"title":"Evolmec S.r.l. - Dise\u00f1o, producci\u00f2n y prueba de rodamientos - Contactos","robots":{"index":"index","follow":"follow","max-snippet":"max-snippet:-1","max-image-preview":"max-image-preview:large","max-video-preview":"max-video-preview:-1"},"canonical":"https:\/\/evolmec.com\/es\/contactos\/","og_locale":"es_ES","og_type":"article","og_title":"Evolmec S.r.l. - Dise\u00f1o, producci\u00f2n y prueba de rodamientos - Contactos","og_description":"Via dei Marinoni, 37 27040 Cigognola (PV) - Italia Tel\u00e9fono: +39 0385 250895 e-mail:\u00a0info@evolmec.comTel\u00e9fono M\u00f3vil:\u00a0+39 3664105129 e-mail:\u00a0f.scabini@evolmec.come-mail:\u00a0admin@evolmec.come-mail: m.grisetti@evolmec.comTel\u00e9fono M\u00f3vil:\u00a0+39 3318634395 e-mail:\u00a0o.morini@evolmec.come-mail: s.minoli@evolmec.comTel\u00e9fono M\u00f3vil:\u00a0+39 3453974627 e-mail:\u00a0c.orlandi@evolmec.comTel\u00e9fono M\u00f3vil:\u00a0+39 3400679022 e-mail: r.ferlin@evolmec.com","og_url":"https:\/\/evolmec.com\/es\/contactos\/","og_site_name":"Evolmec","article_publisher":"https:\/\/www.facebook.com\/evolmec","article_modified_time":"2025-04-04T15:42:04+00:00","og_image":[{"url":"https:\/\/evolmec.com\/wp-content\/uploads\/2024\/02\/logo-evolmec-trans-300x53.png"}],"twitter_card":"summary_large_image","twitter_misc":{"Tiempo de lectura":"8 minutos"},"schema":{"@context":"https:\/\/schema.org","@graph":[{"@type":"WebPage","@id":"https:\/\/evolmec.com\/es\/contactos\/","url":"https:\/\/evolmec.com\/es\/contactos\/","name":"Evolmec S.r.l. - Dise\u00f1o, producci\u00f2n y prueba de rodamientos - Contactos","isPartOf":{"@id":"https:\/\/evolmec.com\/#website"},"datePublished":"2017-09-07T07:47:18+00:00","dateModified":"2025-04-04T15:42:04+00:00","breadcrumb":{"@id":"https:\/\/evolmec.com\/es\/contactos\/#breadcrumb"},"inLanguage":"es","potentialAction":[{"@type":"ReadAction","target":["https:\/\/evolmec.com\/es\/contactos\/"]}]},{"@type":"BreadcrumbList","@id":"https:\/\/evolmec.com\/es\/contactos\/#breadcrumb","itemListElement":[{"@type":"ListItem","position":1,"name":"Home","item":"https:\/\/evolmec.com\/es\/"},{"@type":"ListItem","position":2,"name":"Contactos"}]},{"@type":"WebSite","@id":"https:\/\/evolmec.com\/#website","url":"https:\/\/evolmec.com\/","name":"Evolmec","description":"Evoluzione Meccanica","publisher":{"@id":"https:\/\/evolmec.com\/#organization"},"potentialAction":[{"@type":"SearchAction","target":{"@type":"EntryPoint","urlTemplate":"https:\/\/evolmec.com\/?s={search_term_string}"},"query-input":"required name=search_term_string"}],"inLanguage":"es"},{"@type":"Organization","@id":"https:\/\/evolmec.com\/#organization","name":"Evolmec S.r.l.","url":"https:\/\/evolmec.com\/","logo":{"@type":"ImageObject","inLanguage":"es","@id":"https:\/\/evolmec.com\/#\/schema\/logo\/image\/","url":"https:\/\/evolmec.com\/wp-content\/uploads\/2017\/07\/logo_registrato_medium.png","contentUrl":"https:\/\/evolmec.com\/wp-content\/uploads\/2017\/07\/logo_registrato_medium.png","width":600,"height":106,"caption":"Evolmec S.r.l."},"image":{"@id":"https:\/\/evolmec.com\/#\/schema\/logo\/image\/"},"sameAs":["https:\/\/www.facebook.com\/evolmec","https:\/\/www.instagram.com\/evolmec_bearings\/","https:\/\/www.linkedin.com\/company\/evolmec-s-r-l-\/","https:\/\/www.youtube.com\/channel\/UC8DTzvwORPq1-3PpF9Itl5w\/"]}]}},"_links":{"self":[{"href":"https:\/\/evolmec.com\/es\/wp-json\/wp\/v2\/pages\/4728"}],"collection":[{"href":"https:\/\/evolmec.com\/es\/wp-json\/wp\/v2\/pages"}],"about":[{"href":"https:\/\/evolmec.com\/es\/wp-json\/wp\/v2\/types\/page"}],"author":[{"embeddable":true,"href":"https:\/\/evolmec.com\/es\/wp-json\/wp\/v2\/users\/3"}],"replies":[{"embeddable":true,"href":"https:\/\/evolmec.com\/es\/wp-json\/wp\/v2\/comments?post=4728"}],"version-history":[{"count":25,"href":"https:\/\/evolmec.com\/es\/wp-json\/wp\/v2\/pages\/4728\/revisions"}],"predecessor-version":[{"id":8290,"href":"https:\/\/evolmec.com\/es\/wp-json\/wp\/v2\/pages\/4728\/revisions\/8290"}],"wp:attachment":[{"href":"https:\/\/evolmec.com\/es\/wp-json\/wp\/v2\/media?parent=4728"}],"curies":[{"name":"wp","href":"https:\/\/api.w.org\/{rel}","templated":true}]}}