{"id":4723,"date":"2017-09-07T08:31:10","date_gmt":"2017-09-07T07:31:10","guid":{"rendered":"http:\/\/evolmec.com\/es\/?page_id=4723"},"modified":"2023-11-14T13:52:13","modified_gmt":"2023-11-14T11:52:13","slug":"empresa","status":"publish","type":"page","link":"https:\/\/evolmec.com\/es\/empresa\/","title":{"rendered":"Empresa"},"content":{"rendered":"<p>[et_pb_section fb_built=\u00bb1&#8243; fullwidth=\u00bbon\u00bb admin_label=\u00bbsection\u00bb _builder_version=\u00bb4.16&#8243; global_colors_info=\u00bb{}\u00bb][et_pb_fullwidth_image src=\u00bbhttp:\/\/evolmec.com\/wp-content\/uploads\/2017\/08\/evolmec-cuscinetti-speciali-standard-bearing-bearings-ralle-di-rotazione-precisione-gruppi-ruota-macchine-utensili-sfere-rulli-progettazione.jpg\u00bb _builder_version=\u00bb4.16&#8243; custom_margin=\u00bb|||\u00bb animation_style=\u00bbfade\u00bb animation_duration=\u00bb500ms\u00bb animation=\u00bbfade_in\u00bb global_colors_info=\u00bb{}\u00bb][\/et_pb_fullwidth_image][\/et_pb_section][et_pb_section fb_built=\u00bb1&#8243; admin_label=\u00bbsection\u00bb _builder_version=\u00bb4.16&#8243; custom_padding=\u00bb53px|0px|0px|0px\u00bb global_colors_info=\u00bb{}\u00bb][et_pb_row column_structure=\u00bb1_2,1_2&#8243; admin_label=\u00bbrow\u00bb _builder_version=\u00bb4.16&#8243; background_size=\u00bbinitial\u00bb background_position=\u00bbtop_left\u00bb background_repeat=\u00bbrepeat\u00bb custom_padding=\u00bb||0px|\u00bb global_colors_info=\u00bb{}\u00bb][et_pb_column type=\u00bb1_2&#8243; _builder_version=\u00bb4.16&#8243; custom_padding=\u00bb|||\u00bb global_colors_info=\u00bb{}\u00bb custom_padding__hover=\u00bb|||\u00bb][et_pb_text admin_label=\u00bbText\u00bb _builder_version=\u00bb4.16&#8243; background_size=\u00bbinitial\u00bb background_position=\u00bbtop_left\u00bb background_repeat=\u00bbrepeat\u00bb global_colors_info=\u00bb{}\u00bb]<\/p>\n<h2>Nuestra Empresa<\/h2>\n<p style=\"text-align: justify;\"><span style=\"font-size: 14px;\"><span>Fundada en noviembre de 2014 a partir de la experiencia y las competencias adquiridas en el sector por los socios fundadores Filippo Scabini y Osvaldo Morini, <strong>EVOLMEC<\/strong> ofrece al mercado una amplia gama de rodamientos est\u00e1ndar y especiales en tama\u00f1os peque\u00f1os, medianos y grandes, seg\u00fan el tipo. Con sede en Cigognola, en la provincia de Pav\u00eda, la empresa, para poder responder a las variadas necesidades de sus clientes y satisfacer los requisitos de los distintos sectores de aplicaci\u00f3n, se encarga internamente de las fases de dise\u00f1o, montaje y pruebas, mientras que la producci\u00f3n se hace en outsourcing<\/span>.<\/span><\/p>\n<p>[\/et_pb_text][\/et_pb_column][et_pb_column type=\u00bb1_2&#8243; _builder_version=\u00bb4.16&#8243; custom_padding=\u00bb|||\u00bb global_colors_info=\u00bb{}\u00bb custom_padding__hover=\u00bb|||\u00bb][et_pb_text admin_label=\u00bbText\u00bb _builder_version=\u00bb4.16&#8243; background_size=\u00bbinitial\u00bb background_position=\u00bbtop_left\u00bb background_repeat=\u00bbrepeat\u00bb global_colors_info=\u00bb{}\u00bb]<\/p>\n<h2 style=\"text-align: justify;\">\u00a0<\/h2>\n<p style=\"text-align: justify;\"><span>Toda la gama de productos y, en particular, los rodamientos de tama\u00f1o medio-grande y las ejecuciones especiales, productos estrella de EVOLMEC, son apreciados por el mercado de referencia por sus caracter\u00edsticas t\u00e9cnicas, la elevada precisi\u00f3n de fabricaci\u00f3n, la relaci\u00f3n calidad-precio y la rapidez en los plazos de producci\u00f3n y entrega, resultados obtenidos gracias a las opciones elegidas y a la flexibilidad de la organizaci\u00f3n de la empresa. Tambi\u00e9n cabe destacar el servicio y la asistencia t\u00e9cnica tanto en la fase pre-venta como en la pos-venta, trabajando junto al cliente para dar respuesta a solicitudes espec\u00edficas.<\/span><\/p>\n<p>[\/et_pb_text][\/et_pb_column][\/et_pb_row][et_pb_row admin_label=\u00bbrow\u00bb _builder_version=\u00bb4.16&#8243; background_size=\u00bbinitial\u00bb background_position=\u00bbtop_left\u00bb background_repeat=\u00bbrepeat\u00bb custom_padding=\u00bb|||\u00bb global_colors_info=\u00bb{}\u00bb][et_pb_column type=\u00bb4_4&#8243; _builder_version=\u00bb4.16&#8243; custom_padding=\u00bb|||\u00bb global_colors_info=\u00bb{}\u00bb custom_padding__hover=\u00bb|||\u00bb][et_pb_text _builder_version=\u00bb4.23&#8243; background_size=\u00bbinitial\u00bb background_position=\u00bbtop_left\u00bb background_repeat=\u00bbrepeat\u00bb text_orientation=\u00bbcenter\u00bb module_alignment=\u00bbcenter\u00bb global_colors_info=\u00bb{}\u00bb]<\/p>\n<h1>DESCUBRE LOS PRODUCTOS EVOLMEC\u00ae<\/h1>\n<p>[\/et_pb_text][\/et_pb_column][\/et_pb_row][et_pb_row _builder_version=\u00bb4.23&#8243; _module_preset=\u00bbdefault\u00bb global_colors_info=\u00bb{}\u00bb][et_pb_column type=\u00bb4_4&#8243; _builder_version=\u00bb4.23&#8243; _module_preset=\u00bbdefault\u00bb global_colors_info=\u00bb{}\u00bb][et_pb_image src=\u00bbhttps:\/\/evolmec.com\/wp-content\/uploads\/2023\/11\/special-design-bearings.jpg\u00bb alt=\u00bbSpecial design bearings\u00bb title_text=\u00bbSpecial design bearings\u00bb url=\u00bbhttps:\/\/evolmec.com\/es\/rodamientos-de-apoyo\/\u00bb _builder_version=\u00bb4.23&#8243; _module_preset=\u00bbdefault\u00bb global_colors_info=\u00bb{}\u00bb][\/et_pb_image][\/et_pb_column][\/et_pb_row][et_pb_row _builder_version=\u00bb4.23&#8243; _module_preset=\u00bbdefault\u00bb global_colors_info=\u00bb{}\u00bb][et_pb_column type=\u00bb4_4&#8243; _builder_version=\u00bb4.23&#8243; _module_preset=\u00bbdefault\u00bb global_colors_info=\u00bb{}\u00bb][et_pb_image src=\u00bbhttps:\/\/evolmec.com\/wp-content\/uploads\/2023\/11\/bearing-for-rotary-tables.jpg\u00bb alt=\u00bbBearing for rotary tables\u00bb title_text=\u00bbBearing for rotary tables\u00bb url=\u00bbhttps:\/\/evolmec.com\/es\/rodamientos-de-precision\/rodamientos-axiales-y-radiales-de-rodillos-cilindricos-y-rodamientos-axiales-de-bolas-contacto-angular\/\u00bb _builder_version=\u00bb4.23&#8243; _module_preset=\u00bbdefault\u00bb global_colors_info=\u00bb{}\u00bb][\/et_pb_image][\/et_pb_column][\/et_pb_row][et_pb_row _builder_version=\u00bb4.23&#8243; _module_preset=\u00bbdefault\u00bb global_colors_info=\u00bb{}\u00bb][et_pb_column type=\u00bb4_4&#8243; _builder_version=\u00bb4.23&#8243; _module_preset=\u00bbdefault\u00bb global_colors_info=\u00bb{}\u00bb][et_pb_image src=\u00bbhttps:\/\/evolmec.com\/wp-content\/uploads\/2023\/11\/bearing-for-rolling-mills.jpg\u00bb alt=\u00bbBearing for rolling mills\u00bb title_text=\u00bbBearing for rolling mills\u00bb url=\u00bbhttps:\/\/evolmec.com\/es\/rodamientos-para-laminadoras\/\u00bb _builder_version=\u00bb4.23&#8243; _module_preset=\u00bbdefault\u00bb global_colors_info=\u00bb{}\u00bb][\/et_pb_image][\/et_pb_column][\/et_pb_row][et_pb_row _builder_version=\u00bb4.23&#8243; _module_preset=\u00bbdefault\u00bb global_colors_info=\u00bb{}\u00bb][et_pb_column type=\u00bb4_4&#8243; _builder_version=\u00bb4.23&#8243; _module_preset=\u00bbdefault\u00bb global_colors_info=\u00bb{}\u00bb][et_pb_image src=\u00bbhttps:\/\/evolmec.com\/wp-content\/uploads\/2023\/11\/bearing-for-machine-tools.jpg\u00bb alt=\u00bbBearing for machine tools\u00bb title_text=\u00bbBearing for machine tools\u00bb url=\u00bbhttps:\/\/evolmec.com\/es\/rodamientos-de-precision\/\u00bb _builder_version=\u00bb4.23&#8243; _module_preset=\u00bbdefault\u00bb global_colors_info=\u00bb{}\u00bb][\/et_pb_image][\/et_pb_column][\/et_pb_row][\/et_pb_section]<\/p>\n","protected":false},"excerpt":{"rendered":"<p>Nuestra Empresa Fundada en noviembre de 2014 a partir de la experiencia y las competencias adquiridas en el sector por los socios fundadores Filippo Scabini y Osvaldo Morini, EVOLMEC ofrece al mercado una amplia gama de rodamientos est\u00e1ndar y especiales en tama\u00f1os peque\u00f1os, medianos y grandes, seg\u00fan el tipo. Con sede en Cigognola, en la [&hellip;]<\/p>\n","protected":false},"author":3,"featured_media":0,"parent":0,"menu_order":0,"comment_status":"closed","ping_status":"closed","template":"","meta":{"_et_pb_use_builder":"on","_et_pb_old_content":"","_et_gb_content_width":"","footnotes":""},"yoast_head":"<!-- This site is optimized with the Yoast SEO plugin v22.0 - https:\/\/yoast.com\/wordpress\/plugins\/seo\/ -->\n<title>EVOLMEC - Dise\u00f1o, producci\u00f2n y prueba de rodamientos<\/title>\n<meta name=\"description\" content=\"Es una empresa din\u00e1mica fundada en 2014 gracias a la experiencia adquirida en el campo de los rodamientos por sus fundadores.\" \/>\n<meta name=\"robots\" content=\"index, follow, max-snippet:-1, max-image-preview:large, max-video-preview:-1\" \/>\n<link rel=\"canonical\" href=\"https:\/\/evolmec.com\/es\/empresa\/\" \/>\n<meta property=\"og:locale\" content=\"es_ES\" \/>\n<meta property=\"og:type\" content=\"article\" \/>\n<meta property=\"og:title\" content=\"EVOLMEC - Dise\u00f1o, producci\u00f2n y prueba de rodamientos\" \/>\n<meta property=\"og:description\" content=\"Es una empresa din\u00e1mica fundada en 2014 gracias a la experiencia adquirida en el campo de los rodamientos por sus fundadores.\" \/>\n<meta property=\"og:url\" content=\"https:\/\/evolmec.com\/es\/empresa\/\" \/>\n<meta property=\"og:site_name\" content=\"Evolmec\" \/>\n<meta property=\"article:publisher\" content=\"https:\/\/www.facebook.com\/evolmec\" \/>\n<meta property=\"article:modified_time\" content=\"2023-11-14T11:52:13+00:00\" \/>\n<meta property=\"og:image\" content=\"https:\/\/evolmec.com\/wp-content\/uploads\/2017\/08\/evolmec-cuscinetti-speciali-special-bearings-rodamientos-walzlager-italy-pavia-progettazione-collaudo.jpg\" \/>\n\t<meta property=\"og:image:width\" content=\"1440\" \/>\n\t<meta property=\"og:image:height\" content=\"1440\" \/>\n\t<meta property=\"og:image:type\" content=\"image\/jpeg\" \/>\n<meta name=\"twitter:card\" content=\"summary_large_image\" \/>\n<meta name=\"twitter:label1\" content=\"Tiempo de lectura\" \/>\n\t<meta name=\"twitter:data1\" content=\"4 minutos\" \/>\n<script type=\"application\/ld+json\" class=\"yoast-schema-graph\">{\"@context\":\"https:\/\/schema.org\",\"@graph\":[{\"@type\":\"WebPage\",\"@id\":\"https:\/\/evolmec.com\/es\/empresa\/\",\"url\":\"https:\/\/evolmec.com\/es\/empresa\/\",\"name\":\"EVOLMEC - Dise\u00f1o, producci\u00f2n y prueba de rodamientos\",\"isPartOf\":{\"@id\":\"https:\/\/evolmec.com\/#website\"},\"datePublished\":\"2017-09-07T07:31:10+00:00\",\"dateModified\":\"2023-11-14T11:52:13+00:00\",\"description\":\"Es una empresa din\u00e1mica fundada en 2014 gracias a la experiencia adquirida en el campo de los rodamientos por sus fundadores.\",\"breadcrumb\":{\"@id\":\"https:\/\/evolmec.com\/es\/empresa\/#breadcrumb\"},\"inLanguage\":\"es\",\"potentialAction\":[{\"@type\":\"ReadAction\",\"target\":[\"https:\/\/evolmec.com\/es\/empresa\/\"]}]},{\"@type\":\"BreadcrumbList\",\"@id\":\"https:\/\/evolmec.com\/es\/empresa\/#breadcrumb\",\"itemListElement\":[{\"@type\":\"ListItem\",\"position\":1,\"name\":\"Home\",\"item\":\"https:\/\/evolmec.com\/es\/\"},{\"@type\":\"ListItem\",\"position\":2,\"name\":\"Empresa\"}]},{\"@type\":\"WebSite\",\"@id\":\"https:\/\/evolmec.com\/#website\",\"url\":\"https:\/\/evolmec.com\/\",\"name\":\"Evolmec\",\"description\":\"Evoluzione Meccanica\",\"publisher\":{\"@id\":\"https:\/\/evolmec.com\/#organization\"},\"potentialAction\":[{\"@type\":\"SearchAction\",\"target\":{\"@type\":\"EntryPoint\",\"urlTemplate\":\"https:\/\/evolmec.com\/?s={search_term_string}\"},\"query-input\":\"required name=search_term_string\"}],\"inLanguage\":\"es\"},{\"@type\":\"Organization\",\"@id\":\"https:\/\/evolmec.com\/#organization\",\"name\":\"Evolmec S.r.l.\",\"url\":\"https:\/\/evolmec.com\/\",\"logo\":{\"@type\":\"ImageObject\",\"inLanguage\":\"es\",\"@id\":\"https:\/\/evolmec.com\/#\/schema\/logo\/image\/\",\"url\":\"https:\/\/evolmec.com\/wp-content\/uploads\/2017\/07\/logo_registrato_medium.png\",\"contentUrl\":\"https:\/\/evolmec.com\/wp-content\/uploads\/2017\/07\/logo_registrato_medium.png\",\"width\":600,\"height\":106,\"caption\":\"Evolmec S.r.l.\"},\"image\":{\"@id\":\"https:\/\/evolmec.com\/#\/schema\/logo\/image\/\"},\"sameAs\":[\"https:\/\/www.facebook.com\/evolmec\",\"https:\/\/www.instagram.com\/evolmec_bearings\/\",\"https:\/\/www.linkedin.com\/company\/evolmec-s-r-l-\/\",\"https:\/\/www.youtube.com\/channel\/UC8DTzvwORPq1-3PpF9Itl5w\/\"]}]}<\/script>\n<!-- \/ Yoast SEO plugin. -->","yoast_head_json":{"title":"EVOLMEC - Dise\u00f1o, producci\u00f2n y prueba de rodamientos","description":"Es una empresa din\u00e1mica fundada en 2014 gracias a la experiencia adquirida en el campo de los rodamientos por sus fundadores.","robots":{"index":"index","follow":"follow","max-snippet":"max-snippet:-1","max-image-preview":"max-image-preview:large","max-video-preview":"max-video-preview:-1"},"canonical":"https:\/\/evolmec.com\/es\/empresa\/","og_locale":"es_ES","og_type":"article","og_title":"EVOLMEC - Dise\u00f1o, producci\u00f2n y prueba de rodamientos","og_description":"Es una empresa din\u00e1mica fundada en 2014 gracias a la experiencia adquirida en el campo de los rodamientos por sus fundadores.","og_url":"https:\/\/evolmec.com\/es\/empresa\/","og_site_name":"Evolmec","article_publisher":"https:\/\/www.facebook.com\/evolmec","article_modified_time":"2023-11-14T11:52:13+00:00","og_image":[{"width":1440,"height":1440,"url":"https:\/\/evolmec.com\/wp-content\/uploads\/2017\/08\/evolmec-cuscinetti-speciali-special-bearings-rodamientos-walzlager-italy-pavia-progettazione-collaudo.jpg","type":"image\/jpeg"}],"twitter_card":"summary_large_image","twitter_misc":{"Tiempo de lectura":"4 minutos"},"schema":{"@context":"https:\/\/schema.org","@graph":[{"@type":"WebPage","@id":"https:\/\/evolmec.com\/es\/empresa\/","url":"https:\/\/evolmec.com\/es\/empresa\/","name":"EVOLMEC - Dise\u00f1o, producci\u00f2n y prueba de rodamientos","isPartOf":{"@id":"https:\/\/evolmec.com\/#website"},"datePublished":"2017-09-07T07:31:10+00:00","dateModified":"2023-11-14T11:52:13+00:00","description":"Es una empresa din\u00e1mica fundada en 2014 gracias a la experiencia adquirida en el campo de los rodamientos por sus fundadores.","breadcrumb":{"@id":"https:\/\/evolmec.com\/es\/empresa\/#breadcrumb"},"inLanguage":"es","potentialAction":[{"@type":"ReadAction","target":["https:\/\/evolmec.com\/es\/empresa\/"]}]},{"@type":"BreadcrumbList","@id":"https:\/\/evolmec.com\/es\/empresa\/#breadcrumb","itemListElement":[{"@type":"ListItem","position":1,"name":"Home","item":"https:\/\/evolmec.com\/es\/"},{"@type":"ListItem","position":2,"name":"Empresa"}]},{"@type":"WebSite","@id":"https:\/\/evolmec.com\/#website","url":"https:\/\/evolmec.com\/","name":"Evolmec","description":"Evoluzione Meccanica","publisher":{"@id":"https:\/\/evolmec.com\/#organization"},"potentialAction":[{"@type":"SearchAction","target":{"@type":"EntryPoint","urlTemplate":"https:\/\/evolmec.com\/?s={search_term_string}"},"query-input":"required name=search_term_string"}],"inLanguage":"es"},{"@type":"Organization","@id":"https:\/\/evolmec.com\/#organization","name":"Evolmec S.r.l.","url":"https:\/\/evolmec.com\/","logo":{"@type":"ImageObject","inLanguage":"es","@id":"https:\/\/evolmec.com\/#\/schema\/logo\/image\/","url":"https:\/\/evolmec.com\/wp-content\/uploads\/2017\/07\/logo_registrato_medium.png","contentUrl":"https:\/\/evolmec.com\/wp-content\/uploads\/2017\/07\/logo_registrato_medium.png","width":600,"height":106,"caption":"Evolmec S.r.l."},"image":{"@id":"https:\/\/evolmec.com\/#\/schema\/logo\/image\/"},"sameAs":["https:\/\/www.facebook.com\/evolmec","https:\/\/www.instagram.com\/evolmec_bearings\/","https:\/\/www.linkedin.com\/company\/evolmec-s-r-l-\/","https:\/\/www.youtube.com\/channel\/UC8DTzvwORPq1-3PpF9Itl5w\/"]}]}},"_links":{"self":[{"href":"https:\/\/evolmec.com\/es\/wp-json\/wp\/v2\/pages\/4723"}],"collection":[{"href":"https:\/\/evolmec.com\/es\/wp-json\/wp\/v2\/pages"}],"about":[{"href":"https:\/\/evolmec.com\/es\/wp-json\/wp\/v2\/types\/page"}],"author":[{"embeddable":true,"href":"https:\/\/evolmec.com\/es\/wp-json\/wp\/v2\/users\/3"}],"replies":[{"embeddable":true,"href":"https:\/\/evolmec.com\/es\/wp-json\/wp\/v2\/comments?post=4723"}],"version-history":[{"count":10,"href":"https:\/\/evolmec.com\/es\/wp-json\/wp\/v2\/pages\/4723\/revisions"}],"predecessor-version":[{"id":8132,"href":"https:\/\/evolmec.com\/es\/wp-json\/wp\/v2\/pages\/4723\/revisions\/8132"}],"wp:attachment":[{"href":"https:\/\/evolmec.com\/es\/wp-json\/wp\/v2\/media?parent=4723"}],"curies":[{"name":"wp","href":"https:\/\/api.w.org\/{rel}","templated":true}]}}