{"id":8508,"date":"2026-01-07T13:52:49","date_gmt":"2026-01-07T11:52:49","guid":{"rendered":"https:\/\/evolmec.com\/technische-handbuecher\/"},"modified":"2026-01-07T13:52:50","modified_gmt":"2026-01-07T11:52:50","slug":"technische-handbuecher","status":"publish","type":"page","link":"https:\/\/evolmec.com\/de\/technische-handbuecher\/","title":{"rendered":"Technische Handb\u00fccher"},"content":{"rendered":"<p>[et_pb_section fb_built=&#8220;1&#8243; _builder_version=&#8220;4.23&#8243; _module_preset=&#8220;default&#8220; global_colors_info=&#8220;{}&#8220;][et_pb_row _builder_version=&#8220;4.23&#8243; _module_preset=&#8220;default&#8220;][et_pb_column _builder_version=&#8220;4.23&#8243; _module_preset=&#8220;default&#8220; type=&#8220;4_4&#8243;][et_pb_heading title=&#8220;Technische Handb\u00fccher&#8220; _builder_version=&#8220;4.23&#8243; _module_preset=&#8220;default&#8220; title_text_align=&#8220;center&#8220; hover_enabled=&#8220;0&#8243; sticky_enabled=&#8220;0&#8243;][\/et_pb_heading][\/et_pb_column][\/et_pb_row][et_pb_row column_structure=&#8220;2_5,3_5&#8243; _builder_version=&#8220;4.23&#8243; _module_preset=&#8220;default&#8220; hover_enabled=&#8220;0&#8243; global_colors_info=&#8220;{}&#8220; sticky_enabled=&#8220;0&#8243;][et_pb_column type=&#8220;2_5&#8243; _builder_version=&#8220;4.23&#8243; _module_preset=&#8220;default&#8220; global_colors_info=&#8220;{}&#8220;][et_pb_image src=&#8220;https:\/\/evolmec.com\/wp-content\/uploads\/2025\/12\/001-EVOLMEC-EVSSRB-MI-11.2020-Split-SRB-Mounting-Lubrication-and-Maintenance-Instructions-775&#215;1024.jpg&#8220; _builder_version=&#8220;4.23&#8243; _module_preset=&#8220;default&#8220; title_text=&#8220;001 &#8211; EVOLMEC-EVSSRB-MI-11.2020-Split-SRB-Mounting-Lubrication-and-Maintenance-Instructions&#8220; hover_enabled=&#8220;0&#8243; sticky_enabled=&#8220;0&#8243;][\/et_pb_image][\/et_pb_column][et_pb_column type=&#8220;3_5&#8243; _builder_version=&#8220;4.23&#8243; _module_preset=&#8220;default&#8220; global_colors_info=&#8220;{}&#8220;][et_pb_heading title=&#8220;Geteilte Pendelrollenlager&#8220; _builder_version=&#8220;4.23&#8243; _module_preset=&#8220;default&#8220; hover_enabled=&#8220;0&#8243; sticky_enabled=&#8220;0&#8243;][\/et_pb_heading][et_pb_text _builder_version=&#8220;4.23&#8243; _module_preset=&#8220;default&#8220; hover_enabled=&#8220;0&#8243; sticky_enabled=&#8220;0&#8243;]<\/p>\n<p style=\"font-weight: 400;\"><strong>Anweisungen zur Montage, Schmierung und Wartung<\/strong><\/p>\n<p style=\"font-weight: 400;\">In diesem Katalog finden Sie n\u00fctzliche Hinweise zur Lagerung von vor der Montage befindlichen Lagern, zu den Anforderungen an die an das Lager angrenzenden Teile und deren Vorbereitung f\u00fcr die Montage, zu empfohlenen Paarungen sowie zur schrittweisen Montage aller Lagerkomponenten.<\/p>\n<p>[\/et_pb_text][\/et_pb_column][\/et_pb_row][et_pb_row column_structure=&#8220;2_5,3_5&#8243; _builder_version=&#8220;4.23&#8243; _module_preset=&#8220;default&#8220; hover_enabled=&#8220;0&#8243; global_colors_info=&#8220;{}&#8220; sticky_enabled=&#8220;0&#8243;][et_pb_column type=&#8220;2_5&#8243; _builder_version=&#8220;4.23&#8243; _module_preset=&#8220;default&#8220; global_colors_info=&#8220;{}&#8220;][et_pb_image src=&#8220;https:\/\/evolmec.com\/wp-content\/uploads\/2025\/12\/002-EVOLMEC-EVLMC-BIG-11.2020-Bearings-Inspection-Guide.jpg&#8220; _builder_version=&#8220;4.23&#8243; _module_preset=&#8220;default&#8220; title_text=&#8220;002 &#8211; EVOLMEC-EVLMC-BIG-11.2020-Bearings-Inspection-Guide&#8220; hover_enabled=&#8220;0&#8243; sticky_enabled=&#8220;0&#8243;][\/et_pb_image][\/et_pb_column][et_pb_column type=&#8220;3_5&#8243; _builder_version=&#8220;4.23&#8243; _module_preset=&#8220;default&#8220; global_colors_info=&#8220;{}&#8220;][et_pb_heading title=&#8220;Leitfaden zur Pr\u00fcfung von Lagern&#8220; _builder_version=&#8220;4.23&#8243; _module_preset=&#8220;default&#8220; hover_enabled=&#8220;0&#8243; sticky_enabled=&#8220;0&#8243;][\/et_pb_heading][et_pb_text _builder_version=&#8220;4.23&#8243; _module_preset=&#8220;default&#8220; hover_enabled=&#8220;0&#8243; sticky_enabled=&#8220;0&#8243;]<\/p>\n<p style=\"font-weight: 400;\">In diesem Katalog finden Sie n\u00fctzliche Hinweise zur Messung von Ma\u00df- und Formtoleranzen, Rundlaufabweichungen, axialem und radialem Lagerluftspiel, H\u00e4rte sowie Oberfl\u00e4chenrauheit.<\/p>\n<p>[\/et_pb_text][\/et_pb_column][\/et_pb_row][et_pb_row column_structure=&#8220;2_5,3_5&#8243; _builder_version=&#8220;4.23&#8243; _module_preset=&#8220;default&#8220; hover_enabled=&#8220;0&#8243; global_colors_info=&#8220;{}&#8220; sticky_enabled=&#8220;0&#8243;][et_pb_column type=&#8220;2_5&#8243; _builder_version=&#8220;4.23&#8243; _module_preset=&#8220;default&#8220; global_colors_info=&#8220;{}&#8220;][et_pb_image src=&#8220;https:\/\/evolmec.com\/wp-content\/uploads\/2025\/12\/003-EVOLMEC-EVLMC-BMH-12.2020-Bearings-Mounting-Handbook.jpg&#8220; _builder_version=&#8220;4.23&#8243; _module_preset=&#8220;default&#8220; title_text=&#8220;003 &#8211; EVOLMEC-EVLMC-BMH-12.2020-Bearings-Mounting-Handbook&#8220; hover_enabled=&#8220;0&#8243; sticky_enabled=&#8220;0&#8243;][\/et_pb_image][\/et_pb_column][et_pb_column type=&#8220;3_5&#8243; _builder_version=&#8220;4.23&#8243; _module_preset=&#8220;default&#8220; global_colors_info=&#8220;{}&#8220;][et_pb_heading title=&#8220;Handbuch zur Montage von Lagern&#8220; _builder_version=&#8220;4.23&#8243; _module_preset=&#8220;default&#8220; hover_enabled=&#8220;0&#8243; sticky_enabled=&#8220;0&#8243;][\/et_pb_heading][et_pb_text _builder_version=&#8220;4.23&#8243; _module_preset=&#8220;default&#8220; hover_enabled=&#8220;0&#8243; sticky_enabled=&#8220;0&#8243;]<\/p>\n<p style=\"font-weight: 400;\">In diesem Katalog finden Sie n\u00fctzliche Hinweise zur Lagerung von vor der Montage befindlichen Lagern, zu den erforderlichen Eigenschaften der angrenzenden Teile und deren Vorbereitung f\u00fcr die Montage, zu empfohlenen Passungen, zur Demontage der Lager von den angrenzenden Komponenten sowie zur Schmierung.<\/p>\n<p>[\/et_pb_text][\/et_pb_column][\/et_pb_row][et_pb_row column_structure=&#8220;2_5,3_5&#8243; _builder_version=&#8220;4.23&#8243; _module_preset=&#8220;default&#8220; hover_enabled=&#8220;0&#8243; global_colors_info=&#8220;{}&#8220; sticky_enabled=&#8220;0&#8243;][et_pb_column type=&#8220;2_5&#8243; _builder_version=&#8220;4.23&#8243; _module_preset=&#8220;default&#8220; global_colors_info=&#8220;{}&#8220;][et_pb_image src=&#8220;https:\/\/evolmec.com\/wp-content\/uploads\/2025\/12\/004-EVOLMEC-EVSLW-IM-12.2019-Slewing-Rings-Installation-and-Maintenance.jpg&#8220; _builder_version=&#8220;4.23&#8243; _module_preset=&#8220;default&#8220; title_text=&#8220;004 &#8211; EVOLMEC-EVSLW-IM-12.2019-Slewing-Rings-Installation-and-Maintenance&#8220; hover_enabled=&#8220;0&#8243; sticky_enabled=&#8220;0&#8243;][\/et_pb_image][\/et_pb_column][et_pb_column type=&#8220;3_5&#8243; _builder_version=&#8220;4.23&#8243; _module_preset=&#8220;default&#8220; global_colors_info=&#8220;{}&#8220;][et_pb_heading title=&#8220;Drehverbindungen \u2013 Montage- und Wartungshandbuch&#8220; _builder_version=&#8220;4.23&#8243; _module_preset=&#8220;default&#8220; hover_enabled=&#8220;0&#8243; sticky_enabled=&#8220;0&#8243;][\/et_pb_heading][et_pb_text _builder_version=&#8220;4.23&#8243; _module_preset=&#8220;default&#8220; hover_enabled=&#8220;0&#8243; sticky_enabled=&#8220;0&#8243;]<\/p>\n<p style=\"font-weight: 400;\">In diesem Katalog finden Sie n\u00fctzliche Hinweise zur Lagerung von vor der Montage befindlichen Drehverbindungen, zu den erforderlichen Eigenschaften der angrenzenden Teile und deren Vorbereitung f\u00fcr die Montage, zu empfohlenen Passungen, zur Anzugsdrehmomenten der Befestigungsschrauben, zur Eingriffspr\u00fcfung zwischen Drehverbindungszahnkranz und Ritzel, zu Schmierintervallen sowie weitere n\u00fctzliche Informationen f\u00fcr eine korrekte Montage und Wartung.<\/p>\n<p>[\/et_pb_text][\/et_pb_column][\/et_pb_row][et_pb_row _builder_version=&#8220;4.23&#8243; _module_preset=&#8220;default&#8220;][et_pb_column _builder_version=&#8220;4.23&#8243; _module_preset=&#8220;default&#8220; type=&#8220;4_4&#8243;][et_pb_contact_form email=&#8220;info@evolmec.com&#8220; title=&#8220;HANDB\u00dcCHER ANFORDERN&#8220; custom_message=&#8220;Nome: %%name%%||et_pb_line_break_holder||Azienda: %%azienda%%||et_pb_line_break_holder||Paese: %%country%%||et_pb_line_break_holder||Indirizzo e-mail: %%email%%||et_pb_line_break_holder||Telefono: %%tel%%||et_pb_line_break_holder||||et_pb_line_break_holder||Messaggio:||et_pb_line_break_holder||%%message%%&#8220; admin_label=&#8220;Modulo di Contatto&#8220; module_id=&#8220;et_pb_contact_form_0&#8243; _builder_version=&#8220;4.23&#8243; _module_preset=&#8220;de1e0064-4353-4b47-a7c0-141fb992b022&#8243; hover_enabled=&#8220;0&#8243; saved_tabs=&#8220;all&#8220; global_colors_info=&#8220;{}&#8220; global_module=&#8220;6921&#8243; theme_builder_area=&#8220;post_content&#8220; sticky_enabled=&#8220;0&#8243;][et_pb_contact_field field_id=&#8220;Name&#8220; field_title=&#8220;*Name&#8220; fullwidth_field=&#8220;on&#8220; _builder_version=&#8220;4.23&#8243; form_field_font=&#8220;||||&#8220; max_width=&#8220;100%&#8220; use_border_color=&#8220;off&#8220; global_colors_info=&#8220;{}&#8220; button_text_size__hover_enabled=&#8220;off&#8220; button_one_text_size__hover_enabled=&#8220;off&#8220; button_two_text_size__hover_enabled=&#8220;off&#8220; button_text_color__hover_enabled=&#8220;off&#8220; button_one_text_color__hover_enabled=&#8220;off&#8220; button_two_text_color__hover_enabled=&#8220;off&#8220; button_border_width__hover_enabled=&#8220;off&#8220; button_one_border_width__hover_enabled=&#8220;off&#8220; button_two_border_width__hover_enabled=&#8220;off&#8220; button_border_color__hover_enabled=&#8220;off&#8220; button_one_border_color__hover_enabled=&#8220;off&#8220; button_two_border_color__hover_enabled=&#8220;off&#8220; button_border_radius__hover_enabled=&#8220;off&#8220; button_one_border_radius__hover_enabled=&#8220;off&#8220; button_two_border_radius__hover_enabled=&#8220;off&#8220; button_letter_spacing__hover_enabled=&#8220;off&#8220; button_one_letter_spacing__hover_enabled=&#8220;off&#8220; button_two_letter_spacing__hover_enabled=&#8220;off&#8220; button_bg_color__hover_enabled=&#8220;off&#8220; button_one_bg_color__hover_enabled=&#8220;off&#8220; button_two_bg_color__hover_enabled=&#8220;off&#8220; theme_builder_area=&#8220;post_content&#8220;][\/et_pb_contact_field][et_pb_contact_field field_id=&#8220;Azienda&#8220; field_title=&#8220;*Unternehmen&#8220; _builder_version=&#8220;4.16&#8243; form_field_font=&#8220;||||&#8220; max_width=&#8220;100%&#8220; use_border_color=&#8220;off&#8220; global_colors_info=&#8220;{}&#8220; button_text_size__hover_enabled=&#8220;off&#8220; button_one_text_size__hover_enabled=&#8220;off&#8220; button_two_text_size__hover_enabled=&#8220;off&#8220; button_text_color__hover_enabled=&#8220;off&#8220; button_one_text_color__hover_enabled=&#8220;off&#8220; button_two_text_color__hover_enabled=&#8220;off&#8220; button_border_width__hover_enabled=&#8220;off&#8220; button_one_border_width__hover_enabled=&#8220;off&#8220; button_two_border_width__hover_enabled=&#8220;off&#8220; button_border_color__hover_enabled=&#8220;off&#8220; button_one_border_color__hover_enabled=&#8220;off&#8220; button_two_border_color__hover_enabled=&#8220;off&#8220; button_border_radius__hover_enabled=&#8220;off&#8220; button_one_border_radius__hover_enabled=&#8220;off&#8220; button_two_border_radius__hover_enabled=&#8220;off&#8220; button_letter_spacing__hover_enabled=&#8220;off&#8220; button_one_letter_spacing__hover_enabled=&#8220;off&#8220; button_two_letter_spacing__hover_enabled=&#8220;off&#8220; button_bg_color__hover_enabled=&#8220;off&#8220; button_one_bg_color__hover_enabled=&#8220;off&#8220; button_two_bg_color__hover_enabled=&#8220;off&#8220; theme_builder_area=&#8220;post_content&#8220;][\/et_pb_contact_field][et_pb_contact_field field_id=&#8220;Country&#8220; field_title=&#8220;*Land&#8220; _builder_version=&#8220;4.16&#8243; global_colors_info=&#8220;{}&#8220; theme_builder_area=&#8220;post_content&#8220;][\/et_pb_contact_field][et_pb_contact_field field_id=&#8220;Email&#8220; field_title=&#8220;*E-Mail-Adresse&#8220; field_type=&#8220;email&#8220; _builder_version=&#8220;4.23&#8243; max_width=&#8220;100%&#8220; global_colors_info=&#8220;{}&#8220; button_text_size__hover_enabled=&#8220;off&#8220; button_one_text_size__hover_enabled=&#8220;off&#8220; button_two_text_size__hover_enabled=&#8220;off&#8220; button_text_color__hover_enabled=&#8220;off&#8220; button_one_text_color__hover_enabled=&#8220;off&#8220; button_two_text_color__hover_enabled=&#8220;off&#8220; button_border_width__hover_enabled=&#8220;off&#8220; button_one_border_width__hover_enabled=&#8220;off&#8220; button_two_border_width__hover_enabled=&#8220;off&#8220; button_border_color__hover_enabled=&#8220;off&#8220; button_one_border_color__hover_enabled=&#8220;off&#8220; button_two_border_color__hover_enabled=&#8220;off&#8220; button_border_radius__hover_enabled=&#8220;off&#8220; button_one_border_radius__hover_enabled=&#8220;off&#8220; button_two_border_radius__hover_enabled=&#8220;off&#8220; button_letter_spacing__hover_enabled=&#8220;off&#8220; button_one_letter_spacing__hover_enabled=&#8220;off&#8220; button_two_letter_spacing__hover_enabled=&#8220;off&#8220; button_bg_color__hover_enabled=&#8220;off&#8220; button_one_bg_color__hover_enabled=&#8220;off&#8220; button_two_bg_color__hover_enabled=&#8220;off&#8220; theme_builder_area=&#8220;post_content&#8220;][\/et_pb_contact_field][et_pb_contact_field field_id=&#8220;Tel&#8220; field_title=&#8220;Telefon&#8220; allowed_symbols=&#8220;numbers&#8220; required_mark=&#8220;off&#8220; _builder_version=&#8220;4.16&#8243; global_colors_info=&#8220;{}&#8220; theme_builder_area=&#8220;post_content&#8220;][\/et_pb_contact_field][et_pb_contact_field field_id=&#8220;Message&#8220; field_title=&#8220;*Angefordertes Handbuch angeben&#8220; field_type=&#8220;text&#8220; fullwidth_field=&#8220;on&#8220; _builder_version=&#8220;4.23&#8243; form_field_font=&#8220;||||&#8220; max_width=&#8220;100%&#8220; hover_enabled=&#8220;0&#8243; use_border_color=&#8220;off&#8220; global_colors_info=&#8220;{}&#8220; button_text_size__hover_enabled=&#8220;off&#8220; button_one_text_size__hover_enabled=&#8220;off&#8220; button_two_text_size__hover_enabled=&#8220;off&#8220; button_text_color__hover_enabled=&#8220;off&#8220; button_one_text_color__hover_enabled=&#8220;off&#8220; button_two_text_color__hover_enabled=&#8220;off&#8220; button_border_width__hover_enabled=&#8220;off&#8220; button_one_border_width__hover_enabled=&#8220;off&#8220; button_two_border_width__hover_enabled=&#8220;off&#8220; button_border_color__hover_enabled=&#8220;off&#8220; button_one_border_color__hover_enabled=&#8220;off&#8220; button_two_border_color__hover_enabled=&#8220;off&#8220; button_border_radius__hover_enabled=&#8220;off&#8220; button_one_border_radius__hover_enabled=&#8220;off&#8220; button_two_border_radius__hover_enabled=&#8220;off&#8220; button_letter_spacing__hover_enabled=&#8220;off&#8220; button_one_letter_spacing__hover_enabled=&#8220;off&#8220; button_two_letter_spacing__hover_enabled=&#8220;off&#8220; button_bg_color__hover_enabled=&#8220;off&#8220; button_one_bg_color__hover_enabled=&#8220;off&#8220; button_two_bg_color__hover_enabled=&#8220;off&#8220; theme_builder_area=&#8220;post_content&#8220; sticky_enabled=&#8220;0&#8243;][\/et_pb_contact_field][et_pb_contact_field field_id=&#8220;Privacy_Policy&#8220; field_title=&#8220;*Verarbeitung personenbezogener Daten&#8220; field_type=&#8220;checkbox&#8220; checkbox_options=&#8220;%91{%22value%22:%22Ich stimme der Verarbeitung meiner personenbezogenen Daten zu und akzeptiere die %22,%22checked%22:0,%22dragID%22:-1,%22link_url%22:%22http:\\\/\\\/evolmec.com\\\/privacy-cookie-policy%22,%22link_text%22:%22Datenschutzerkl\u00e4rung%22}%93&#8243; _builder_version=&#8220;4.23&#8243; max_width=&#8220;100%&#8220; hover_enabled=&#8220;0&#8243; global_colors_info=&#8220;{}&#8220; button_text_size__hover_enabled=&#8220;off&#8220; button_one_text_size__hover_enabled=&#8220;off&#8220; button_two_text_size__hover_enabled=&#8220;off&#8220; button_text_color__hover_enabled=&#8220;off&#8220; button_one_text_color__hover_enabled=&#8220;off&#8220; button_two_text_color__hover_enabled=&#8220;off&#8220; button_border_width__hover_enabled=&#8220;off&#8220; button_one_border_width__hover_enabled=&#8220;off&#8220; button_two_border_width__hover_enabled=&#8220;off&#8220; button_border_color__hover_enabled=&#8220;off&#8220; button_one_border_color__hover_enabled=&#8220;off&#8220; button_two_border_color__hover_enabled=&#8220;off&#8220; button_border_radius__hover_enabled=&#8220;off&#8220; button_one_border_radius__hover_enabled=&#8220;off&#8220; button_two_border_radius__hover_enabled=&#8220;off&#8220; button_letter_spacing__hover_enabled=&#8220;off&#8220; button_one_letter_spacing__hover_enabled=&#8220;off&#8220; button_two_letter_spacing__hover_enabled=&#8220;off&#8220; button_bg_color__hover_enabled=&#8220;off&#8220; button_one_bg_color__hover_enabled=&#8220;off&#8220; button_two_bg_color__hover_enabled=&#8220;off&#8220; theme_builder_area=&#8220;post_content&#8220; sticky_enabled=&#8220;0&#8243;][\/et_pb_contact_field][\/et_pb_contact_form][\/et_pb_column][\/et_pb_row][\/et_pb_section]<\/p>\n","protected":false},"excerpt":{"rendered":"<p>Anweisungen zur Montage, Schmierung und Wartung In diesem Katalog finden Sie n\u00fctzliche Hinweise zur Lagerung von vor der Montage befindlichen Lagern, zu den Anforderungen an die an das Lager angrenzenden Teile und deren Vorbereitung f\u00fcr die Montage, zu empfohlenen Paarungen sowie zur schrittweisen Montage aller Lagerkomponenten.In diesem Katalog finden Sie n\u00fctzliche Hinweise zur Messung von [&hellip;]<\/p>\n","protected":false},"author":3,"featured_media":0,"parent":0,"menu_order":0,"comment_status":"closed","ping_status":"closed","template":"","meta":{"_et_pb_use_builder":"on","_et_pb_old_content":"","_et_gb_content_width":"","footnotes":""},"yoast_head":"<!-- This site is optimized with the Yoast SEO plugin v22.0 - https:\/\/yoast.com\/wordpress\/plugins\/seo\/ -->\n<title>Technische Handb\u00fccher - Evolmec<\/title>\n<meta name=\"robots\" content=\"index, follow, max-snippet:-1, max-image-preview:large, max-video-preview:-1\" \/>\n<link rel=\"canonical\" href=\"https:\/\/evolmec.com\/de\/technische-handbuecher\/\" \/>\n<meta property=\"og:locale\" content=\"de_DE\" \/>\n<meta property=\"og:type\" content=\"article\" \/>\n<meta property=\"og:title\" content=\"Technische Handb\u00fccher - Evolmec\" \/>\n<meta property=\"og:description\" content=\"Anweisungen zur Montage, Schmierung und Wartung In diesem Katalog finden Sie n\u00fctzliche Hinweise zur Lagerung von vor der Montage befindlichen Lagern, zu den Anforderungen an die an das Lager angrenzenden Teile und deren Vorbereitung f\u00fcr die Montage, zu empfohlenen Paarungen sowie zur schrittweisen Montage aller Lagerkomponenten.In diesem Katalog finden Sie n\u00fctzliche Hinweise zur Messung von [&hellip;]\" \/>\n<meta property=\"og:url\" content=\"https:\/\/evolmec.com\/de\/technische-handbuecher\/\" \/>\n<meta property=\"og:site_name\" content=\"Evolmec\" \/>\n<meta property=\"article:publisher\" content=\"https:\/\/www.facebook.com\/evolmec\" \/>\n<meta property=\"article:modified_time\" content=\"2026-01-07T11:52:50+00:00\" \/>\n<meta property=\"og:image\" content=\"https:\/\/evolmec.com\/wp-content\/uploads\/2017\/08\/evolmec-cuscinetti-speciali-special-bearings-rodamientos-walzlager-italy-pavia-progettazione-collaudo.jpg\" \/>\n\t<meta property=\"og:image:width\" content=\"1440\" \/>\n\t<meta property=\"og:image:height\" content=\"1440\" \/>\n\t<meta property=\"og:image:type\" content=\"image\/jpeg\" \/>\n<meta name=\"twitter:card\" content=\"summary_large_image\" \/>\n<meta name=\"twitter:label1\" content=\"Gesch\u00e4tzte Lesezeit\" \/>\n\t<meta name=\"twitter:data1\" content=\"9\u00a0Minuten\" \/>\n<script type=\"application\/ld+json\" class=\"yoast-schema-graph\">{\"@context\":\"https:\/\/schema.org\",\"@graph\":[{\"@type\":\"WebPage\",\"@id\":\"https:\/\/evolmec.com\/de\/technische-handbuecher\/\",\"url\":\"https:\/\/evolmec.com\/de\/technische-handbuecher\/\",\"name\":\"Technische Handb\u00fccher - Evolmec\",\"isPartOf\":{\"@id\":\"https:\/\/evolmec.com\/#website\"},\"datePublished\":\"2026-01-07T11:52:49+00:00\",\"dateModified\":\"2026-01-07T11:52:50+00:00\",\"breadcrumb\":{\"@id\":\"https:\/\/evolmec.com\/de\/technische-handbuecher\/#breadcrumb\"},\"inLanguage\":\"de\",\"potentialAction\":[{\"@type\":\"ReadAction\",\"target\":[\"https:\/\/evolmec.com\/de\/technische-handbuecher\/\"]}]},{\"@type\":\"BreadcrumbList\",\"@id\":\"https:\/\/evolmec.com\/de\/technische-handbuecher\/#breadcrumb\",\"itemListElement\":[{\"@type\":\"ListItem\",\"position\":1,\"name\":\"Home\",\"item\":\"https:\/\/evolmec.com\/de\/\"},{\"@type\":\"ListItem\",\"position\":2,\"name\":\"Technische Handb\u00fccher\"}]},{\"@type\":\"WebSite\",\"@id\":\"https:\/\/evolmec.com\/#website\",\"url\":\"https:\/\/evolmec.com\/\",\"name\":\"Evolmec\",\"description\":\"Evoluzione Meccanica\",\"publisher\":{\"@id\":\"https:\/\/evolmec.com\/#organization\"},\"potentialAction\":[{\"@type\":\"SearchAction\",\"target\":{\"@type\":\"EntryPoint\",\"urlTemplate\":\"https:\/\/evolmec.com\/?s={search_term_string}\"},\"query-input\":\"required name=search_term_string\"}],\"inLanguage\":\"de\"},{\"@type\":\"Organization\",\"@id\":\"https:\/\/evolmec.com\/#organization\",\"name\":\"Evolmec S.r.l.\",\"url\":\"https:\/\/evolmec.com\/\",\"logo\":{\"@type\":\"ImageObject\",\"inLanguage\":\"de\",\"@id\":\"https:\/\/evolmec.com\/#\/schema\/logo\/image\/\",\"url\":\"https:\/\/evolmec.com\/wp-content\/uploads\/2017\/07\/logo_registrato_medium.png\",\"contentUrl\":\"https:\/\/evolmec.com\/wp-content\/uploads\/2017\/07\/logo_registrato_medium.png\",\"width\":600,\"height\":106,\"caption\":\"Evolmec S.r.l.\"},\"image\":{\"@id\":\"https:\/\/evolmec.com\/#\/schema\/logo\/image\/\"},\"sameAs\":[\"https:\/\/www.facebook.com\/evolmec\",\"https:\/\/www.instagram.com\/evolmec_bearings\/\",\"https:\/\/www.linkedin.com\/company\/evolmec-s-r-l-\/\",\"https:\/\/www.youtube.com\/channel\/UC8DTzvwORPq1-3PpF9Itl5w\/\"]}]}<\/script>\n<!-- \/ Yoast SEO plugin. -->","yoast_head_json":{"title":"Technische Handb\u00fccher - Evolmec","robots":{"index":"index","follow":"follow","max-snippet":"max-snippet:-1","max-image-preview":"max-image-preview:large","max-video-preview":"max-video-preview:-1"},"canonical":"https:\/\/evolmec.com\/de\/technische-handbuecher\/","og_locale":"de_DE","og_type":"article","og_title":"Technische Handb\u00fccher - Evolmec","og_description":"Anweisungen zur Montage, Schmierung und Wartung In diesem Katalog finden Sie n\u00fctzliche Hinweise zur Lagerung von vor der Montage befindlichen Lagern, zu den Anforderungen an die an das Lager angrenzenden Teile und deren Vorbereitung f\u00fcr die Montage, zu empfohlenen Paarungen sowie zur schrittweisen Montage aller Lagerkomponenten.In diesem Katalog finden Sie n\u00fctzliche Hinweise zur Messung von [&hellip;]","og_url":"https:\/\/evolmec.com\/de\/technische-handbuecher\/","og_site_name":"Evolmec","article_publisher":"https:\/\/www.facebook.com\/evolmec","article_modified_time":"2026-01-07T11:52:50+00:00","og_image":[{"width":1440,"height":1440,"url":"https:\/\/evolmec.com\/wp-content\/uploads\/2017\/08\/evolmec-cuscinetti-speciali-special-bearings-rodamientos-walzlager-italy-pavia-progettazione-collaudo.jpg","type":"image\/jpeg"}],"twitter_card":"summary_large_image","twitter_misc":{"Gesch\u00e4tzte Lesezeit":"9\u00a0Minuten"},"schema":{"@context":"https:\/\/schema.org","@graph":[{"@type":"WebPage","@id":"https:\/\/evolmec.com\/de\/technische-handbuecher\/","url":"https:\/\/evolmec.com\/de\/technische-handbuecher\/","name":"Technische Handb\u00fccher - Evolmec","isPartOf":{"@id":"https:\/\/evolmec.com\/#website"},"datePublished":"2026-01-07T11:52:49+00:00","dateModified":"2026-01-07T11:52:50+00:00","breadcrumb":{"@id":"https:\/\/evolmec.com\/de\/technische-handbuecher\/#breadcrumb"},"inLanguage":"de","potentialAction":[{"@type":"ReadAction","target":["https:\/\/evolmec.com\/de\/technische-handbuecher\/"]}]},{"@type":"BreadcrumbList","@id":"https:\/\/evolmec.com\/de\/technische-handbuecher\/#breadcrumb","itemListElement":[{"@type":"ListItem","position":1,"name":"Home","item":"https:\/\/evolmec.com\/de\/"},{"@type":"ListItem","position":2,"name":"Technische Handb\u00fccher"}]},{"@type":"WebSite","@id":"https:\/\/evolmec.com\/#website","url":"https:\/\/evolmec.com\/","name":"Evolmec","description":"Evoluzione Meccanica","publisher":{"@id":"https:\/\/evolmec.com\/#organization"},"potentialAction":[{"@type":"SearchAction","target":{"@type":"EntryPoint","urlTemplate":"https:\/\/evolmec.com\/?s={search_term_string}"},"query-input":"required name=search_term_string"}],"inLanguage":"de"},{"@type":"Organization","@id":"https:\/\/evolmec.com\/#organization","name":"Evolmec S.r.l.","url":"https:\/\/evolmec.com\/","logo":{"@type":"ImageObject","inLanguage":"de","@id":"https:\/\/evolmec.com\/#\/schema\/logo\/image\/","url":"https:\/\/evolmec.com\/wp-content\/uploads\/2017\/07\/logo_registrato_medium.png","contentUrl":"https:\/\/evolmec.com\/wp-content\/uploads\/2017\/07\/logo_registrato_medium.png","width":600,"height":106,"caption":"Evolmec S.r.l."},"image":{"@id":"https:\/\/evolmec.com\/#\/schema\/logo\/image\/"},"sameAs":["https:\/\/www.facebook.com\/evolmec","https:\/\/www.instagram.com\/evolmec_bearings\/","https:\/\/www.linkedin.com\/company\/evolmec-s-r-l-\/","https:\/\/www.youtube.com\/channel\/UC8DTzvwORPq1-3PpF9Itl5w\/"]}]}},"_links":{"self":[{"href":"https:\/\/evolmec.com\/de\/wp-json\/wp\/v2\/pages\/8508"}],"collection":[{"href":"https:\/\/evolmec.com\/de\/wp-json\/wp\/v2\/pages"}],"about":[{"href":"https:\/\/evolmec.com\/de\/wp-json\/wp\/v2\/types\/page"}],"author":[{"embeddable":true,"href":"https:\/\/evolmec.com\/de\/wp-json\/wp\/v2\/users\/3"}],"replies":[{"embeddable":true,"href":"https:\/\/evolmec.com\/de\/wp-json\/wp\/v2\/comments?post=8508"}],"version-history":[{"count":2,"href":"https:\/\/evolmec.com\/de\/wp-json\/wp\/v2\/pages\/8508\/revisions"}],"predecessor-version":[{"id":8510,"href":"https:\/\/evolmec.com\/de\/wp-json\/wp\/v2\/pages\/8508\/revisions\/8510"}],"wp:attachment":[{"href":"https:\/\/evolmec.com\/de\/wp-json\/wp\/v2\/media?parent=8508"}],"curies":[{"name":"wp","href":"https:\/\/api.w.org\/{rel}","templated":true}]}}