{"id":8160,"date":"2023-11-10T11:47:49","date_gmt":"2023-11-10T09:47:49","guid":{"rendered":"https:\/\/evolmec.com\/diventa-nostro-distributore\/"},"modified":"2023-11-16T13:28:18","modified_gmt":"2023-11-16T11:28:18","slug":"werden-sie-unser-vertriebspartner","status":"publish","type":"page","link":"https:\/\/evolmec.com\/de\/werden-sie-unser-vertriebspartner\/","title":{"rendered":"Diventa nostro distributore"},"content":{"rendered":"<p>[et_pb_section fb_built=&#8220;1&#8243; _builder_version=&#8220;4.23&#8243; _module_preset=&#8220;default&#8220; global_colors_info=&#8220;{}&#8220;][et_pb_row _builder_version=&#8220;4.23&#8243; _module_preset=&#8220;default&#8220; global_colors_info=&#8220;{}&#8220;][et_pb_column type=&#8220;4_4&#8243; _builder_version=&#8220;4.23&#8243; _module_preset=&#8220;default&#8220; global_colors_info=&#8220;{}&#8220;][et_pb_text _builder_version=&#8220;4.23&#8243; _module_preset=&#8220;default&#8220; global_colors_info=&#8220;{}&#8220;]<\/p>\n<h1><b><span lang=\"ES\">Werden Sie unser Vertriebspartner<\/span><\/b><\/h1>\n<p>[\/et_pb_text][et_pb_image src=&#8220;https:\/\/evolmec.com\/wp-content\/uploads\/2023\/11\/diventa-partner.jpg&#8220; title_text=&#8220;diventa-partner&#8220; _builder_version=&#8220;4.23&#8243; _module_preset=&#8220;default&#8220; global_colors_info=&#8220;{}&#8220;][\/et_pb_image][et_pb_text _builder_version=&#8220;4.23&#8243; _module_preset=&#8220;default&#8220; global_colors_info=&#8220;{}&#8220;]<\/p>\n<p style=\"font-weight: 400;\">Einer unserer Gesch\u00e4ftspartner zu werden bedeutet, Teil eines st\u00e4ndig wachsenden, zukunftsorientierten Unternehmens zu werden, das hochwertige Produkte und Dienstleistungen anbietet.<\/p>\n<p style=\"font-weight: 400;\">Einige der Vorteile f\u00fcr autorisierte EVOLMEC-Vertriebspartner sind folgende:<\/p>\n<p style=\"font-weight: 400;\">\n<ul>\n<li style=\"font-weight: 400;\">Vollst\u00e4ndige und st\u00e4ndige Unterst\u00fctzung durch den technischen und kommerziellen Bereich von EVOLMEC;<\/li>\n<li style=\"font-weight: 400;\">M\u00f6gliche Verkaufsunterst\u00fctzung beim Kunden vor Ort;<\/li>\n<li style=\"font-weight: 400;\">Flexible, auf spezifische Bed\u00fcrfnisse zugeschnittene Vertriebsvertr\u00e4ge;<\/li>\n<li style=\"font-weight: 400;\">M\u00f6glichkeit von Exklusivvertr\u00e4gen oder Projekten<\/li>\n<\/ul>\n<ul><\/ul>\n<ul><\/ul>\n<h2>Lassen Sie uns gemeinsam \u00fcberlegen, wie wir zusammenarbeiten k\u00f6nnen!<\/h2>\n<p>Wenn Sie daran interessiert sind, mehr \u00fcber die M\u00f6glichkeit zu erfahren, Vertriebspartner von Evolmec zu werden, f\u00fcllen Sie bitte das nachstehende Formular aus. Wir werden uns dann so schnell wie m\u00f6glich mit Ihnen in Verbindung setzen.<\/p>\n<p>[\/et_pb_text][\/et_pb_column][\/et_pb_row][et_pb_row _builder_version=&#8220;4.23&#8243; _module_preset=&#8220;default&#8220; global_colors_info=&#8220;{}&#8220;][et_pb_column type=&#8220;4_4&#8243; _builder_version=&#8220;4.23&#8243; _module_preset=&#8220;default&#8220; global_colors_info=&#8220;{}&#8220;][et_pb_contact_form email=&#8220;info@evolmec.com&#8220; custom_message=&#8220;Nome: %%name%%||et_pb_line_break_holder||Azienda: %%azienda%%||et_pb_line_break_holder||Paese: %%country%%||et_pb_line_break_holder||Indirizzo e-mail: %%email%%||et_pb_line_break_holder||Telefono: %%tel%%||et_pb_line_break_holder||||et_pb_line_break_holder||Messaggio:||et_pb_line_break_holder||%%message%%&#8220; admin_label=&#8220;Modulo di Contatto&#8220; module_id=&#8220;et_pb_contact_form_0&#8243; _builder_version=&#8220;4.23&#8243; saved_tabs=&#8220;all&#8220; theme_builder_area=&#8220;post_content&#8220;][et_pb_contact_field field_id=&#8220;Name&#8220; field_title=&#8220;*Name&#8220; fullwidth_field=&#8220;on&#8220; _builder_version=&#8220;4.16&#8243; form_field_font=&#8220;||||&#8220; global_colors_info=&#8220;{}&#8220; button_text_size__hover_enabled=&#8220;off&#8220; button_one_text_size__hover_enabled=&#8220;off&#8220; button_two_text_size__hover_enabled=&#8220;off&#8220; button_text_color__hover_enabled=&#8220;off&#8220; button_one_text_color__hover_enabled=&#8220;off&#8220; button_two_text_color__hover_enabled=&#8220;off&#8220; button_border_width__hover_enabled=&#8220;off&#8220; button_one_border_width__hover_enabled=&#8220;off&#8220; button_two_border_width__hover_enabled=&#8220;off&#8220; button_border_color__hover_enabled=&#8220;off&#8220; button_one_border_color__hover_enabled=&#8220;off&#8220; button_two_border_color__hover_enabled=&#8220;off&#8220; button_border_radius__hover_enabled=&#8220;off&#8220; button_one_border_radius__hover_enabled=&#8220;off&#8220; button_two_border_radius__hover_enabled=&#8220;off&#8220; button_letter_spacing__hover_enabled=&#8220;off&#8220; button_one_letter_spacing__hover_enabled=&#8220;off&#8220; button_two_letter_spacing__hover_enabled=&#8220;off&#8220; button_bg_color__hover_enabled=&#8220;off&#8220; button_one_bg_color__hover_enabled=&#8220;off&#8220; button_two_bg_color__hover_enabled=&#8220;off&#8220; theme_builder_area=&#8220;post_content&#8220;][\/et_pb_contact_field][et_pb_contact_field field_id=&#8220;Azienda&#8220; field_title=&#8220;*Unternehmen&#8220; _builder_version=&#8220;4.16&#8243; form_field_font=&#8220;||||&#8220; global_colors_info=&#8220;{}&#8220; button_text_size__hover_enabled=&#8220;off&#8220; button_one_text_size__hover_enabled=&#8220;off&#8220; button_two_text_size__hover_enabled=&#8220;off&#8220; button_text_color__hover_enabled=&#8220;off&#8220; button_one_text_color__hover_enabled=&#8220;off&#8220; button_two_text_color__hover_enabled=&#8220;off&#8220; button_border_width__hover_enabled=&#8220;off&#8220; button_one_border_width__hover_enabled=&#8220;off&#8220; button_two_border_width__hover_enabled=&#8220;off&#8220; button_border_color__hover_enabled=&#8220;off&#8220; button_one_border_color__hover_enabled=&#8220;off&#8220; button_two_border_color__hover_enabled=&#8220;off&#8220; button_border_radius__hover_enabled=&#8220;off&#8220; button_one_border_radius__hover_enabled=&#8220;off&#8220; button_two_border_radius__hover_enabled=&#8220;off&#8220; button_letter_spacing__hover_enabled=&#8220;off&#8220; button_one_letter_spacing__hover_enabled=&#8220;off&#8220; button_two_letter_spacing__hover_enabled=&#8220;off&#8220; button_bg_color__hover_enabled=&#8220;off&#8220; button_one_bg_color__hover_enabled=&#8220;off&#8220; button_two_bg_color__hover_enabled=&#8220;off&#8220; theme_builder_area=&#8220;post_content&#8220;][\/et_pb_contact_field][et_pb_contact_field field_id=&#8220;country&#8220; field_title=&#8220;*Land&#8220; _builder_version=&#8220;4.16&#8243; global_colors_info=&#8220;{}&#8220; theme_builder_area=&#8220;post_content&#8220;][\/et_pb_contact_field][et_pb_contact_field field_id=&#8220;Email&#8220; field_title=&#8220;*Mail-Adresse&#8220; field_type=&#8220;email&#8220; _builder_version=&#8220;4.16&#8243; global_colors_info=&#8220;{}&#8220; button_text_size__hover_enabled=&#8220;off&#8220; button_one_text_size__hover_enabled=&#8220;off&#8220; button_two_text_size__hover_enabled=&#8220;off&#8220; button_text_color__hover_enabled=&#8220;off&#8220; button_one_text_color__hover_enabled=&#8220;off&#8220; button_two_text_color__hover_enabled=&#8220;off&#8220; button_border_width__hover_enabled=&#8220;off&#8220; button_one_border_width__hover_enabled=&#8220;off&#8220; button_two_border_width__hover_enabled=&#8220;off&#8220; button_border_color__hover_enabled=&#8220;off&#8220; button_one_border_color__hover_enabled=&#8220;off&#8220; button_two_border_color__hover_enabled=&#8220;off&#8220; button_border_radius__hover_enabled=&#8220;off&#8220; button_one_border_radius__hover_enabled=&#8220;off&#8220; button_two_border_radius__hover_enabled=&#8220;off&#8220; button_letter_spacing__hover_enabled=&#8220;off&#8220; button_one_letter_spacing__hover_enabled=&#8220;off&#8220; button_two_letter_spacing__hover_enabled=&#8220;off&#8220; button_bg_color__hover_enabled=&#8220;off&#8220; button_one_bg_color__hover_enabled=&#8220;off&#8220; button_two_bg_color__hover_enabled=&#8220;off&#8220; theme_builder_area=&#8220;post_content&#8220;][\/et_pb_contact_field][et_pb_contact_field field_id=&#8220;tel&#8220; field_title=&#8220;Telefon&#8220; allowed_symbols=&#8220;numbers&#8220; required_mark=&#8220;off&#8220; _builder_version=&#8220;4.16&#8243; global_colors_info=&#8220;{}&#8220; theme_builder_area=&#8220;post_content&#8220;][\/et_pb_contact_field][et_pb_contact_field field_id=&#8220;Message&#8220; field_title=&#8220;*Geben Sie den gew\u00fcnschten Katalog&#8220; field_type=&#8220;text&#8220; fullwidth_field=&#8220;on&#8220; _builder_version=&#8220;4.16&#8243; form_field_font=&#8220;||||&#8220; global_colors_info=&#8220;{}&#8220; button_text_size__hover_enabled=&#8220;off&#8220; button_one_text_size__hover_enabled=&#8220;off&#8220; button_two_text_size__hover_enabled=&#8220;off&#8220; button_text_color__hover_enabled=&#8220;off&#8220; button_one_text_color__hover_enabled=&#8220;off&#8220; button_two_text_color__hover_enabled=&#8220;off&#8220; button_border_width__hover_enabled=&#8220;off&#8220; button_one_border_width__hover_enabled=&#8220;off&#8220; button_two_border_width__hover_enabled=&#8220;off&#8220; button_border_color__hover_enabled=&#8220;off&#8220; button_one_border_color__hover_enabled=&#8220;off&#8220; button_two_border_color__hover_enabled=&#8220;off&#8220; button_border_radius__hover_enabled=&#8220;off&#8220; button_one_border_radius__hover_enabled=&#8220;off&#8220; button_two_border_radius__hover_enabled=&#8220;off&#8220; button_letter_spacing__hover_enabled=&#8220;off&#8220; button_one_letter_spacing__hover_enabled=&#8220;off&#8220; button_two_letter_spacing__hover_enabled=&#8220;off&#8220; button_bg_color__hover_enabled=&#8220;off&#8220; button_one_bg_color__hover_enabled=&#8220;off&#8220; button_two_bg_color__hover_enabled=&#8220;off&#8220; theme_builder_area=&#8220;post_content&#8220;][\/et_pb_contact_field][et_pb_contact_field field_id=&#8220;Privacy_policy&#8220; field_title=&#8220;*Verarbeitung von pers\u00f6nlichen Daten&#8220; field_type=&#8220;checkbox&#8220; checkbox_options=&#8220;%91{%22value%22:%22Ich stimme der Verarbeitung meiner pers\u00f6nlichen Daten zu und akzeptiere die %22,%22checked%22:0,%22dragID%22:-1,%22link_url%22:%22http:\/\/evolmec.com\/de\/datenschutzerklaerung-und-cookies\/%22,%22link_text%22:%22Datenschutzerkl\u00e4rung%22}%93&#8243; _builder_version=&#8220;4.23&#8243; global_colors_info=&#8220;{}&#8220; button_text_size__hover_enabled=&#8220;off&#8220; button_one_text_size__hover_enabled=&#8220;off&#8220; button_two_text_size__hover_enabled=&#8220;off&#8220; button_text_color__hover_enabled=&#8220;off&#8220; button_one_text_color__hover_enabled=&#8220;off&#8220; button_two_text_color__hover_enabled=&#8220;off&#8220; button_border_width__hover_enabled=&#8220;off&#8220; button_one_border_width__hover_enabled=&#8220;off&#8220; button_two_border_width__hover_enabled=&#8220;off&#8220; button_border_color__hover_enabled=&#8220;off&#8220; button_one_border_color__hover_enabled=&#8220;off&#8220; button_two_border_color__hover_enabled=&#8220;off&#8220; button_border_radius__hover_enabled=&#8220;off&#8220; button_one_border_radius__hover_enabled=&#8220;off&#8220; button_two_border_radius__hover_enabled=&#8220;off&#8220; button_letter_spacing__hover_enabled=&#8220;off&#8220; button_one_letter_spacing__hover_enabled=&#8220;off&#8220; button_two_letter_spacing__hover_enabled=&#8220;off&#8220; button_bg_color__hover_enabled=&#8220;off&#8220; button_one_bg_color__hover_enabled=&#8220;off&#8220; button_two_bg_color__hover_enabled=&#8220;off&#8220; theme_builder_area=&#8220;post_content&#8220;][\/et_pb_contact_field][\/et_pb_contact_form][\/et_pb_column][\/et_pb_row][\/et_pb_section]<\/p>\n","protected":false},"excerpt":{"rendered":"<p>Werden Sie unser VertriebspartnerEiner unserer Gesch\u00e4ftspartner zu werden bedeutet, Teil eines st\u00e4ndig wachsenden, zukunftsorientierten Unternehmens zu werden, das hochwertige Produkte und Dienstleistungen anbietet. Einige der Vorteile f\u00fcr autorisierte EVOLMEC-Vertriebspartner sind folgende: Vollst\u00e4ndige und st\u00e4ndige Unterst\u00fctzung durch den technischen und kommerziellen Bereich von EVOLMEC; M\u00f6gliche Verkaufsunterst\u00fctzung beim Kunden vor Ort; Flexible, auf spezifische Bed\u00fcrfnisse zugeschnittene Vertriebsvertr\u00e4ge; [&hellip;]<\/p>\n","protected":false},"author":3,"featured_media":8085,"parent":0,"menu_order":0,"comment_status":"closed","ping_status":"closed","template":"","meta":{"_et_pb_use_builder":"on","_et_pb_old_content":"","_et_gb_content_width":"","footnotes":""},"yoast_head":"<!-- This site is optimized with the Yoast SEO plugin v22.0 - https:\/\/yoast.com\/wordpress\/plugins\/seo\/ -->\n<title>Diventa nostro distributore - Evolmec<\/title>\n<meta name=\"robots\" content=\"index, follow, max-snippet:-1, max-image-preview:large, max-video-preview:-1\" \/>\n<link rel=\"canonical\" href=\"https:\/\/evolmec.com\/de\/werden-sie-unser-vertriebspartner\/\" \/>\n<meta property=\"og:locale\" content=\"de_DE\" \/>\n<meta property=\"og:type\" content=\"article\" \/>\n<meta property=\"og:title\" content=\"Diventa nostro distributore - Evolmec\" \/>\n<meta property=\"og:description\" content=\"Werden Sie unser VertriebspartnerEiner unserer Gesch\u00e4ftspartner zu werden bedeutet, Teil eines st\u00e4ndig wachsenden, zukunftsorientierten Unternehmens zu werden, das hochwertige Produkte und Dienstleistungen anbietet. Einige der Vorteile f\u00fcr autorisierte EVOLMEC-Vertriebspartner sind folgende: Vollst\u00e4ndige und st\u00e4ndige Unterst\u00fctzung durch den technischen und kommerziellen Bereich von EVOLMEC; M\u00f6gliche Verkaufsunterst\u00fctzung beim Kunden vor Ort; Flexible, auf spezifische Bed\u00fcrfnisse zugeschnittene Vertriebsvertr\u00e4ge; [&hellip;]\" \/>\n<meta property=\"og:url\" content=\"https:\/\/evolmec.com\/de\/werden-sie-unser-vertriebspartner\/\" \/>\n<meta property=\"og:site_name\" content=\"Evolmec\" \/>\n<meta property=\"article:publisher\" content=\"https:\/\/www.facebook.com\/evolmec\" \/>\n<meta property=\"article:modified_time\" content=\"2023-11-16T11:28:18+00:00\" \/>\n<meta property=\"og:image\" content=\"https:\/\/evolmec.com\/wp-content\/uploads\/2023\/11\/diventa-partner.jpg\" \/>\n\t<meta property=\"og:image:width\" content=\"1900\" \/>\n\t<meta property=\"og:image:height\" content=\"1024\" \/>\n\t<meta property=\"og:image:type\" content=\"image\/jpeg\" \/>\n<meta name=\"twitter:card\" content=\"summary_large_image\" \/>\n<meta name=\"twitter:label1\" content=\"Gesch\u00e4tzte Lesezeit\" \/>\n\t<meta name=\"twitter:data1\" content=\"2\u00a0Minuten\" \/>\n<script type=\"application\/ld+json\" class=\"yoast-schema-graph\">{\"@context\":\"https:\/\/schema.org\",\"@graph\":[{\"@type\":\"WebPage\",\"@id\":\"https:\/\/evolmec.com\/de\/werden-sie-unser-vertriebspartner\/\",\"url\":\"https:\/\/evolmec.com\/de\/werden-sie-unser-vertriebspartner\/\",\"name\":\"Diventa nostro distributore - Evolmec\",\"isPartOf\":{\"@id\":\"https:\/\/evolmec.com\/#website\"},\"datePublished\":\"2023-11-10T09:47:49+00:00\",\"dateModified\":\"2023-11-16T11:28:18+00:00\",\"breadcrumb\":{\"@id\":\"https:\/\/evolmec.com\/de\/werden-sie-unser-vertriebspartner\/#breadcrumb\"},\"inLanguage\":\"de\",\"potentialAction\":[{\"@type\":\"ReadAction\",\"target\":[\"https:\/\/evolmec.com\/de\/werden-sie-unser-vertriebspartner\/\"]}]},{\"@type\":\"BreadcrumbList\",\"@id\":\"https:\/\/evolmec.com\/de\/werden-sie-unser-vertriebspartner\/#breadcrumb\",\"itemListElement\":[{\"@type\":\"ListItem\",\"position\":1,\"name\":\"Home\",\"item\":\"https:\/\/evolmec.com\/de\/\"},{\"@type\":\"ListItem\",\"position\":2,\"name\":\"Diventa nostro distributore\"}]},{\"@type\":\"WebSite\",\"@id\":\"https:\/\/evolmec.com\/#website\",\"url\":\"https:\/\/evolmec.com\/\",\"name\":\"Evolmec\",\"description\":\"Evoluzione Meccanica\",\"publisher\":{\"@id\":\"https:\/\/evolmec.com\/#organization\"},\"potentialAction\":[{\"@type\":\"SearchAction\",\"target\":{\"@type\":\"EntryPoint\",\"urlTemplate\":\"https:\/\/evolmec.com\/?s={search_term_string}\"},\"query-input\":\"required name=search_term_string\"}],\"inLanguage\":\"de\"},{\"@type\":\"Organization\",\"@id\":\"https:\/\/evolmec.com\/#organization\",\"name\":\"Evolmec S.r.l.\",\"url\":\"https:\/\/evolmec.com\/\",\"logo\":{\"@type\":\"ImageObject\",\"inLanguage\":\"de\",\"@id\":\"https:\/\/evolmec.com\/#\/schema\/logo\/image\/\",\"url\":\"https:\/\/evolmec.com\/wp-content\/uploads\/2017\/07\/logo_registrato_medium.png\",\"contentUrl\":\"https:\/\/evolmec.com\/wp-content\/uploads\/2017\/07\/logo_registrato_medium.png\",\"width\":600,\"height\":106,\"caption\":\"Evolmec S.r.l.\"},\"image\":{\"@id\":\"https:\/\/evolmec.com\/#\/schema\/logo\/image\/\"},\"sameAs\":[\"https:\/\/www.facebook.com\/evolmec\",\"https:\/\/www.instagram.com\/evolmec_bearings\/\",\"https:\/\/www.linkedin.com\/company\/evolmec-s-r-l-\/\",\"https:\/\/www.youtube.com\/channel\/UC8DTzvwORPq1-3PpF9Itl5w\/\"]}]}<\/script>\n<!-- \/ Yoast SEO plugin. -->","yoast_head_json":{"title":"Diventa nostro distributore - Evolmec","robots":{"index":"index","follow":"follow","max-snippet":"max-snippet:-1","max-image-preview":"max-image-preview:large","max-video-preview":"max-video-preview:-1"},"canonical":"https:\/\/evolmec.com\/de\/werden-sie-unser-vertriebspartner\/","og_locale":"de_DE","og_type":"article","og_title":"Diventa nostro distributore - Evolmec","og_description":"Werden Sie unser VertriebspartnerEiner unserer Gesch\u00e4ftspartner zu werden bedeutet, Teil eines st\u00e4ndig wachsenden, zukunftsorientierten Unternehmens zu werden, das hochwertige Produkte und Dienstleistungen anbietet. Einige der Vorteile f\u00fcr autorisierte EVOLMEC-Vertriebspartner sind folgende: Vollst\u00e4ndige und st\u00e4ndige Unterst\u00fctzung durch den technischen und kommerziellen Bereich von EVOLMEC; M\u00f6gliche Verkaufsunterst\u00fctzung beim Kunden vor Ort; Flexible, auf spezifische Bed\u00fcrfnisse zugeschnittene Vertriebsvertr\u00e4ge; [&hellip;]","og_url":"https:\/\/evolmec.com\/de\/werden-sie-unser-vertriebspartner\/","og_site_name":"Evolmec","article_publisher":"https:\/\/www.facebook.com\/evolmec","article_modified_time":"2023-11-16T11:28:18+00:00","og_image":[{"width":1900,"height":1024,"url":"https:\/\/evolmec.com\/wp-content\/uploads\/2023\/11\/diventa-partner.jpg","type":"image\/jpeg"}],"twitter_card":"summary_large_image","twitter_misc":{"Gesch\u00e4tzte Lesezeit":"2\u00a0Minuten"},"schema":{"@context":"https:\/\/schema.org","@graph":[{"@type":"WebPage","@id":"https:\/\/evolmec.com\/de\/werden-sie-unser-vertriebspartner\/","url":"https:\/\/evolmec.com\/de\/werden-sie-unser-vertriebspartner\/","name":"Diventa nostro distributore - Evolmec","isPartOf":{"@id":"https:\/\/evolmec.com\/#website"},"datePublished":"2023-11-10T09:47:49+00:00","dateModified":"2023-11-16T11:28:18+00:00","breadcrumb":{"@id":"https:\/\/evolmec.com\/de\/werden-sie-unser-vertriebspartner\/#breadcrumb"},"inLanguage":"de","potentialAction":[{"@type":"ReadAction","target":["https:\/\/evolmec.com\/de\/werden-sie-unser-vertriebspartner\/"]}]},{"@type":"BreadcrumbList","@id":"https:\/\/evolmec.com\/de\/werden-sie-unser-vertriebspartner\/#breadcrumb","itemListElement":[{"@type":"ListItem","position":1,"name":"Home","item":"https:\/\/evolmec.com\/de\/"},{"@type":"ListItem","position":2,"name":"Diventa nostro distributore"}]},{"@type":"WebSite","@id":"https:\/\/evolmec.com\/#website","url":"https:\/\/evolmec.com\/","name":"Evolmec","description":"Evoluzione Meccanica","publisher":{"@id":"https:\/\/evolmec.com\/#organization"},"potentialAction":[{"@type":"SearchAction","target":{"@type":"EntryPoint","urlTemplate":"https:\/\/evolmec.com\/?s={search_term_string}"},"query-input":"required name=search_term_string"}],"inLanguage":"de"},{"@type":"Organization","@id":"https:\/\/evolmec.com\/#organization","name":"Evolmec S.r.l.","url":"https:\/\/evolmec.com\/","logo":{"@type":"ImageObject","inLanguage":"de","@id":"https:\/\/evolmec.com\/#\/schema\/logo\/image\/","url":"https:\/\/evolmec.com\/wp-content\/uploads\/2017\/07\/logo_registrato_medium.png","contentUrl":"https:\/\/evolmec.com\/wp-content\/uploads\/2017\/07\/logo_registrato_medium.png","width":600,"height":106,"caption":"Evolmec S.r.l."},"image":{"@id":"https:\/\/evolmec.com\/#\/schema\/logo\/image\/"},"sameAs":["https:\/\/www.facebook.com\/evolmec","https:\/\/www.instagram.com\/evolmec_bearings\/","https:\/\/www.linkedin.com\/company\/evolmec-s-r-l-\/","https:\/\/www.youtube.com\/channel\/UC8DTzvwORPq1-3PpF9Itl5w\/"]}]}},"_links":{"self":[{"href":"https:\/\/evolmec.com\/de\/wp-json\/wp\/v2\/pages\/8160"}],"collection":[{"href":"https:\/\/evolmec.com\/de\/wp-json\/wp\/v2\/pages"}],"about":[{"href":"https:\/\/evolmec.com\/de\/wp-json\/wp\/v2\/types\/page"}],"author":[{"embeddable":true,"href":"https:\/\/evolmec.com\/de\/wp-json\/wp\/v2\/users\/3"}],"replies":[{"embeddable":true,"href":"https:\/\/evolmec.com\/de\/wp-json\/wp\/v2\/comments?post=8160"}],"version-history":[{"count":4,"href":"https:\/\/evolmec.com\/de\/wp-json\/wp\/v2\/pages\/8160\/revisions"}],"predecessor-version":[{"id":8189,"href":"https:\/\/evolmec.com\/de\/wp-json\/wp\/v2\/pages\/8160\/revisions\/8189"}],"wp:featuredmedia":[{"embeddable":true,"href":"https:\/\/evolmec.com\/de\/wp-json\/wp\/v2\/media\/8085"}],"wp:attachment":[{"href":"https:\/\/evolmec.com\/de\/wp-json\/wp\/v2\/media?parent=8160"}],"curies":[{"name":"wp","href":"https:\/\/api.w.org\/{rel}","templated":true}]}}