{"id":5111,"date":"2018-01-04T12:02:39","date_gmt":"2018-01-04T11:02:39","guid":{"rendered":"http:\/\/evolmec.com\/de\/?page_id=5111"},"modified":"2018-01-04T12:02:39","modified_gmt":"2018-01-04T11:02:39","slug":"serviceleistungen","status":"publish","type":"page","link":"https:\/\/evolmec.com\/de\/serviceleistungen\/","title":{"rendered":"Serviceleistungen"},"content":{"rendered":"<p>[et_pb_section bb_built=&#8220;1&#8243; admin_label=&#8220;section&#8220; fullwidth=&#8220;on&#8220;][et_pb_fullwidth_slider admin_label=&#8220;Slider a Larghezza Piena&#8220; show_arrows=&#8220;off&#8220; show_pagination=&#8220;off&#8220; auto=&#8220;on&#8220; auto_ignore_hover=&#8220;off&#8220; parallax=&#8220;off&#8220; parallax_method=&#8220;off&#8220; remove_inner_shadow=&#8220;off&#8220; background_position=&#8220;default&#8220; background_size=&#8220;default&#8220; hide_content_on_mobile=&#8220;off&#8220; hide_cta_on_mobile=&#8220;off&#8220; show_image_video_mobile=&#8220;off&#8220; custom_button=&#8220;off&#8220; button_letter_spacing=&#8220;0&#8243; button_use_icon=&#8220;default&#8220; button_icon_placement=&#8220;right&#8220; button_on_hover=&#8220;on&#8220; button_letter_spacing_hover=&#8220;0&#8243;]<\/p>\n<p>[et_pb_slide heading=&#8220;SERVICELEISTUNG&#8220; background_image=&#8220;http:\/\/evolmec.com\/wp-content\/uploads\/2017\/08\/servizi-misurazione-collaudo-marcatura-laser-evolmec-bearing.jpg&#8220; use_bg_overlay=&#8220;on&#8220; bg_overlay_color=&#8220;rgba(0,0,0,0.17)&#8220; use_text_overlay=&#8220;off&#8220; background_position=&#8220;default&#8220; background_size=&#8220;default&#8220; background_color=&#8220;#ffffff&#8220; alignment=&#8220;center&#8220; background_layout=&#8220;dark&#8220; allow_player_pause=&#8220;off&#8220; text_border_radius=&#8220;3&#8243; header_font_select=&#8220;default&#8220; header_font=&#8220;||||&#8220; body_font_select=&#8220;default&#8220; body_font=&#8220;||||&#8220; custom_button=&#8220;off&#8220; button_font_select=&#8220;default&#8220; button_font=&#8220;||||&#8220; button_use_icon=&#8220;default&#8220; button_icon_placement=&#8220;right&#8220; button_on_hover=&#8220;on&#8220;]<\/p>\n<p>Evolmec bietet Dienstleistungen wie Lasermarkierungen und Messungen mittels der Platzierung von fortschrittlichsten Maschinen und Werkzeugen der Messtechnik an.<\/p>\n<p>[\/et_pb_slide]<\/p>\n<p>[\/et_pb_fullwidth_slider][\/et_pb_section][et_pb_section bb_built=&#8220;1&#8243; admin_label=&#8220;section&#8220;][et_pb_row admin_label=&#8220;row&#8220;][et_pb_column type=&#8220;1_2&#8243;][et_pb_blurb admin_label=&#8220;Blurb&#8220; title=&#8220;LASER &#8211; KENNZEICHNUNG&#8220; text_orientation=&#8220;center&#8220; url_new_window=&#8220;off&#8220; use_icon=&#8220;off&#8220; icon_color=&#8220;#7EBEC5&#8243; use_circle=&#8220;off&#8220; circle_color=&#8220;#7EBEC5&#8243; use_circle_border=&#8220;off&#8220; circle_border_color=&#8220;#7EBEC5&#8243; icon_placement=&#8220;top&#8220; animation=&#8220;top&#8220; background_layout=&#8220;light&#8220; use_icon_font_size=&#8220;off&#8220; use_border_color=&#8220;off&#8220; border_color=&#8220;#ffffff&#8220; border_style=&#8220;solid&#8220;]<\/p>\n<p style=\"text-align: justify;\">\n<p style=\"text-align: justify;\">Um die R\u00fcckverfolgbarkeit und die Produktgarantie aller Lager zu gew\u00e4hrleisten, werden alle Evolmec-Produkte mit Code und Firmenlogo markiert. EVOLMEC bietet auch die Laser-Kennzeichnung f\u00fcr Dritte an.<\/p>\n<p style=\"text-align: justify;\">F\u00fcr weitere Informationen bitten wir Sie unser technisches B\u00fcro zu kontaktieren.<\/p>\n<p>[\/et_pb_blurb][\/et_pb_column][et_pb_column type=&#8220;1_2&#8243;][et_pb_blurb admin_label=&#8220;Blurb&#8220; title=&#8220;MESSUNGEN&#8220; text_orientation=&#8220;center&#8220; url_new_window=&#8220;off&#8220; use_icon=&#8220;off&#8220; icon_color=&#8220;#7EBEC5&#8243; use_circle=&#8220;off&#8220; circle_color=&#8220;#7EBEC5&#8243; use_circle_border=&#8220;off&#8220; circle_border_color=&#8220;#7EBEC5&#8243; icon_placement=&#8220;top&#8220; animation=&#8220;top&#8220; background_layout=&#8220;light&#8220; use_icon_font_size=&#8220;off&#8220; use_border_color=&#8220;off&#8220; border_color=&#8220;#ffffff&#8220; border_style=&#8220;solid&#8220;]<\/p>\n<p style=\"text-align: justify;\">\n<p style=\"text-align: justify;\">EVOLMEC hat einen speziellen Messraum, ausgestattet mit den fortschrittlichsten Maschinen zur Pr\u00fcfung aller Lager. <\/p>\n<p style=\"text-align: justify;\">EVOLMEC bietet f\u00fcr jede mechanische Komponente auch Messungen<br \/>\nf\u00fcr Dritte an, f\u00fcr weitere Informationen kontaktieren Sie bitte unser technisches B\u00fcro.<\/p>\n<p>[\/et_pb_blurb][\/et_pb_column][\/et_pb_row][et_pb_row admin_label=&#8220;row&#8220;][et_pb_column type=&#8220;1_2&#8243;][et_pb_gallery admin_label=&#8220;Galleria&#8220; gallery_ids=&#8220;5020,3782,3801,3938&#8243; fullwidth=&#8220;on&#8220; \/][\/et_pb_column][et_pb_column type=&#8220;1_2&#8243;][et_pb_gallery admin_label=&#8220;Galleria&#8220; gallery_ids=&#8220;3798,3781,3800,3804&#8243; fullwidth=&#8220;on&#8220; \/][\/et_pb_column][\/et_pb_row][et_pb_row admin_label=&#8220;row&#8220;][et_pb_column type=&#8220;4_4&#8243;][et_pb_text admin_label=&#8220;Testo&#8220; text_orientation=&#8220;center&#8220; background_layout=&#8220;light&#8220; use_border_color=&#8220;off&#8220; border_color=&#8220;#ffffff&#8220; border_style=&#8220;solid&#8220;]<\/p>\n<h2>INSTRUMENTIERUNG<\/h2>\n<p>[\/et_pb_text][\/et_pb_column][\/et_pb_row][et_pb_row admin_label=&#8220;row&#8220;][et_pb_column type=&#8220;1_2&#8243;][et_pb_image admin_label=&#8220;Immagine&#8220; src=&#8220;http:\/\/evolmec.com\/wp-content\/uploads\/2017\/08\/wenzel-evolmec-cmm.jpg&#8220; animation=&#8220;fade_in&#8220; \/][et_pb_text admin_label=&#8220;Testo&#8220; background_layout=&#8220;light&#8220; text_orientation=&#8220;left&#8220; use_border_color=&#8220;off&#8220; border_color=&#8220;#ffffff&#8220; border_style=&#8220;solid&#8220;]<\/p>\n<h4><strong>KOORDINIERTE MESSMASCHINE<\/strong><\/h4>\n<h4>WENZEL LH1010<\/h4>\n<p style=\"text-align: justify;\">\n<p style=\"text-align: justify;\"><strong>DIMENSIONEN DES ARBEITSBEREICHES<\/strong><\/p>\n<p style=\"padding-left: 30px; text-align: justify;\"><strong>X-Achse<\/strong>: 1000 mm<br \/>\n<strong>Y-Achse<\/strong>: 1200 mm<br \/>\n<strong>Z-Achse<\/strong>: 1000 mm<\/p>\n<p style=\"text-align: justify;\"><strong>MOTORISIERTER INDIKATIONSKOPF RENISHAW PH10M<\/strong><\/p>\n<p style=\"text-align: justify;\"><strong>KONTAKTSONDE RENISHAW TP200<\/strong><\/p>\n<p style=\"text-align: justify;\"><strong>PR\u00c4ZISION DER MESSUNGEN:&nbsp;<\/strong>Maximal zul\u00e4ssiger Fehler = 0,0025 mm<\/p>\n<p style=\"text-align: justify;\">(Nach DIN Norm EN ISO 10360-2 in Bezug auf einen \u00d84 x 21mm Stylus)  <\/p>\n<p style=\"text-align: justify;\"><strong>BETRIEBSTEMPERATUR:<\/strong> 15\u00b0-30\u00b0<\/p>\n<p>[\/et_pb_text][\/et_pb_column][et_pb_column type=&#8220;1_2&#8243;][et_pb_image admin_label=&#8220;Immagine&#8220; src=&#8220;http:\/\/evolmec.com\/wp-content\/uploads\/2017\/08\/height-gauge-altimetro-digitale-evolmec-tesa-micro-hite-600.jpg&#8220; animation=&#8220;fade_in&#8220; \/][et_pb_text admin_label=&#8220;Testo&#8220; background_layout=&#8220;light&#8220; text_orientation=&#8220;left&#8220; use_border_color=&#8220;off&#8220; border_color=&#8220;#ffffff&#8220; border_style=&#8220;solid&#8220;]<\/p>\n<h4><strong>VERTIKALES MESSGER\u00c4T<\/strong><\/h4>\n<h4>TESA MICRO-HITE 600<\/h4>\n<p>&nbsp;<\/p>\n<p style=\"text-align: justify;\">Autonomes Instrument f\u00fcr Messungen in 1 oder 2 Koordinatenrichtungen von internen, \u00e4u\u00dferen Abmessungen, Stufen, H\u00f6hen, Tiefen und Abst\u00e4nden auf geometrischen Elementen mit flachen, parallelen oder zylindrischen Fl\u00e4chen.<\/p>\n<p style=\"text-align: justify;\">Ergebnisse nach <strong>ISO 1101.<\/strong><\/p>\n<p style=\"text-align: justify;\"><strong>Hubl\u00e4nge:<\/strong> 615mm<\/p>\n<p style=\"text-align: justify;\"><strong>PR\u00c4ZISION DER MESSUNGEN:<\/strong> Maximal zul\u00e4ssiger Fehler = (2 + 3L) \u03bcm (L in m)<\/p>\n<p>[\/et_pb_text][\/et_pb_column][\/et_pb_row][et_pb_row admin_label=&#8220;row&#8220;][et_pb_column type=&#8220;1_2&#8243;][et_pb_image admin_label=&#8220;Immagine&#8220; src=&#8220;http:\/\/evolmec.com\/wp-content\/uploads\/2017\/08\/hardness-tester-evolmec-durometro.jpg&#8220; animation=&#8220;fade_in&#8220; \/][et_pb_text admin_label=&#8220;Testo&#8220; background_layout=&#8220;light&#8220; text_orientation=&#8220;left&#8220; use_border_color=&#8220;off&#8220; border_color=&#8220;#ffffff&#8220; border_style=&#8220;solid&#8220;]<\/p>\n<h4><strong>ROCKWELL H\u00c4RTEPR\u00dcFERSTAND<\/strong><\/h4>\n<h4>INNOVATEST 600 SERIES<\/h4>\n<p>&nbsp;<\/p>\n<p style=\"text-align: justify;\">Manuelle Version, Analog und ohne Datenausgabe<\/p>\n<p style=\"text-align: justify;\"><strong>Aufl\u00f6sung:<\/strong> 1HR<\/p>\n<p style=\"text-align: justify;\"><strong>Pr\u00e4zision:<\/strong> secondo EN-ISO 6508, ASTM E-18<\/p>\n<p style=\"text-align: justify;\"><strong>Displayanzeigen:<\/strong> HRC, HRB<\/p>\n<p style=\"text-align: justify;\"><strong>Maximale St\u00fcckh\u00f6he:<\/strong> 170mm<\/p>\n<p style=\"text-align: justify;\"><strong>Maximale Bogentiefe:<\/strong> 135mm<\/p>\n<p>[\/et_pb_text][\/et_pb_column][et_pb_column type=&#8220;1_2&#8243;][et_pb_image admin_label=&#8220;Immagine&#8220; src=&#8220;http:\/\/evolmec.com\/wp-content\/uploads\/2017\/08\/evolmec-comparatore.jpg&#8220; animation=&#8220;fade_in&#8220; \/][et_pb_text admin_label=&#8220;Testo&#8220; background_layout=&#8220;light&#8220; text_orientation=&#8220;left&#8220; use_border_color=&#8220;off&#8220; border_color=&#8220;#ffffff&#8220; border_style=&#8220;solid&#8220;]<\/p>\n<h4><strong>DIGITALER VERGLEICHER<\/strong><\/h4>\n<h4>RUPAC SERIE DIGITRONIC<\/h4>\n<p>&nbsp;<\/p>\n<p style=\"text-align: justify;\"><strong>Messbereich:<\/strong> 0 -12,7mm<\/p>\n<p style=\"text-align: justify;\"><strong>Aufl\u00f6sung:<\/strong> 0,001mm<\/p>\n<p style=\"text-align: justify;\"><strong>Pr\u00e4zision:<\/strong> 8\u03bcm<\/p>\n<p>[\/et_pb_text][\/et_pb_column][\/et_pb_row][\/et_pb_section]<\/p>\n","protected":false},"excerpt":{"rendered":"<p>Evolmec bietet Dienstleistungen wie Lasermarkierungen und Messungen mittels der Platzierung von fortschrittlichsten Maschinen und Werkzeugen der Messtechnik an. Um die R\u00fcckverfolgbarkeit und die Produktgarantie aller Lager zu gew\u00e4hrleisten, werden alle Evolmec-Produkte mit Code und Firmenlogo markiert. EVOLMEC bietet auch die Laser-Kennzeichnung f\u00fcr Dritte an. F\u00fcr weitere Informationen bitten wir Sie unser technisches B\u00fcro zu kontaktieren. [&hellip;]<\/p>\n","protected":false},"author":3,"featured_media":0,"parent":0,"menu_order":0,"comment_status":"closed","ping_status":"closed","template":"","meta":{"_et_pb_use_builder":"on","_et_pb_old_content":"","_et_gb_content_width":"","footnotes":""},"yoast_head":"<!-- This site is optimized with the Yoast SEO plugin v22.0 - https:\/\/yoast.com\/wordpress\/plugins\/seo\/ -->\n<title>EVOLMEC - Serviceleistungen<\/title>\n<meta name=\"robots\" content=\"index, follow, max-snippet:-1, max-image-preview:large, max-video-preview:-1\" \/>\n<link rel=\"canonical\" href=\"https:\/\/evolmec.com\/de\/serviceleistungen\/\" \/>\n<meta property=\"og:locale\" content=\"de_DE\" \/>\n<meta property=\"og:type\" content=\"article\" \/>\n<meta property=\"og:title\" content=\"EVOLMEC - Serviceleistungen\" \/>\n<meta property=\"og:description\" content=\"Evolmec bietet Dienstleistungen wie Lasermarkierungen und Messungen mittels der Platzierung von fortschrittlichsten Maschinen und Werkzeugen der Messtechnik an. Um die R\u00fcckverfolgbarkeit und die Produktgarantie aller Lager zu gew\u00e4hrleisten, werden alle Evolmec-Produkte mit Code und Firmenlogo markiert. EVOLMEC bietet auch die Laser-Kennzeichnung f\u00fcr Dritte an. F\u00fcr weitere Informationen bitten wir Sie unser technisches B\u00fcro zu kontaktieren. [&hellip;]\" \/>\n<meta property=\"og:url\" content=\"https:\/\/evolmec.com\/de\/serviceleistungen\/\" \/>\n<meta property=\"og:site_name\" content=\"Evolmec\" \/>\n<meta property=\"article:publisher\" content=\"https:\/\/www.facebook.com\/evolmec\" \/>\n<meta property=\"og:image\" content=\"https:\/\/evolmec.com\/wp-content\/uploads\/2017\/08\/evolmec-cuscinetti-speciali-special-bearings-rodamientos-walzlager-italy-pavia-progettazione-collaudo.jpg\" \/>\n\t<meta property=\"og:image:width\" content=\"1440\" \/>\n\t<meta property=\"og:image:height\" content=\"1440\" \/>\n\t<meta property=\"og:image:type\" content=\"image\/jpeg\" \/>\n<meta name=\"twitter:card\" content=\"summary_large_image\" \/>\n<meta name=\"twitter:label1\" content=\"Gesch\u00e4tzte Lesezeit\" \/>\n\t<meta name=\"twitter:data1\" content=\"4\u00a0Minuten\" \/>\n<script type=\"application\/ld+json\" class=\"yoast-schema-graph\">{\"@context\":\"https:\/\/schema.org\",\"@graph\":[{\"@type\":\"WebPage\",\"@id\":\"https:\/\/evolmec.com\/de\/serviceleistungen\/\",\"url\":\"https:\/\/evolmec.com\/de\/serviceleistungen\/\",\"name\":\"EVOLMEC - Serviceleistungen\",\"isPartOf\":{\"@id\":\"https:\/\/evolmec.com\/#website\"},\"datePublished\":\"2018-01-04T11:02:39+00:00\",\"dateModified\":\"2018-01-04T11:02:39+00:00\",\"breadcrumb\":{\"@id\":\"https:\/\/evolmec.com\/de\/serviceleistungen\/#breadcrumb\"},\"inLanguage\":\"de\",\"potentialAction\":[{\"@type\":\"ReadAction\",\"target\":[\"https:\/\/evolmec.com\/de\/serviceleistungen\/\"]}]},{\"@type\":\"BreadcrumbList\",\"@id\":\"https:\/\/evolmec.com\/de\/serviceleistungen\/#breadcrumb\",\"itemListElement\":[{\"@type\":\"ListItem\",\"position\":1,\"name\":\"Home\",\"item\":\"https:\/\/evolmec.com\/de\/\"},{\"@type\":\"ListItem\",\"position\":2,\"name\":\"Serviceleistungen\"}]},{\"@type\":\"WebSite\",\"@id\":\"https:\/\/evolmec.com\/#website\",\"url\":\"https:\/\/evolmec.com\/\",\"name\":\"Evolmec\",\"description\":\"Evoluzione Meccanica\",\"publisher\":{\"@id\":\"https:\/\/evolmec.com\/#organization\"},\"potentialAction\":[{\"@type\":\"SearchAction\",\"target\":{\"@type\":\"EntryPoint\",\"urlTemplate\":\"https:\/\/evolmec.com\/?s={search_term_string}\"},\"query-input\":\"required name=search_term_string\"}],\"inLanguage\":\"de\"},{\"@type\":\"Organization\",\"@id\":\"https:\/\/evolmec.com\/#organization\",\"name\":\"Evolmec S.r.l.\",\"url\":\"https:\/\/evolmec.com\/\",\"logo\":{\"@type\":\"ImageObject\",\"inLanguage\":\"de\",\"@id\":\"https:\/\/evolmec.com\/#\/schema\/logo\/image\/\",\"url\":\"https:\/\/evolmec.com\/wp-content\/uploads\/2017\/07\/logo_registrato_medium.png\",\"contentUrl\":\"https:\/\/evolmec.com\/wp-content\/uploads\/2017\/07\/logo_registrato_medium.png\",\"width\":600,\"height\":106,\"caption\":\"Evolmec S.r.l.\"},\"image\":{\"@id\":\"https:\/\/evolmec.com\/#\/schema\/logo\/image\/\"},\"sameAs\":[\"https:\/\/www.facebook.com\/evolmec\",\"https:\/\/www.instagram.com\/evolmec_bearings\/\",\"https:\/\/www.linkedin.com\/company\/evolmec-s-r-l-\/\",\"https:\/\/www.youtube.com\/channel\/UC8DTzvwORPq1-3PpF9Itl5w\/\"]}]}<\/script>\n<!-- \/ Yoast SEO plugin. -->","yoast_head_json":{"title":"EVOLMEC - Serviceleistungen","robots":{"index":"index","follow":"follow","max-snippet":"max-snippet:-1","max-image-preview":"max-image-preview:large","max-video-preview":"max-video-preview:-1"},"canonical":"https:\/\/evolmec.com\/de\/serviceleistungen\/","og_locale":"de_DE","og_type":"article","og_title":"EVOLMEC - Serviceleistungen","og_description":"Evolmec bietet Dienstleistungen wie Lasermarkierungen und Messungen mittels der Platzierung von fortschrittlichsten Maschinen und Werkzeugen der Messtechnik an. Um die R\u00fcckverfolgbarkeit und die Produktgarantie aller Lager zu gew\u00e4hrleisten, werden alle Evolmec-Produkte mit Code und Firmenlogo markiert. EVOLMEC bietet auch die Laser-Kennzeichnung f\u00fcr Dritte an. F\u00fcr weitere Informationen bitten wir Sie unser technisches B\u00fcro zu kontaktieren. [&hellip;]","og_url":"https:\/\/evolmec.com\/de\/serviceleistungen\/","og_site_name":"Evolmec","article_publisher":"https:\/\/www.facebook.com\/evolmec","og_image":[{"width":1440,"height":1440,"url":"https:\/\/evolmec.com\/wp-content\/uploads\/2017\/08\/evolmec-cuscinetti-speciali-special-bearings-rodamientos-walzlager-italy-pavia-progettazione-collaudo.jpg","type":"image\/jpeg"}],"twitter_card":"summary_large_image","twitter_misc":{"Gesch\u00e4tzte Lesezeit":"4\u00a0Minuten"},"schema":{"@context":"https:\/\/schema.org","@graph":[{"@type":"WebPage","@id":"https:\/\/evolmec.com\/de\/serviceleistungen\/","url":"https:\/\/evolmec.com\/de\/serviceleistungen\/","name":"EVOLMEC - Serviceleistungen","isPartOf":{"@id":"https:\/\/evolmec.com\/#website"},"datePublished":"2018-01-04T11:02:39+00:00","dateModified":"2018-01-04T11:02:39+00:00","breadcrumb":{"@id":"https:\/\/evolmec.com\/de\/serviceleistungen\/#breadcrumb"},"inLanguage":"de","potentialAction":[{"@type":"ReadAction","target":["https:\/\/evolmec.com\/de\/serviceleistungen\/"]}]},{"@type":"BreadcrumbList","@id":"https:\/\/evolmec.com\/de\/serviceleistungen\/#breadcrumb","itemListElement":[{"@type":"ListItem","position":1,"name":"Home","item":"https:\/\/evolmec.com\/de\/"},{"@type":"ListItem","position":2,"name":"Serviceleistungen"}]},{"@type":"WebSite","@id":"https:\/\/evolmec.com\/#website","url":"https:\/\/evolmec.com\/","name":"Evolmec","description":"Evoluzione Meccanica","publisher":{"@id":"https:\/\/evolmec.com\/#organization"},"potentialAction":[{"@type":"SearchAction","target":{"@type":"EntryPoint","urlTemplate":"https:\/\/evolmec.com\/?s={search_term_string}"},"query-input":"required name=search_term_string"}],"inLanguage":"de"},{"@type":"Organization","@id":"https:\/\/evolmec.com\/#organization","name":"Evolmec S.r.l.","url":"https:\/\/evolmec.com\/","logo":{"@type":"ImageObject","inLanguage":"de","@id":"https:\/\/evolmec.com\/#\/schema\/logo\/image\/","url":"https:\/\/evolmec.com\/wp-content\/uploads\/2017\/07\/logo_registrato_medium.png","contentUrl":"https:\/\/evolmec.com\/wp-content\/uploads\/2017\/07\/logo_registrato_medium.png","width":600,"height":106,"caption":"Evolmec S.r.l."},"image":{"@id":"https:\/\/evolmec.com\/#\/schema\/logo\/image\/"},"sameAs":["https:\/\/www.facebook.com\/evolmec","https:\/\/www.instagram.com\/evolmec_bearings\/","https:\/\/www.linkedin.com\/company\/evolmec-s-r-l-\/","https:\/\/www.youtube.com\/channel\/UC8DTzvwORPq1-3PpF9Itl5w\/"]}]}},"_links":{"self":[{"href":"https:\/\/evolmec.com\/de\/wp-json\/wp\/v2\/pages\/5111"}],"collection":[{"href":"https:\/\/evolmec.com\/de\/wp-json\/wp\/v2\/pages"}],"about":[{"href":"https:\/\/evolmec.com\/de\/wp-json\/wp\/v2\/types\/page"}],"author":[{"embeddable":true,"href":"https:\/\/evolmec.com\/de\/wp-json\/wp\/v2\/users\/3"}],"replies":[{"embeddable":true,"href":"https:\/\/evolmec.com\/de\/wp-json\/wp\/v2\/comments?post=5111"}],"version-history":[{"count":2,"href":"https:\/\/evolmec.com\/de\/wp-json\/wp\/v2\/pages\/5111\/revisions"}],"predecessor-version":[{"id":5113,"href":"https:\/\/evolmec.com\/de\/wp-json\/wp\/v2\/pages\/5111\/revisions\/5113"}],"wp:attachment":[{"href":"https:\/\/evolmec.com\/de\/wp-json\/wp\/v2\/media?parent=5111"}],"curies":[{"name":"wp","href":"https:\/\/api.w.org\/{rel}","templated":true}]}}