{"id":5055,"date":"2018-01-04T09:54:55","date_gmt":"2018-01-04T08:54:55","guid":{"rendered":"http:\/\/evolmec.com\/de\/?page_id=5055"},"modified":"2021-01-15T12:35:25","modified_gmt":"2021-01-15T10:35:25","slug":"revision-lager","status":"publish","type":"page","link":"https:\/\/evolmec.com\/de\/revision-lager\/","title":{"rendered":"Revision Lager"},"content":{"rendered":"<p>[et_pb_section fb_built=&#8220;1&#8243; fullwidth=&#8220;on&#8220; admin_label=&#8220;section&#8220; _builder_version=&#8220;3.22&#8243; fb_built=&#8220;1&#8243; _i=&#8220;0&#8243; _address=&#8220;0&#8243;][et_pb_fullwidth_slider show_arrows=&#8220;off&#8220; show_pagination=&#8220;off&#8220; admin_label=&#8220;Slider a Larghezza Piena&#8220; _builder_version=&#8220;3.16&#8243; box_shadow_style=&#8220;preset6&#8243; box_shadow_blur=&#8220;10px&#8220; box_shadow_color=&#8220;rgba(0,0,0,0.1)&#8220; custom_padding=&#8220;|||&#8220; custom_padding_tablet=&#8220;|||&#8220; custom_padding_phone=&#8220;|||&#8220; show_inner_shadow=&#8220;on&#8220; _i=&#8220;0&#8243; _address=&#8220;0.0&#8243; button_text_size__hover_enabled=&#8220;off&#8220; button_one_text_size__hover_enabled=&#8220;off&#8220; button_two_text_size__hover_enabled=&#8220;off&#8220; button_text_color__hover_enabled=&#8220;off&#8220; button_one_text_color__hover_enabled=&#8220;off&#8220; button_two_text_color__hover_enabled=&#8220;off&#8220; button_border_width__hover_enabled=&#8220;off&#8220; button_one_border_width__hover_enabled=&#8220;off&#8220; button_two_border_width__hover_enabled=&#8220;off&#8220; button_border_color__hover_enabled=&#8220;off&#8220; button_one_border_color__hover_enabled=&#8220;off&#8220; button_two_border_color__hover_enabled=&#8220;off&#8220; button_border_radius__hover_enabled=&#8220;off&#8220; button_one_border_radius__hover_enabled=&#8220;off&#8220; button_two_border_radius__hover_enabled=&#8220;off&#8220; button_letter_spacing__hover_enabled=&#8220;off&#8220; button_one_letter_spacing__hover_enabled=&#8220;off&#8220; button_two_letter_spacing__hover_enabled=&#8220;off&#8220; button_bg_color__hover_enabled=&#8220;off&#8220; button_one_bg_color__hover_enabled=&#8220;off&#8220; button_two_bg_color__hover_enabled=&#8220;off&#8220;][et_pb_slide heading=&#8220;REVISION LAGER&#8220; use_bg_overlay=&#8220;on&#8220; bg_overlay_color=&#8220;rgba(0,0,0,0.46)&#8220; use_text_overlay=&#8220;off&#8220; _builder_version=&#8220;3.16&#8243; header_font=&#8220;||||&#8220; body_font=&#8220;||||&#8220; background_color=&#8220;#ffffff&#8220; background_image=&#8220;http:\/\/evolmec.com\/wp-content\/uploads\/2017\/08\/revisione-cuscinetti-evolmec-restoration-bearing.jpg&#8220; button_icon_placement=&#8220;right&#8220; button_on_hover=&#8220;on&#8220; _i=&#8220;0&#8243; _address=&#8220;0.0.0&#8243; button_text_size__hover_enabled=&#8220;off&#8220; button_one_text_size__hover_enabled=&#8220;off&#8220; button_two_text_size__hover_enabled=&#8220;off&#8220; button_text_color__hover_enabled=&#8220;off&#8220; button_one_text_color__hover_enabled=&#8220;off&#8220; button_two_text_color__hover_enabled=&#8220;off&#8220; button_border_width__hover_enabled=&#8220;off&#8220; button_one_border_width__hover_enabled=&#8220;off&#8220; button_two_border_width__hover_enabled=&#8220;off&#8220; button_border_color__hover_enabled=&#8220;off&#8220; button_one_border_color__hover_enabled=&#8220;off&#8220; button_two_border_color__hover_enabled=&#8220;off&#8220; button_border_radius__hover_enabled=&#8220;off&#8220; button_one_border_radius__hover_enabled=&#8220;off&#8220; button_two_border_radius__hover_enabled=&#8220;off&#8220; button_letter_spacing__hover_enabled=&#8220;off&#8220; button_one_letter_spacing__hover_enabled=&#8220;off&#8220; button_two_letter_spacing__hover_enabled=&#8220;off&#8220; button_bg_color__hover_enabled=&#8220;off&#8220; button_one_bg_color__hover_enabled=&#8220;off&#8220; button_two_bg_color__hover_enabled=&#8220;off&#8220;]Wann immer es m\u00f6glich und wirtschaftlich sinnvoll ist, bietet Evolmec eine Revision der Lager an, mit der Gew\u00e4hrleistung Zeit und Geld zu sparen.<br \/>\n[\/et_pb_slide][\/et_pb_fullwidth_slider][\/et_pb_section][et_pb_section fb_built=&#8220;1&#8243; admin_label=&#8220;section&#8220; _builder_version=&#8220;3.22&#8243; fb_built=&#8220;1&#8243; _i=&#8220;1&#8243; _address=&#8220;1&#8243;][et_pb_row admin_label=&#8220;row&#8220; _builder_version=&#8220;3.25&#8243; background_size=&#8220;initial&#8220; background_position=&#8220;top_left&#8220; background_repeat=&#8220;repeat&#8220; _i=&#8220;0&#8243; _address=&#8220;1.0&#8243; column_structure=&#8220;1_2,1_2&#8243;][et_pb_column type=&#8220;1_2&#8243; _builder_version=&#8220;3.25&#8243; custom_padding=&#8220;|||&#8220; _i=&#8220;0&#8243; _address=&#8220;1.0.0&#8243; custom_padding__hover=&#8220;|||&#8220;][et_pb_blurb use_icon=&#8220;on&#8220; font_icon=&#8220;%%174%%&#8220; icon_color=&#8220;#545454&#8243; icon_placement=&#8220;left&#8220; admin_label=&#8220;Blurb&#8220; _builder_version=&#8220;3.0.74&#8243; background_size=&#8220;initial&#8220; background_position=&#8220;top_left&#8220; background_repeat=&#8220;repeat&#8220; _i=&#8220;0&#8243; _address=&#8220;1.0.0.0&#8243;]<\/p>\n<p style=\"text-align: justify;\">Die Revision\/\u00dcberarbeitung eines Lagers wird ausgef\u00fchrt, wenn eine Verschlechterung aufgrund von Korrosion oder Erm\u00fcdung evident ist, wo Einschnitte und Abrieb der Laufbahnen das Schleifen der besch\u00e4digten Teile erfordert.<br \/>\nBei gr\u00f6\u00dferen Sch\u00e4den kann es notwendig sein, einen oder mehrere Teile zu ersetzen oder die Rekonstruktion der W\u00e4lzk\u00f6rper, Ringe und Distanzst\u00fccke.<\/p>\n<p>[\/et_pb_blurb][et_pb_blurb use_icon=&#8220;on&#8220; font_icon=&#8220;%%45%%&#8220; icon_color=&#8220;#545454&#8243; icon_placement=&#8220;left&#8220; admin_label=&#8220;Blurb&#8220; _builder_version=&#8220;3.0.74&#8243; background_size=&#8220;initial&#8220; background_position=&#8220;top_left&#8220; background_repeat=&#8220;repeat&#8220; _i=&#8220;1&#8243; _address=&#8220;1.0.0.1&#8243;]<\/p>\n<p style=\"text-align: justify;\">Unsere Maschinen erm\u00f6glichen die Durchmesser und Laufbahnen der <strong>Zylinderrollenlager<\/strong>, <strong>Kegelrollenlager<\/strong> und <strong>Tonnenrollen<\/strong> bis zu einer betr\u00e4chtlichen Gr\u00f6\u00dfe zu <strong>regenerieren<\/strong> (Anpassungen m\u00f6glich bis zu einem Durchmesser von 4m).<\/p>\n<p>Bitte kontaktieren Sie unser technisches B\u00fcro um die Durchf\u00fchrbarkeit der Arbeit bewerten zu k\u00f6nnen.<\/p>\n<p>[\/et_pb_blurb][\/et_pb_column][et_pb_column type=&#8220;1_2&#8243; _builder_version=&#8220;3.25&#8243; custom_padding=&#8220;|||&#8220; _i=&#8220;1&#8243; _address=&#8220;1.0.1&#8243; custom_padding__hover=&#8220;|||&#8220;][et_pb_gallery gallery_ids=&#8220;4901,4877,4637,4638&#8243; fullwidth=&#8220;on&#8220; admin_label=&#8220;Galleria&#8220; _builder_version=&#8220;3.0.47&#8243; _i=&#8220;0&#8243; _address=&#8220;1.0.1.0&#8243;][\/et_pb_gallery][\/et_pb_column][\/et_pb_row][et_pb_row admin_label=&#8220;row&#8220; _builder_version=&#8220;3.25&#8243; background_size=&#8220;initial&#8220; background_position=&#8220;top_left&#8220; background_repeat=&#8220;repeat&#8220; _i=&#8220;1&#8243; _address=&#8220;1.1&#8243; column_structure=&#8220;1_4,3_4&#8243;][et_pb_column type=&#8220;1_4&#8243; _builder_version=&#8220;3.25&#8243; custom_padding=&#8220;|||&#8220; _i=&#8220;0&#8243; _address=&#8220;1.1.0&#8243; custom_padding__hover=&#8220;|||&#8220;][et_pb_image src=&#8220;http:\/\/evolmec.com\/wp-content\/uploads\/2017\/08\/Brochure_Ripristini.jpg&#8220; align_tablet=&#8220;center&#8220; align_last_edited=&#8220;on|desktop&#8220; admin_label=&#8220;Immagine&#8220; _builder_version=&#8220;3.23&#8243; animation_style=&#8220;slide&#8220; animation_direction=&#8220;left&#8220; animation_duration=&#8220;500ms&#8220; animation_intensity_slide=&#8220;10%&#8220; _i=&#8220;0&#8243; _address=&#8220;1.1.0.0&#8243;][\/et_pb_image][\/et_pb_column][et_pb_column type=&#8220;3_4&#8243; _builder_version=&#8220;3.25&#8243; custom_padding=&#8220;|||&#8220; _i=&#8220;1&#8243; _address=&#8220;1.1.1&#8243; custom_padding__hover=&#8220;|||&#8220;][et_pb_contact_form email=&#8220;info@evolmec.com&#8220; title=&#8220;FORDERN SIE UNSEREN KATALOG AN&#8220; custom_message=&#8220;Nome: %%name%%||et_pb_line_break_holder||Azienda: %%azienda%%||et_pb_line_break_holder||Paese: %%country%%||et_pb_line_break_holder||Indirizzo e-mail: %%email%%||et_pb_line_break_holder||Telefono: %%tel%%||et_pb_line_break_holder||||et_pb_line_break_holder||Messaggio:||et_pb_line_break_holder||%%message%%&#8220; admin_label=&#8220;Modulo di Contatto&#8220; module_id=&#8220;et_pb_contact_form_0&#8243; _builder_version=&#8220;3.27.4&#8243; hover_enabled=&#8220;0&#8243; saved_tabs=&#8220;all&#8220; _i=&#8220;0&#8243; _address=&#8220;1.1.1.0&#8243; global_module=&#8220;6965&#8243;][et_pb_contact_field field_id=&#8220;Name&#8220; field_title=&#8220;*Name&#8220; _builder_version=&#8220;3.27.4&#8243; form_field_font=&#8220;||||&#8220; border_radii=&#8220;on||||&#8220; _i=&#8220;0&#8243; _address=&#8220;1.1.1.0.0&#8243; button_text_size__hover_enabled=&#8220;off&#8220; button_one_text_size__hover_enabled=&#8220;off&#8220; button_two_text_size__hover_enabled=&#8220;off&#8220; button_text_color__hover_enabled=&#8220;off&#8220; button_one_text_color__hover_enabled=&#8220;off&#8220; button_two_text_color__hover_enabled=&#8220;off&#8220; button_border_width__hover_enabled=&#8220;off&#8220; button_one_border_width__hover_enabled=&#8220;off&#8220; button_two_border_width__hover_enabled=&#8220;off&#8220; button_border_color__hover_enabled=&#8220;off&#8220; button_one_border_color__hover_enabled=&#8220;off&#8220; button_two_border_color__hover_enabled=&#8220;off&#8220; button_border_radius__hover_enabled=&#8220;off&#8220; button_one_border_radius__hover_enabled=&#8220;off&#8220; button_two_border_radius__hover_enabled=&#8220;off&#8220; button_letter_spacing__hover_enabled=&#8220;off&#8220; button_one_letter_spacing__hover_enabled=&#8220;off&#8220; button_two_letter_spacing__hover_enabled=&#8220;off&#8220; button_bg_color__hover_enabled=&#8220;off&#8220; button_one_bg_color__hover_enabled=&#8220;off&#8220; button_two_bg_color__hover_enabled=&#8220;off&#8220; fullwidth_field=&#8220;on&#8220; hover_enabled=&#8220;0&#8243;][\/et_pb_contact_field][et_pb_contact_field field_id=&#8220;Azienda&#8220; field_title=&#8220;*Unternehmen&#8220; _builder_version=&#8220;3.16&#8243; form_field_font=&#8220;||||&#8220; border_radii=&#8220;on||||&#8220; _i=&#8220;1&#8243; _address=&#8220;1.1.1.0.1&#8243; button_text_size__hover_enabled=&#8220;off&#8220; button_one_text_size__hover_enabled=&#8220;off&#8220; button_two_text_size__hover_enabled=&#8220;off&#8220; button_text_color__hover_enabled=&#8220;off&#8220; button_one_text_color__hover_enabled=&#8220;off&#8220; button_two_text_color__hover_enabled=&#8220;off&#8220; button_border_width__hover_enabled=&#8220;off&#8220; button_one_border_width__hover_enabled=&#8220;off&#8220; button_two_border_width__hover_enabled=&#8220;off&#8220; button_border_color__hover_enabled=&#8220;off&#8220; button_one_border_color__hover_enabled=&#8220;off&#8220; button_two_border_color__hover_enabled=&#8220;off&#8220; button_border_radius__hover_enabled=&#8220;off&#8220; button_one_border_radius__hover_enabled=&#8220;off&#8220; button_two_border_radius__hover_enabled=&#8220;off&#8220; button_letter_spacing__hover_enabled=&#8220;off&#8220; button_one_letter_spacing__hover_enabled=&#8220;off&#8220; button_two_letter_spacing__hover_enabled=&#8220;off&#8220; button_bg_color__hover_enabled=&#8220;off&#8220; button_one_bg_color__hover_enabled=&#8220;off&#8220; button_two_bg_color__hover_enabled=&#8220;off&#8220;][\/et_pb_contact_field][et_pb_contact_field _builder_version=&#8220;3.27.4&#8243; field_id=&#8220;country&#8220; field_title=&#8220;*Land&#8220; hover_enabled=&#8220;0&#8243;][\/et_pb_contact_field][et_pb_contact_field field_id=&#8220;Email&#8220; field_title=&#8220;*Mail-Adresse&#8220; field_type=&#8220;email&#8220; _builder_version=&#8220;3.27.4&#8243; border_radii=&#8220;on||||&#8220; _i=&#8220;2&#8243; _address=&#8220;1.1.1.0.2&#8243; button_text_size__hover_enabled=&#8220;off&#8220; button_one_text_size__hover_enabled=&#8220;off&#8220; button_two_text_size__hover_enabled=&#8220;off&#8220; button_text_color__hover_enabled=&#8220;off&#8220; button_one_text_color__hover_enabled=&#8220;off&#8220; button_two_text_color__hover_enabled=&#8220;off&#8220; button_border_width__hover_enabled=&#8220;off&#8220; button_one_border_width__hover_enabled=&#8220;off&#8220; button_two_border_width__hover_enabled=&#8220;off&#8220; button_border_color__hover_enabled=&#8220;off&#8220; button_one_border_color__hover_enabled=&#8220;off&#8220; button_two_border_color__hover_enabled=&#8220;off&#8220; button_border_radius__hover_enabled=&#8220;off&#8220; button_one_border_radius__hover_enabled=&#8220;off&#8220; button_two_border_radius__hover_enabled=&#8220;off&#8220; button_letter_spacing__hover_enabled=&#8220;off&#8220; button_one_letter_spacing__hover_enabled=&#8220;off&#8220; button_two_letter_spacing__hover_enabled=&#8220;off&#8220; button_bg_color__hover_enabled=&#8220;off&#8220; button_one_bg_color__hover_enabled=&#8220;off&#8220; button_two_bg_color__hover_enabled=&#8220;off&#8220; hover_enabled=&#8220;0&#8243;][\/et_pb_contact_field][et_pb_contact_field _builder_version=&#8220;3.27.4&#8243; field_id=&#8220;tel&#8220; field_title=&#8220;Telefon&#8220; allowed_symbols=&#8220;numbers&#8220; required_mark=&#8220;off&#8220; hover_enabled=&#8220;0&#8243;][\/et_pb_contact_field][et_pb_contact_field field_id=&#8220;Message&#8220; field_title=&#8220;*Geben Sie den gew\u00fcnschten Katalog&#8220; field_type=&#8220;text&#8220; fullwidth_field=&#8220;on&#8220; _builder_version=&#8220;3.16&#8243; form_field_font=&#8220;||||&#8220; border_radii=&#8220;on||||&#8220; _i=&#8220;3&#8243; _address=&#8220;1.1.1.0.3&#8243; button_text_size__hover_enabled=&#8220;off&#8220; button_one_text_size__hover_enabled=&#8220;off&#8220; button_two_text_size__hover_enabled=&#8220;off&#8220; button_text_color__hover_enabled=&#8220;off&#8220; button_one_text_color__hover_enabled=&#8220;off&#8220; button_two_text_color__hover_enabled=&#8220;off&#8220; button_border_width__hover_enabled=&#8220;off&#8220; button_one_border_width__hover_enabled=&#8220;off&#8220; button_two_border_width__hover_enabled=&#8220;off&#8220; button_border_color__hover_enabled=&#8220;off&#8220; button_one_border_color__hover_enabled=&#8220;off&#8220; button_two_border_color__hover_enabled=&#8220;off&#8220; button_border_radius__hover_enabled=&#8220;off&#8220; button_one_border_radius__hover_enabled=&#8220;off&#8220; button_two_border_radius__hover_enabled=&#8220;off&#8220; button_letter_spacing__hover_enabled=&#8220;off&#8220; button_one_letter_spacing__hover_enabled=&#8220;off&#8220; button_two_letter_spacing__hover_enabled=&#8220;off&#8220; button_bg_color__hover_enabled=&#8220;off&#8220; button_one_bg_color__hover_enabled=&#8220;off&#8220; button_two_bg_color__hover_enabled=&#8220;off&#8220;][\/et_pb_contact_field][et_pb_contact_field field_id=&#8220;Privacy_policy&#8220; field_title=&#8220;*Verarbeitung von pers\u00f6nlichen Daten&#8220; field_type=&#8220;checkbox&#8220; checkbox_options=&#8220;%91{%22value%22:%22Ich stimme der Verarbeitung meiner pers\u00f6nlichen Daten zu und akzeptiere die %22,%22checked%22:0,%22dragID%22:-1,%22link_url%22:%22http:\/\/evolmec.com\/de\/datenschutzerklaerung-und-cookies\/%22,%22link_text%22:%22Datenschutzerkl\u00e4rung%22}%93&#8243; _builder_version=&#8220;3.16&#8243; _i=&#8220;4&#8243; _address=&#8220;1.1.1.0.4&#8243; button_text_size__hover_enabled=&#8220;off&#8220; button_one_text_size__hover_enabled=&#8220;off&#8220; button_two_text_size__hover_enabled=&#8220;off&#8220; button_text_color__hover_enabled=&#8220;off&#8220; button_one_text_color__hover_enabled=&#8220;off&#8220; button_two_text_color__hover_enabled=&#8220;off&#8220; button_border_width__hover_enabled=&#8220;off&#8220; button_one_border_width__hover_enabled=&#8220;off&#8220; button_two_border_width__hover_enabled=&#8220;off&#8220; button_border_color__hover_enabled=&#8220;off&#8220; button_one_border_color__hover_enabled=&#8220;off&#8220; button_two_border_color__hover_enabled=&#8220;off&#8220; button_border_radius__hover_enabled=&#8220;off&#8220; button_one_border_radius__hover_enabled=&#8220;off&#8220; button_two_border_radius__hover_enabled=&#8220;off&#8220; button_letter_spacing__hover_enabled=&#8220;off&#8220; button_one_letter_spacing__hover_enabled=&#8220;off&#8220; button_two_letter_spacing__hover_enabled=&#8220;off&#8220; button_bg_color__hover_enabled=&#8220;off&#8220; button_one_bg_color__hover_enabled=&#8220;off&#8220; button_two_bg_color__hover_enabled=&#8220;off&#8220;][\/et_pb_contact_field][\/et_pb_contact_form][\/et_pb_column][\/et_pb_row][\/et_pb_section]<\/p>\n","protected":false},"excerpt":{"rendered":"<p>Wann immer es m\u00f6glich und wirtschaftlich sinnvoll ist, bietet Evolmec eine Revision der Lager an, mit der Gew\u00e4hrleistung Zeit und Geld zu sparen. Die Revision\/\u00dcberarbeitung eines Lagers wird ausgef\u00fchrt, wenn eine Verschlechterung aufgrund von Korrosion oder Erm\u00fcdung evident ist, wo Einschnitte und Abrieb der Laufbahnen das Schleifen der besch\u00e4digten Teile erfordert. Bei gr\u00f6\u00dferen Sch\u00e4den kann [&hellip;]<\/p>\n","protected":false},"author":3,"featured_media":0,"parent":0,"menu_order":0,"comment_status":"closed","ping_status":"closed","template":"","meta":{"_et_pb_use_builder":"on","_et_pb_old_content":"","_et_gb_content_width":"","footnotes":""},"yoast_head":"<!-- This site is optimized with the Yoast SEO plugin v22.0 - https:\/\/yoast.com\/wordpress\/plugins\/seo\/ -->\n<title>EVOLMEC - Revision Lager<\/title>\n<meta name=\"robots\" content=\"index, follow, max-snippet:-1, max-image-preview:large, max-video-preview:-1\" \/>\n<link rel=\"canonical\" href=\"https:\/\/evolmec.com\/de\/revision-lager\/\" \/>\n<meta property=\"og:locale\" content=\"de_DE\" \/>\n<meta property=\"og:type\" content=\"article\" \/>\n<meta property=\"og:title\" content=\"EVOLMEC - Revision Lager\" \/>\n<meta property=\"og:description\" content=\"Wann immer es m\u00f6glich und wirtschaftlich sinnvoll ist, bietet Evolmec eine Revision der Lager an, mit der Gew\u00e4hrleistung Zeit und Geld zu sparen. Die Revision\/\u00dcberarbeitung eines Lagers wird ausgef\u00fchrt, wenn eine Verschlechterung aufgrund von Korrosion oder Erm\u00fcdung evident ist, wo Einschnitte und Abrieb der Laufbahnen das Schleifen der besch\u00e4digten Teile erfordert. Bei gr\u00f6\u00dferen Sch\u00e4den kann [&hellip;]\" \/>\n<meta property=\"og:url\" content=\"https:\/\/evolmec.com\/de\/revision-lager\/\" \/>\n<meta property=\"og:site_name\" content=\"Evolmec\" \/>\n<meta property=\"article:publisher\" content=\"https:\/\/www.facebook.com\/evolmec\" \/>\n<meta property=\"article:modified_time\" content=\"2021-01-15T10:35:25+00:00\" \/>\n<meta property=\"og:image\" content=\"https:\/\/evolmec.com\/wp-content\/uploads\/2017\/08\/evolmec-cuscinetti-speciali-special-bearings-rodamientos-walzlager-italy-pavia-progettazione-collaudo.jpg\" \/>\n\t<meta property=\"og:image:width\" content=\"1440\" \/>\n\t<meta property=\"og:image:height\" content=\"1440\" \/>\n\t<meta property=\"og:image:type\" content=\"image\/jpeg\" \/>\n<meta name=\"twitter:card\" content=\"summary_large_image\" \/>\n<meta name=\"twitter:label1\" content=\"Gesch\u00e4tzte Lesezeit\" \/>\n\t<meta name=\"twitter:data1\" content=\"9\u00a0Minuten\" \/>\n<script type=\"application\/ld+json\" class=\"yoast-schema-graph\">{\"@context\":\"https:\/\/schema.org\",\"@graph\":[{\"@type\":\"WebPage\",\"@id\":\"https:\/\/evolmec.com\/de\/revision-lager\/\",\"url\":\"https:\/\/evolmec.com\/de\/revision-lager\/\",\"name\":\"EVOLMEC - Revision Lager\",\"isPartOf\":{\"@id\":\"https:\/\/evolmec.com\/#website\"},\"datePublished\":\"2018-01-04T08:54:55+00:00\",\"dateModified\":\"2021-01-15T10:35:25+00:00\",\"breadcrumb\":{\"@id\":\"https:\/\/evolmec.com\/de\/revision-lager\/#breadcrumb\"},\"inLanguage\":\"de\",\"potentialAction\":[{\"@type\":\"ReadAction\",\"target\":[\"https:\/\/evolmec.com\/de\/revision-lager\/\"]}]},{\"@type\":\"BreadcrumbList\",\"@id\":\"https:\/\/evolmec.com\/de\/revision-lager\/#breadcrumb\",\"itemListElement\":[{\"@type\":\"ListItem\",\"position\":1,\"name\":\"Home\",\"item\":\"https:\/\/evolmec.com\/de\/\"},{\"@type\":\"ListItem\",\"position\":2,\"name\":\"Revision Lager\"}]},{\"@type\":\"WebSite\",\"@id\":\"https:\/\/evolmec.com\/#website\",\"url\":\"https:\/\/evolmec.com\/\",\"name\":\"Evolmec\",\"description\":\"Evoluzione Meccanica\",\"publisher\":{\"@id\":\"https:\/\/evolmec.com\/#organization\"},\"potentialAction\":[{\"@type\":\"SearchAction\",\"target\":{\"@type\":\"EntryPoint\",\"urlTemplate\":\"https:\/\/evolmec.com\/?s={search_term_string}\"},\"query-input\":\"required name=search_term_string\"}],\"inLanguage\":\"de\"},{\"@type\":\"Organization\",\"@id\":\"https:\/\/evolmec.com\/#organization\",\"name\":\"Evolmec S.r.l.\",\"url\":\"https:\/\/evolmec.com\/\",\"logo\":{\"@type\":\"ImageObject\",\"inLanguage\":\"de\",\"@id\":\"https:\/\/evolmec.com\/#\/schema\/logo\/image\/\",\"url\":\"https:\/\/evolmec.com\/wp-content\/uploads\/2017\/07\/logo_registrato_medium.png\",\"contentUrl\":\"https:\/\/evolmec.com\/wp-content\/uploads\/2017\/07\/logo_registrato_medium.png\",\"width\":600,\"height\":106,\"caption\":\"Evolmec S.r.l.\"},\"image\":{\"@id\":\"https:\/\/evolmec.com\/#\/schema\/logo\/image\/\"},\"sameAs\":[\"https:\/\/www.facebook.com\/evolmec\",\"https:\/\/www.instagram.com\/evolmec_bearings\/\",\"https:\/\/www.linkedin.com\/company\/evolmec-s-r-l-\/\",\"https:\/\/www.youtube.com\/channel\/UC8DTzvwORPq1-3PpF9Itl5w\/\"]}]}<\/script>\n<!-- \/ Yoast SEO plugin. -->","yoast_head_json":{"title":"EVOLMEC - Revision Lager","robots":{"index":"index","follow":"follow","max-snippet":"max-snippet:-1","max-image-preview":"max-image-preview:large","max-video-preview":"max-video-preview:-1"},"canonical":"https:\/\/evolmec.com\/de\/revision-lager\/","og_locale":"de_DE","og_type":"article","og_title":"EVOLMEC - Revision Lager","og_description":"Wann immer es m\u00f6glich und wirtschaftlich sinnvoll ist, bietet Evolmec eine Revision der Lager an, mit der Gew\u00e4hrleistung Zeit und Geld zu sparen. Die Revision\/\u00dcberarbeitung eines Lagers wird ausgef\u00fchrt, wenn eine Verschlechterung aufgrund von Korrosion oder Erm\u00fcdung evident ist, wo Einschnitte und Abrieb der Laufbahnen das Schleifen der besch\u00e4digten Teile erfordert. Bei gr\u00f6\u00dferen Sch\u00e4den kann [&hellip;]","og_url":"https:\/\/evolmec.com\/de\/revision-lager\/","og_site_name":"Evolmec","article_publisher":"https:\/\/www.facebook.com\/evolmec","article_modified_time":"2021-01-15T10:35:25+00:00","og_image":[{"width":1440,"height":1440,"url":"https:\/\/evolmec.com\/wp-content\/uploads\/2017\/08\/evolmec-cuscinetti-speciali-special-bearings-rodamientos-walzlager-italy-pavia-progettazione-collaudo.jpg","type":"image\/jpeg"}],"twitter_card":"summary_large_image","twitter_misc":{"Gesch\u00e4tzte Lesezeit":"9\u00a0Minuten"},"schema":{"@context":"https:\/\/schema.org","@graph":[{"@type":"WebPage","@id":"https:\/\/evolmec.com\/de\/revision-lager\/","url":"https:\/\/evolmec.com\/de\/revision-lager\/","name":"EVOLMEC - Revision Lager","isPartOf":{"@id":"https:\/\/evolmec.com\/#website"},"datePublished":"2018-01-04T08:54:55+00:00","dateModified":"2021-01-15T10:35:25+00:00","breadcrumb":{"@id":"https:\/\/evolmec.com\/de\/revision-lager\/#breadcrumb"},"inLanguage":"de","potentialAction":[{"@type":"ReadAction","target":["https:\/\/evolmec.com\/de\/revision-lager\/"]}]},{"@type":"BreadcrumbList","@id":"https:\/\/evolmec.com\/de\/revision-lager\/#breadcrumb","itemListElement":[{"@type":"ListItem","position":1,"name":"Home","item":"https:\/\/evolmec.com\/de\/"},{"@type":"ListItem","position":2,"name":"Revision Lager"}]},{"@type":"WebSite","@id":"https:\/\/evolmec.com\/#website","url":"https:\/\/evolmec.com\/","name":"Evolmec","description":"Evoluzione Meccanica","publisher":{"@id":"https:\/\/evolmec.com\/#organization"},"potentialAction":[{"@type":"SearchAction","target":{"@type":"EntryPoint","urlTemplate":"https:\/\/evolmec.com\/?s={search_term_string}"},"query-input":"required name=search_term_string"}],"inLanguage":"de"},{"@type":"Organization","@id":"https:\/\/evolmec.com\/#organization","name":"Evolmec S.r.l.","url":"https:\/\/evolmec.com\/","logo":{"@type":"ImageObject","inLanguage":"de","@id":"https:\/\/evolmec.com\/#\/schema\/logo\/image\/","url":"https:\/\/evolmec.com\/wp-content\/uploads\/2017\/07\/logo_registrato_medium.png","contentUrl":"https:\/\/evolmec.com\/wp-content\/uploads\/2017\/07\/logo_registrato_medium.png","width":600,"height":106,"caption":"Evolmec S.r.l."},"image":{"@id":"https:\/\/evolmec.com\/#\/schema\/logo\/image\/"},"sameAs":["https:\/\/www.facebook.com\/evolmec","https:\/\/www.instagram.com\/evolmec_bearings\/","https:\/\/www.linkedin.com\/company\/evolmec-s-r-l-\/","https:\/\/www.youtube.com\/channel\/UC8DTzvwORPq1-3PpF9Itl5w\/"]}]}},"_links":{"self":[{"href":"https:\/\/evolmec.com\/de\/wp-json\/wp\/v2\/pages\/5055"}],"collection":[{"href":"https:\/\/evolmec.com\/de\/wp-json\/wp\/v2\/pages"}],"about":[{"href":"https:\/\/evolmec.com\/de\/wp-json\/wp\/v2\/types\/page"}],"author":[{"embeddable":true,"href":"https:\/\/evolmec.com\/de\/wp-json\/wp\/v2\/users\/3"}],"replies":[{"embeddable":true,"href":"https:\/\/evolmec.com\/de\/wp-json\/wp\/v2\/comments?post=5055"}],"version-history":[{"count":4,"href":"https:\/\/evolmec.com\/de\/wp-json\/wp\/v2\/pages\/5055\/revisions"}],"predecessor-version":[{"id":6966,"href":"https:\/\/evolmec.com\/de\/wp-json\/wp\/v2\/pages\/5055\/revisions\/6966"}],"wp:attachment":[{"href":"https:\/\/evolmec.com\/de\/wp-json\/wp\/v2\/media?parent=5055"}],"curies":[{"name":"wp","href":"https:\/\/api.w.org\/{rel}","templated":true}]}}