{"id":5053,"date":"2018-01-04T09:48:56","date_gmt":"2018-01-04T08:48:56","guid":{"rendered":"http:\/\/evolmec.com\/de\/?page_id=5053"},"modified":"2018-03-27T11:00:37","modified_gmt":"2018-03-27T10:00:37","slug":"rad-baugruppe","status":"publish","type":"page","link":"https:\/\/evolmec.com\/de\/rad-baugruppe\/","title":{"rendered":"Rad-Baugruppe"},"content":{"rendered":"<p>[et_pb_section fb_built=&#8220;1&#8243; fullwidth=&#8220;on&#8220; admin_label=&#8220;section&#8220;][et_pb_fullwidth_slider show_arrows=&#8220;off&#8220; show_pagination=&#8220;off&#8220; top_padding=&#8220;200px&#8220; bottom_padding=&#8220;200px&#8220; admin_label=&#8220;Slider a Larghezza Piena&#8220;][et_pb_slide background_image=&#8220;http:\/\/evolmec.com\/wp-content\/uploads\/2017\/08\/intestazione-gruppi-ruota-evolmec-track-rollers-bearing-bearings-cuscinetti-privincia-pavia-italia.jpg&#8220; use_bg_overlay=&#8220;off&#8220; use_text_overlay=&#8220;off&#8220;][\/et_pb_slide][\/et_pb_fullwidth_slider][\/et_pb_section][et_pb_section fb_built=&#8220;1&#8243; admin_label=&#8220;section&#8220;][et_pb_row custom_padding=&#8220;0px|||&#8220; admin_label=&#8220;row&#8220;][et_pb_column type=&#8220;4_4&#8243; parallax=&#8220;off&#8220; parallax_method=&#8220;on&#8220;][et_pb_text admin_label=&#8220;Testo&#8220;]<\/p>\n<h1 style=\"text-align: center;\"><span>RAD-BAUGRUPPE<\/span><\/h1>\n<p style=\"text-align: justify;\" class=\"et-fb-mce-line-break-holder\"><span><\/span><\/p>\n<p style=\"text-align: justify;\"><span>Das Hauptmerkmal dieser Serie der Rollen ist die hohe Dicke des Au\u00dfenrings, geeignet um den hohen spezifischen Druck und den St\u00f6\u00dfen zu widerstehen, welche durch die Verwendung dieser Lager entstehen wie bei Druckrollen, Rollen f\u00fcr F\u00f6rderer, Lager f\u00fcr Pfosten von Gabelstaplern und den Transport von Coils.<\/span><\/p>\n<p>[\/et_pb_text][\/et_pb_column][\/et_pb_row][et_pb_row admin_label=&#8220;row&#8220;][et_pb_column type=&#8220;1_2&#8243; parallax=&#8220;off&#8220; parallax_method=&#8220;on&#8220;][et_pb_text admin_label=&#8220;Testo&#8220;]<\/p>\n<h2 style=\"text-align: center;\">TECHNISCHE MERKMALE<\/h2>\n<p>[\/et_pb_text][et_pb_blurb title=&#8220;Lieferbare Ausf\u00fchrungen&#8220; use_icon=&#8220;on&#8220; font_icon=&#8220;%%45%%&#8220; icon_color=&#8220;#545454&#8243; icon_placement=&#8220;left&#8220; admin_label=&#8220;Blurb&#8220;]<\/p>\n<p style=\"text-align: justify;\"><span>Vollrollige Zylinderrollenlager R\u00e4der und Sonderausf\u00fchrungen<\/span><\/p>\n<p>[\/et_pb_blurb][et_pb_blurb title=&#8220;Ma\u00dfgenauigkeit&#8220; use_icon=&#8220;on&#8220; font_icon=&#8220;%%20%%&#8220; icon_color=&#8220;#545454&#8243; icon_placement=&#8220;left&#8220; admin_label=&#8220;Blurb&#8220;]<\/p>\n<p style=\"text-align: justify;\"><span>P0\u2026.P6 (nach DIN Norm 620)<\/span><\/p>\n<p>[\/et_pb_blurb][et_pb_blurb title=&#8220;Rotationsgenauigkeit&#8220; use_icon=&#8220;on&#8220; font_icon=&#8220;%%20%%&#8220; icon_color=&#8220;#545454&#8243; icon_placement=&#8220;left&#8220; admin_label=&#8220;Blurb&#8220;]<\/p>\n<p style=\"text-align: justify;\"><span>P0\u2026P06 (nach DIN Norm 620) Erh\u00f6htes Spiel f\u00fcr den Einsatz in Umgebungen mit hohen Temperaturen.<br \/>\nGeeignete W\u00e4rmebehandlung, um den Einsatz in Umgebungen mit hohen Temperaturen zu gew\u00e4hrleisten.<br \/>\nLabyrinth- und Schutzdichtungen entwickelt speziell f\u00fcr Umgebungen mit starker Pr\u00e4senz von Verunreinigungen, \u00d6len und Schmierfette f\u00fcr hohe Temperaturen.<\/span><\/p>\n<p>[\/et_pb_blurb][et_pb_blurb title=&#8220;Material Ringe&#8220; use_icon=&#8220;on&#8220; font_icon=&#8220;%%20%%&#8220; icon_color=&#8220;#545454&#8243; icon_placement=&#8220;left&#8220; admin_label=&#8220;Blurb&#8220;]<\/p>\n<p style=\"text-align: justify;\"><span>100Cr6 (UNI 3097 \u2013 WNr. 1.3505) \/ 100CrMo7 (UNI 3097 \u2013 WNr. 1.3537) \/ 20CrMo \/ 20CrMnTi<\/span><\/p>\n<p>[\/et_pb_blurb][et_pb_blurb title=&#8220;Oberfl\u00e4chenh\u00e4rte&#8220; use_icon=&#8220;on&#8220; font_icon=&#8220;%%20%%&#8220; icon_color=&#8220;#545454&#8243; icon_placement=&#8220;left&#8220; admin_label=&#8220;Blurb&#8220;]<\/p>\n<p style=\"text-align: justify;\"><span>58 \/ 64 HRc<\/span><\/p>\n<p style=\"text-align: justify;\"><span>F\u00fcr weitere Informationen kontaktieren Sie bitte unser technisches B\u00fcro<\/span><\/p>\n<p>[\/et_pb_blurb][\/et_pb_column][et_pb_column type=&#8220;1_2&#8243; parallax=&#8220;off&#8220; parallax_method=&#8220;on&#8220;][et_pb_gallery gallery_ids=&#8220;4270,4271,4269&#8243; fullwidth=&#8220;on&#8220; admin_label=&#8220;Galleria&#8220; auto=&#8220;on&#8220; auto_speed=&#8220;5000&#8243;][\/et_pb_gallery][et_pb_tabs admin_label=&#8220;Scheda&#8220;][et_pb_tab title=&#8220;Allgemeine Merkmale&#8220; tab_font=&#8220;||||&#8220; tab_line_height=&#8220;2em&#8220; tab_line_height_tablet=&#8220;2em&#8220; tab_line_height_phone=&#8220;2em&#8220; body_font=&#8220;||||&#8220; body_line_height=&#8220;2em&#8220; body_line_height_tablet=&#8220;2em&#8220; body_line_height_phone=&#8220;2em&#8220;]<\/p>\n<p>Entwickelt und intern gepr\u00fcft (Italien), im Outsourcing produziert (Italien\/Europa).<\/p>\n<p>Herkunft Material: Italien \/ Europa<\/p>\n<p>[\/et_pb_tab][et_pb_tab title=&#8220;Anwendungen&#8220; tab_font=&#8220;||||&#8220; tab_line_height=&#8220;2em&#8220; tab_line_height_tablet=&#8220;2em&#8220; tab_line_height_phone=&#8220;2em&#8220; body_font=&#8220;||||&#8220; body_line_height=&#8220;2em&#8220; body_line_height_tablet=&#8220;2em&#8220; body_line_height_phone=&#8220;2em&#8220;]<\/p>\n<p><span>Hoch\u00f6fen, Ziegelei und Zementwerk<\/span><\/p>\n<p>[\/et_pb_tab][\/et_pb_tabs][\/et_pb_column][\/et_pb_row][\/et_pb_section]<\/p>\n","protected":false},"excerpt":{"rendered":"<p>RAD-BAUGRUPPE Das Hauptmerkmal dieser Serie der Rollen ist die hohe Dicke des Au\u00dfenrings, geeignet um den hohen spezifischen Druck und den St\u00f6\u00dfen zu widerstehen, welche durch die Verwendung dieser Lager entstehen wie bei Druckrollen, Rollen f\u00fcr F\u00f6rderer, Lager f\u00fcr Pfosten von Gabelstaplern und den Transport von Coils. TECHNISCHE MERKMALE Vollrollige Zylinderrollenlager R\u00e4der und Sonderausf\u00fchrungen P0\u2026.P6 [&hellip;]<\/p>\n","protected":false},"author":3,"featured_media":0,"parent":0,"menu_order":0,"comment_status":"closed","ping_status":"closed","template":"","meta":{"_et_pb_use_builder":"on","_et_pb_old_content":"","_et_gb_content_width":"","footnotes":""},"yoast_head":"<!-- This site is optimized with the Yoast SEO plugin v22.0 - https:\/\/yoast.com\/wordpress\/plugins\/seo\/ -->\n<title>EVOLMEC - Rad-Baugruppe<\/title>\n<meta name=\"robots\" content=\"index, follow, max-snippet:-1, max-image-preview:large, max-video-preview:-1\" \/>\n<link rel=\"canonical\" href=\"https:\/\/evolmec.com\/de\/rad-baugruppe\/\" \/>\n<meta property=\"og:locale\" content=\"de_DE\" \/>\n<meta property=\"og:type\" content=\"article\" \/>\n<meta property=\"og:title\" content=\"EVOLMEC - Rad-Baugruppe\" \/>\n<meta property=\"og:description\" content=\"RAD-BAUGRUPPE Das Hauptmerkmal dieser Serie der Rollen ist die hohe Dicke des Au\u00dfenrings, geeignet um den hohen spezifischen Druck und den St\u00f6\u00dfen zu widerstehen, welche durch die Verwendung dieser Lager entstehen wie bei Druckrollen, Rollen f\u00fcr F\u00f6rderer, Lager f\u00fcr Pfosten von Gabelstaplern und den Transport von Coils. TECHNISCHE MERKMALE Vollrollige Zylinderrollenlager R\u00e4der und Sonderausf\u00fchrungen P0\u2026.P6 [&hellip;]\" \/>\n<meta property=\"og:url\" content=\"https:\/\/evolmec.com\/de\/rad-baugruppe\/\" \/>\n<meta property=\"og:site_name\" content=\"Evolmec\" \/>\n<meta property=\"article:publisher\" content=\"https:\/\/www.facebook.com\/evolmec\" \/>\n<meta property=\"article:modified_time\" content=\"2018-03-27T10:00:37+00:00\" \/>\n<meta property=\"og:image\" content=\"https:\/\/evolmec.com\/wp-content\/uploads\/2017\/08\/evolmec-cuscinetti-speciali-special-bearings-rodamientos-walzlager-italy-pavia-progettazione-collaudo.jpg\" \/>\n\t<meta property=\"og:image:width\" content=\"1440\" \/>\n\t<meta property=\"og:image:height\" content=\"1440\" \/>\n\t<meta property=\"og:image:type\" content=\"image\/jpeg\" \/>\n<meta name=\"twitter:card\" content=\"summary_large_image\" \/>\n<meta name=\"twitter:label1\" content=\"Gesch\u00e4tzte Lesezeit\" \/>\n\t<meta name=\"twitter:data1\" content=\"3\u00a0Minuten\" \/>\n<script type=\"application\/ld+json\" class=\"yoast-schema-graph\">{\"@context\":\"https:\/\/schema.org\",\"@graph\":[{\"@type\":\"WebPage\",\"@id\":\"https:\/\/evolmec.com\/de\/rad-baugruppe\/\",\"url\":\"https:\/\/evolmec.com\/de\/rad-baugruppe\/\",\"name\":\"EVOLMEC - Rad-Baugruppe\",\"isPartOf\":{\"@id\":\"https:\/\/evolmec.com\/#website\"},\"datePublished\":\"2018-01-04T08:48:56+00:00\",\"dateModified\":\"2018-03-27T10:00:37+00:00\",\"breadcrumb\":{\"@id\":\"https:\/\/evolmec.com\/de\/rad-baugruppe\/#breadcrumb\"},\"inLanguage\":\"de\",\"potentialAction\":[{\"@type\":\"ReadAction\",\"target\":[\"https:\/\/evolmec.com\/de\/rad-baugruppe\/\"]}]},{\"@type\":\"BreadcrumbList\",\"@id\":\"https:\/\/evolmec.com\/de\/rad-baugruppe\/#breadcrumb\",\"itemListElement\":[{\"@type\":\"ListItem\",\"position\":1,\"name\":\"Home\",\"item\":\"https:\/\/evolmec.com\/de\/\"},{\"@type\":\"ListItem\",\"position\":2,\"name\":\"Rad-Baugruppe\"}]},{\"@type\":\"WebSite\",\"@id\":\"https:\/\/evolmec.com\/#website\",\"url\":\"https:\/\/evolmec.com\/\",\"name\":\"Evolmec\",\"description\":\"Evoluzione Meccanica\",\"publisher\":{\"@id\":\"https:\/\/evolmec.com\/#organization\"},\"potentialAction\":[{\"@type\":\"SearchAction\",\"target\":{\"@type\":\"EntryPoint\",\"urlTemplate\":\"https:\/\/evolmec.com\/?s={search_term_string}\"},\"query-input\":\"required name=search_term_string\"}],\"inLanguage\":\"de\"},{\"@type\":\"Organization\",\"@id\":\"https:\/\/evolmec.com\/#organization\",\"name\":\"Evolmec S.r.l.\",\"url\":\"https:\/\/evolmec.com\/\",\"logo\":{\"@type\":\"ImageObject\",\"inLanguage\":\"de\",\"@id\":\"https:\/\/evolmec.com\/#\/schema\/logo\/image\/\",\"url\":\"https:\/\/evolmec.com\/wp-content\/uploads\/2017\/07\/logo_registrato_medium.png\",\"contentUrl\":\"https:\/\/evolmec.com\/wp-content\/uploads\/2017\/07\/logo_registrato_medium.png\",\"width\":600,\"height\":106,\"caption\":\"Evolmec S.r.l.\"},\"image\":{\"@id\":\"https:\/\/evolmec.com\/#\/schema\/logo\/image\/\"},\"sameAs\":[\"https:\/\/www.facebook.com\/evolmec\",\"https:\/\/www.instagram.com\/evolmec_bearings\/\",\"https:\/\/www.linkedin.com\/company\/evolmec-s-r-l-\/\",\"https:\/\/www.youtube.com\/channel\/UC8DTzvwORPq1-3PpF9Itl5w\/\"]}]}<\/script>\n<!-- \/ Yoast SEO plugin. -->","yoast_head_json":{"title":"EVOLMEC - Rad-Baugruppe","robots":{"index":"index","follow":"follow","max-snippet":"max-snippet:-1","max-image-preview":"max-image-preview:large","max-video-preview":"max-video-preview:-1"},"canonical":"https:\/\/evolmec.com\/de\/rad-baugruppe\/","og_locale":"de_DE","og_type":"article","og_title":"EVOLMEC - Rad-Baugruppe","og_description":"RAD-BAUGRUPPE Das Hauptmerkmal dieser Serie der Rollen ist die hohe Dicke des Au\u00dfenrings, geeignet um den hohen spezifischen Druck und den St\u00f6\u00dfen zu widerstehen, welche durch die Verwendung dieser Lager entstehen wie bei Druckrollen, Rollen f\u00fcr F\u00f6rderer, Lager f\u00fcr Pfosten von Gabelstaplern und den Transport von Coils. TECHNISCHE MERKMALE Vollrollige Zylinderrollenlager R\u00e4der und Sonderausf\u00fchrungen P0\u2026.P6 [&hellip;]","og_url":"https:\/\/evolmec.com\/de\/rad-baugruppe\/","og_site_name":"Evolmec","article_publisher":"https:\/\/www.facebook.com\/evolmec","article_modified_time":"2018-03-27T10:00:37+00:00","og_image":[{"width":1440,"height":1440,"url":"https:\/\/evolmec.com\/wp-content\/uploads\/2017\/08\/evolmec-cuscinetti-speciali-special-bearings-rodamientos-walzlager-italy-pavia-progettazione-collaudo.jpg","type":"image\/jpeg"}],"twitter_card":"summary_large_image","twitter_misc":{"Gesch\u00e4tzte Lesezeit":"3\u00a0Minuten"},"schema":{"@context":"https:\/\/schema.org","@graph":[{"@type":"WebPage","@id":"https:\/\/evolmec.com\/de\/rad-baugruppe\/","url":"https:\/\/evolmec.com\/de\/rad-baugruppe\/","name":"EVOLMEC - Rad-Baugruppe","isPartOf":{"@id":"https:\/\/evolmec.com\/#website"},"datePublished":"2018-01-04T08:48:56+00:00","dateModified":"2018-03-27T10:00:37+00:00","breadcrumb":{"@id":"https:\/\/evolmec.com\/de\/rad-baugruppe\/#breadcrumb"},"inLanguage":"de","potentialAction":[{"@type":"ReadAction","target":["https:\/\/evolmec.com\/de\/rad-baugruppe\/"]}]},{"@type":"BreadcrumbList","@id":"https:\/\/evolmec.com\/de\/rad-baugruppe\/#breadcrumb","itemListElement":[{"@type":"ListItem","position":1,"name":"Home","item":"https:\/\/evolmec.com\/de\/"},{"@type":"ListItem","position":2,"name":"Rad-Baugruppe"}]},{"@type":"WebSite","@id":"https:\/\/evolmec.com\/#website","url":"https:\/\/evolmec.com\/","name":"Evolmec","description":"Evoluzione Meccanica","publisher":{"@id":"https:\/\/evolmec.com\/#organization"},"potentialAction":[{"@type":"SearchAction","target":{"@type":"EntryPoint","urlTemplate":"https:\/\/evolmec.com\/?s={search_term_string}"},"query-input":"required name=search_term_string"}],"inLanguage":"de"},{"@type":"Organization","@id":"https:\/\/evolmec.com\/#organization","name":"Evolmec S.r.l.","url":"https:\/\/evolmec.com\/","logo":{"@type":"ImageObject","inLanguage":"de","@id":"https:\/\/evolmec.com\/#\/schema\/logo\/image\/","url":"https:\/\/evolmec.com\/wp-content\/uploads\/2017\/07\/logo_registrato_medium.png","contentUrl":"https:\/\/evolmec.com\/wp-content\/uploads\/2017\/07\/logo_registrato_medium.png","width":600,"height":106,"caption":"Evolmec S.r.l."},"image":{"@id":"https:\/\/evolmec.com\/#\/schema\/logo\/image\/"},"sameAs":["https:\/\/www.facebook.com\/evolmec","https:\/\/www.instagram.com\/evolmec_bearings\/","https:\/\/www.linkedin.com\/company\/evolmec-s-r-l-\/","https:\/\/www.youtube.com\/channel\/UC8DTzvwORPq1-3PpF9Itl5w\/"]}]}},"_links":{"self":[{"href":"https:\/\/evolmec.com\/de\/wp-json\/wp\/v2\/pages\/5053"}],"collection":[{"href":"https:\/\/evolmec.com\/de\/wp-json\/wp\/v2\/pages"}],"about":[{"href":"https:\/\/evolmec.com\/de\/wp-json\/wp\/v2\/types\/page"}],"author":[{"embeddable":true,"href":"https:\/\/evolmec.com\/de\/wp-json\/wp\/v2\/users\/3"}],"replies":[{"embeddable":true,"href":"https:\/\/evolmec.com\/de\/wp-json\/wp\/v2\/comments?post=5053"}],"version-history":[{"count":3,"href":"https:\/\/evolmec.com\/de\/wp-json\/wp\/v2\/pages\/5053\/revisions"}],"predecessor-version":[{"id":5318,"href":"https:\/\/evolmec.com\/de\/wp-json\/wp\/v2\/pages\/5053\/revisions\/5318"}],"wp:attachment":[{"href":"https:\/\/evolmec.com\/de\/wp-json\/wp\/v2\/media?parent=5053"}],"curies":[{"name":"wp","href":"https:\/\/api.w.org\/{rel}","templated":true}]}}