{"id":5051,"date":"2018-01-04T09:41:22","date_gmt":"2018-01-04T08:41:22","guid":{"rendered":"http:\/\/evolmec.com\/de\/?page_id=5051"},"modified":"2020-03-02T12:25:15","modified_gmt":"2020-03-02T10:25:15","slug":"standard-und-spezielle-waelzlager","status":"publish","type":"page","link":"https:\/\/evolmec.com\/de\/standard-und-spezielle-waelzlager\/","title":{"rendered":"Standard- und Spezielle-W\u00e4lzlager"},"content":{"rendered":"<p>[et_pb_section fb_built=&#8220;1&#8243; fullwidth=&#8220;on&#8220; admin_label=&#8220;section&#8220; _builder_version=&#8220;3.22&#8243; fb_built=&#8220;1&#8243; _i=&#8220;0&#8243; _address=&#8220;0&#8243;][et_pb_fullwidth_slider show_arrows=&#8220;off&#8220; show_pagination=&#8220;off&#8220; admin_label=&#8220;Slider a Larghezza Piena&#8220; _builder_version=&#8220;3.27.4&#8243; box_shadow_style=&#8220;preset6&#8243; box_shadow_blur=&#8220;10px&#8220; box_shadow_color=&#8220;rgba(0,0,0,0.1)&#8220; custom_padding=&#8220;200px||200px|&#8220; custom_padding_tablet=&#8220;|||&#8220; custom_padding_phone=&#8220;|||&#8220; hover_enabled=&#8220;0&#8243; top_padding=&#8220;200px&#8220; bottom_padding=&#8220;200px&#8220; show_inner_shadow=&#8220;on&#8220; _i=&#8220;0&#8243; _address=&#8220;0.0&#8243; button_text_size__hover_enabled=&#8220;off&#8220; button_one_text_size__hover_enabled=&#8220;off&#8220; button_two_text_size__hover_enabled=&#8220;off&#8220; button_text_color__hover_enabled=&#8220;off&#8220; button_one_text_color__hover_enabled=&#8220;off&#8220; button_two_text_color__hover_enabled=&#8220;off&#8220; button_border_width__hover_enabled=&#8220;off&#8220; button_one_border_width__hover_enabled=&#8220;off&#8220; button_two_border_width__hover_enabled=&#8220;off&#8220; button_border_color__hover_enabled=&#8220;off&#8220; button_one_border_color__hover_enabled=&#8220;off&#8220; button_two_border_color__hover_enabled=&#8220;off&#8220; button_border_radius__hover_enabled=&#8220;off&#8220; button_one_border_radius__hover_enabled=&#8220;off&#8220; button_two_border_radius__hover_enabled=&#8220;off&#8220; button_letter_spacing__hover_enabled=&#8220;off&#8220; button_one_letter_spacing__hover_enabled=&#8220;off&#8220; button_two_letter_spacing__hover_enabled=&#8220;off&#8220; button_bg_color__hover_enabled=&#8220;off&#8220; button_one_bg_color__hover_enabled=&#8220;off&#8220; button_two_bg_color__hover_enabled=&#8220;off&#8220;][et_pb_slide use_bg_overlay=&#8220;off&#8220; use_text_overlay=&#8220;off&#8220; _builder_version=&#8220;3.27.4&#8243; background_color=&#8220;#ffffff&#8220; background_image=&#8220;http:\/\/evolmec.com\/wp-content\/uploads\/2020\/03\/intestazione-cuscinetti-standard-speciali-medie-grandi-dimensioni-cuscinetti-volventi-pavia-italia.jpg&#8220; background_enable_image=&#8220;on&#8220; hover_enabled=&#8220;0&#8243; _i=&#8220;0&#8243; _address=&#8220;0.0.0&#8243; button_text_size__hover_enabled=&#8220;off&#8220; button_one_text_size__hover_enabled=&#8220;off&#8220; button_two_text_size__hover_enabled=&#8220;off&#8220; button_text_color__hover_enabled=&#8220;off&#8220; button_one_text_color__hover_enabled=&#8220;off&#8220; button_two_text_color__hover_enabled=&#8220;off&#8220; button_border_width__hover_enabled=&#8220;off&#8220; button_one_border_width__hover_enabled=&#8220;off&#8220; button_two_border_width__hover_enabled=&#8220;off&#8220; button_border_color__hover_enabled=&#8220;off&#8220; button_one_border_color__hover_enabled=&#8220;off&#8220; button_two_border_color__hover_enabled=&#8220;off&#8220; button_border_radius__hover_enabled=&#8220;off&#8220; button_one_border_radius__hover_enabled=&#8220;off&#8220; button_two_border_radius__hover_enabled=&#8220;off&#8220; button_letter_spacing__hover_enabled=&#8220;off&#8220; button_one_letter_spacing__hover_enabled=&#8220;off&#8220; button_two_letter_spacing__hover_enabled=&#8220;off&#8220; button_bg_color__hover_enabled=&#8220;off&#8220; button_one_bg_color__hover_enabled=&#8220;off&#8220; button_two_bg_color__hover_enabled=&#8220;off&#8220;][\/et_pb_slide][\/et_pb_fullwidth_slider][\/et_pb_section][et_pb_section fb_built=&#8220;1&#8243; admin_label=&#8220;section&#8220; _builder_version=&#8220;3.22&#8243; fb_built=&#8220;1&#8243; _i=&#8220;1&#8243; _address=&#8220;1&#8243;][et_pb_row admin_label=&#8220;row&#8220; _builder_version=&#8220;3.25&#8243; background_size=&#8220;initial&#8220; background_position=&#8220;top_left&#8220; background_repeat=&#8220;repeat&#8220; custom_padding=&#8220;0px|||&#8220; _i=&#8220;0&#8243; _address=&#8220;1.0&#8243;][et_pb_column type=&#8220;4_4&#8243; _builder_version=&#8220;3.25&#8243; custom_padding=&#8220;|||&#8220; _i=&#8220;0&#8243; _address=&#8220;1.0.0&#8243; custom_padding__hover=&#8220;|||&#8220;][et_pb_text admin_label=&#8220;Testo&#8220; _builder_version=&#8220;3.27.4&#8243; background_size=&#8220;initial&#8220; background_position=&#8220;top_left&#8220; background_repeat=&#8220;repeat&#8220; _i=&#8220;0&#8243; _address=&#8220;1.0.0.0&#8243;]<\/p>\n<h1 style=\"text-align: center;\">STANDARD UND SPEZIELLE W\u00c4LZLAGER<\/h1>\n<p class=\"et-fb-mce-line-break-holder\" style=\"text-align: justify;\">\n<p style=\"text-align: justify;\">W\u00e4lzlager sind in vielen verschiedenen Formen und Sorten erh\u00e4ltlich, jeweils mit eigenen Besonderheiten. Die Gesamtabmessungen und die Konfiguration von Standardlagern sind durch internationale Normen festgelegt:  dies erm\u00f6glicht eine einfache Zug\u00e4nglichkeit und Austauschbarkeit des Lagers. Daher wird bei der Konstruktion einer Maschine, wenn es m\u00f6glich ist ein Standard-Lager zu verwenden bevorzugt. <strong>EVOLMEC<\/strong> kann je nach Art der Maschinen und Art der Anwendung oder Funktion Standard- und \/ oder Sonderausf\u00fchrungsspezifische Lager f\u00fcr eine bestimmte Anwendung liefern.<\/p>\n<p>[\/et_pb_text][\/et_pb_column][\/et_pb_row][et_pb_row column_structure=&#8220;1_2,1_2&#8243; admin_label=&#8220;row&#8220; _builder_version=&#8220;3.25&#8243; background_size=&#8220;initial&#8220; background_position=&#8220;top_left&#8220; background_repeat=&#8220;repeat&#8220; _i=&#8220;1&#8243; _address=&#8220;1.1&#8243;][et_pb_column type=&#8220;1_2&#8243; _builder_version=&#8220;3.25&#8243; custom_padding=&#8220;|||&#8220; _i=&#8220;0&#8243; _address=&#8220;1.1.0&#8243; custom_padding__hover=&#8220;|||&#8220;][et_pb_text admin_label=&#8220;Testo&#8220; _builder_version=&#8220;3.27.4&#8243; background_size=&#8220;initial&#8220; background_position=&#8220;top_left&#8220; background_repeat=&#8220;repeat&#8220; _i=&#8220;0&#8243; _address=&#8220;1.1.0.0&#8243;]<\/p>\n<h2 style=\"text-align: center;\">TECHNISCHE MERKMALE<\/h2>\n<p>[\/et_pb_text][et_pb_blurb title=&#8220;Lieferbare Ausf\u00fchrungen&#8220; use_icon=&#8220;on&#8220; font_icon=&#8220;%%45%%&#8220; icon_color=&#8220;#545454&#8243; icon_placement=&#8220;left&#8220; admin_label=&#8220;Blurb&#8220; _builder_version=&#8220;3.0.74&#8243; background_size=&#8220;initial&#8220; background_position=&#8220;top_left&#8220; background_repeat=&#8220;repeat&#8220; _i=&#8220;1&#8243; _address=&#8220;1.1.0.1&#8243;]<\/p>\n<p style=\"text-align: justify;\">Radialkugellager, Schr\u00e4gkugellager, radiale Zylinderrollenlager (mit K\u00e4fig und vollrollig), Pendelrollenlager, radiale Kegelrollenlager, Axialkugellager, axiale Zylinderrollenlager, axiale Kegelrollenlager (einzel- und doppelkranz), Kugelgelenk.<\/p>\n<p>[\/et_pb_blurb][et_pb_blurb title=&#8220;Ma\u00dfgenauigkeit&#8220; use_icon=&#8220;on&#8220; font_icon=&#8220;%%20%%&#8220; icon_color=&#8220;#545454&#8243; icon_placement=&#8220;left&#8220; admin_label=&#8220;Blurb&#8220; _builder_version=&#8220;3.0.74&#8243; background_size=&#8220;initial&#8220; background_position=&#8220;top_left&#8220; background_repeat=&#8220;repeat&#8220; _i=&#8220;2&#8243; _address=&#8220;1.1.0.2&#8243;]P0\u2026.P4A (nach DIN Norm 620)<br \/>\n[\/et_pb_blurb][et_pb_blurb title=&#8220;Rotationsgenauigkeit&#8220; use_icon=&#8220;on&#8220; font_icon=&#8220;%%20%%&#8220; icon_color=&#8220;#545454&#8243; icon_placement=&#8220;left&#8220; admin_label=&#8220;Blurb&#8220; _builder_version=&#8220;3.0.74&#8243; background_size=&#8220;initial&#8220; background_position=&#8220;top_left&#8220; background_repeat=&#8220;repeat&#8220; _i=&#8220;3&#8243; _address=&#8220;1.1.0.3&#8243;]<\/p>\n<p style=\"text-align: justify;\">P0\u2026.P4A (nach DIN Norm 620)<br \/>\nVorspannung und Standard-Spielraum laut Tabellen und Zeichnungen (au\u00dfer f\u00fcr spezielle Kundenanforderungen)<\/p>\n<p>[\/et_pb_blurb][et_pb_blurb title=&#8220;Material Ringe&#8220; use_icon=&#8220;on&#8220; font_icon=&#8220;%%20%%&#8220; icon_color=&#8220;#545454&#8243; icon_placement=&#8220;left&#8220; admin_label=&#8220;Blurb&#8220; _builder_version=&#8220;3.0.74&#8243; background_size=&#8220;initial&#8220; background_position=&#8220;top_left&#8220; background_repeat=&#8220;repeat&#8220; _i=&#8220;4&#8243; _address=&#8220;1.1.0.4&#8243;]<\/p>\n<p style=\"text-align: justify;\">100Cr6 (UNI 3097 \u2013 WNr. 1.3505) \/ 100CrMo7 (UNI 3097 \u2013 WNr. 1.3537) \/ 20CrMo \/ 20CrMnTi<\/p>\n<p>[\/et_pb_blurb][et_pb_blurb title=&#8220;Oberfl\u00e4chenh\u00e4rte&#8220; use_icon=&#8220;on&#8220; font_icon=&#8220;%%20%%&#8220; icon_color=&#8220;#545454&#8243; icon_placement=&#8220;left&#8220; admin_label=&#8220;Blurb&#8220; _builder_version=&#8220;3.0.74&#8243; background_size=&#8220;initial&#8220; background_position=&#8220;top_left&#8220; background_repeat=&#8220;repeat&#8220; _i=&#8220;5&#8243; _address=&#8220;1.1.0.5&#8243;]<\/p>\n<p style=\"text-align: justify;\">58 \/ 64 HRc<\/p>\n<p>[\/et_pb_blurb][\/et_pb_column][et_pb_column type=&#8220;1_2&#8243; _builder_version=&#8220;3.25&#8243; custom_padding=&#8220;|||&#8220; _i=&#8220;1&#8243; _address=&#8220;1.1.1&#8243; custom_padding__hover=&#8220;|||&#8220;][et_pb_gallery gallery_ids=&#8220;5396,5397,5398,4861,4253,5028,4257,5027,5029,5030,4975,5399&#8243; fullwidth=&#8220;on&#8220; admin_label=&#8220;Galleria&#8220; _builder_version=&#8220;3.0.47&#8243; auto=&#8220;on&#8220; auto_speed=&#8220;5000&#8243; saved_tabs=&#8220;all&#8220; _i=&#8220;0&#8243; _address=&#8220;1.1.1.0&#8243;][\/et_pb_gallery][et_pb_tabs admin_label=&#8220;Scheda&#8220; _builder_version=&#8220;3.0.48&#8243; background_size=&#8220;initial&#8220; background_position=&#8220;top_left&#8220; background_repeat=&#8220;repeat&#8220; _i=&#8220;1&#8243; _address=&#8220;1.1.1.1&#8243;][et_pb_tab title=&#8220;Sonderausf\u00fchrungen&#8220; _builder_version=&#8220;3.0.48&#8243; body_font=&#8220;||||&#8220; body_line_height=&#8220;2em&#8220; tab_font=&#8220;||||&#8220; tab_line_height=&#8220;2em&#8220; background_size=&#8220;initial&#8220; background_position=&#8220;top_left&#8220; background_repeat=&#8220;repeat&#8220; body_line_height_tablet=&#8220;2em&#8220; body_line_height_phone=&#8220;2em&#8220; tab_line_height_tablet=&#8220;2em&#8220; tab_line_height_phone=&#8220;2em&#8220; _i=&#8220;0&#8243; _address=&#8220;1.1.1.1.0&#8243;]<\/p>\n<p>Auf Anfrage.<br \/>\nF\u00fcr weitere Informationen kontaktieren Sie bitte unser technisches B\u00fcro.<\/p>\n<p>[\/et_pb_tab][et_pb_tab title=&#8220;Allgemeine Merkmale&#8220; _builder_version=&#8220;3.0.48&#8243; body_font=&#8220;||||&#8220; body_line_height=&#8220;2em&#8220; tab_font=&#8220;||||&#8220; tab_line_height=&#8220;2em&#8220; background_size=&#8220;initial&#8220; background_position=&#8220;top_left&#8220; background_repeat=&#8220;repeat&#8220; body_line_height_tablet=&#8220;2em&#8220; body_line_height_phone=&#8220;2em&#8220; tab_line_height_tablet=&#8220;2em&#8220; tab_line_height_phone=&#8220;2em&#8220; _i=&#8220;1&#8243; _address=&#8220;1.1.1.1.1&#8243;]<\/p>\n<p>Entwickelt und intern gepr\u00fcft (Italien), im Outsourcing produziert (Italien\/Europa)<\/p>\n<p>Herkunft Material: Italien \/ Europa<\/p>\n<p>[\/et_pb_tab][\/et_pb_tabs][\/et_pb_column][\/et_pb_row][\/et_pb_section]<\/p>\n","protected":false},"excerpt":{"rendered":"<p>STANDARD UND SPEZIELLE W\u00c4LZLAGER W\u00e4lzlager sind in vielen verschiedenen Formen und Sorten erh\u00e4ltlich, jeweils mit eigenen Besonderheiten. Die Gesamtabmessungen und die Konfiguration von Standardlagern sind durch internationale Normen festgelegt: dies erm\u00f6glicht eine einfache Zug\u00e4nglichkeit und Austauschbarkeit des Lagers. Daher wird bei der Konstruktion einer Maschine, wenn es m\u00f6glich ist ein Standard-Lager zu verwenden bevorzugt. EVOLMEC [&hellip;]<\/p>\n","protected":false},"author":3,"featured_media":0,"parent":0,"menu_order":0,"comment_status":"closed","ping_status":"closed","template":"","meta":{"_et_pb_use_builder":"on","_et_pb_old_content":"","_et_gb_content_width":"","footnotes":""},"yoast_head":"<!-- This site is optimized with the Yoast SEO plugin v22.0 - https:\/\/yoast.com\/wordpress\/plugins\/seo\/ -->\n<title>EVOLMEC - Standard- und Spezielle-W\u00e4lzlager<\/title>\n<meta name=\"robots\" content=\"index, follow, max-snippet:-1, max-image-preview:large, max-video-preview:-1\" \/>\n<link rel=\"canonical\" href=\"https:\/\/evolmec.com\/de\/standard-und-spezielle-waelzlager\/\" \/>\n<meta property=\"og:locale\" content=\"de_DE\" \/>\n<meta property=\"og:type\" content=\"article\" \/>\n<meta property=\"og:title\" content=\"EVOLMEC - Standard- und Spezielle-W\u00e4lzlager\" \/>\n<meta property=\"og:description\" content=\"STANDARD UND SPEZIELLE W\u00c4LZLAGER W\u00e4lzlager sind in vielen verschiedenen Formen und Sorten erh\u00e4ltlich, jeweils mit eigenen Besonderheiten. Die Gesamtabmessungen und die Konfiguration von Standardlagern sind durch internationale Normen festgelegt: dies erm\u00f6glicht eine einfache Zug\u00e4nglichkeit und Austauschbarkeit des Lagers. Daher wird bei der Konstruktion einer Maschine, wenn es m\u00f6glich ist ein Standard-Lager zu verwenden bevorzugt. EVOLMEC [&hellip;]\" \/>\n<meta property=\"og:url\" content=\"https:\/\/evolmec.com\/de\/standard-und-spezielle-waelzlager\/\" \/>\n<meta property=\"og:site_name\" content=\"Evolmec\" \/>\n<meta property=\"article:publisher\" content=\"https:\/\/www.facebook.com\/evolmec\" \/>\n<meta property=\"article:modified_time\" content=\"2020-03-02T10:25:15+00:00\" \/>\n<meta property=\"og:image\" content=\"https:\/\/evolmec.com\/wp-content\/uploads\/2017\/08\/evolmec-cuscinetti-speciali-special-bearings-rodamientos-walzlager-italy-pavia-progettazione-collaudo.jpg\" \/>\n\t<meta property=\"og:image:width\" content=\"1440\" \/>\n\t<meta property=\"og:image:height\" content=\"1440\" \/>\n\t<meta property=\"og:image:type\" content=\"image\/jpeg\" \/>\n<meta name=\"twitter:card\" content=\"summary_large_image\" \/>\n<meta name=\"twitter:label1\" content=\"Gesch\u00e4tzte Lesezeit\" \/>\n\t<meta name=\"twitter:data1\" content=\"5\u00a0Minuten\" \/>\n<script type=\"application\/ld+json\" class=\"yoast-schema-graph\">{\"@context\":\"https:\/\/schema.org\",\"@graph\":[{\"@type\":\"WebPage\",\"@id\":\"https:\/\/evolmec.com\/de\/standard-und-spezielle-waelzlager\/\",\"url\":\"https:\/\/evolmec.com\/de\/standard-und-spezielle-waelzlager\/\",\"name\":\"EVOLMEC - Standard- und Spezielle-W\u00e4lzlager\",\"isPartOf\":{\"@id\":\"https:\/\/evolmec.com\/#website\"},\"datePublished\":\"2018-01-04T08:41:22+00:00\",\"dateModified\":\"2020-03-02T10:25:15+00:00\",\"breadcrumb\":{\"@id\":\"https:\/\/evolmec.com\/de\/standard-und-spezielle-waelzlager\/#breadcrumb\"},\"inLanguage\":\"de\",\"potentialAction\":[{\"@type\":\"ReadAction\",\"target\":[\"https:\/\/evolmec.com\/de\/standard-und-spezielle-waelzlager\/\"]}]},{\"@type\":\"BreadcrumbList\",\"@id\":\"https:\/\/evolmec.com\/de\/standard-und-spezielle-waelzlager\/#breadcrumb\",\"itemListElement\":[{\"@type\":\"ListItem\",\"position\":1,\"name\":\"Home\",\"item\":\"https:\/\/evolmec.com\/de\/\"},{\"@type\":\"ListItem\",\"position\":2,\"name\":\"Standard- und Spezielle-W\u00e4lzlager\"}]},{\"@type\":\"WebSite\",\"@id\":\"https:\/\/evolmec.com\/#website\",\"url\":\"https:\/\/evolmec.com\/\",\"name\":\"Evolmec\",\"description\":\"Evoluzione Meccanica\",\"publisher\":{\"@id\":\"https:\/\/evolmec.com\/#organization\"},\"potentialAction\":[{\"@type\":\"SearchAction\",\"target\":{\"@type\":\"EntryPoint\",\"urlTemplate\":\"https:\/\/evolmec.com\/?s={search_term_string}\"},\"query-input\":\"required name=search_term_string\"}],\"inLanguage\":\"de\"},{\"@type\":\"Organization\",\"@id\":\"https:\/\/evolmec.com\/#organization\",\"name\":\"Evolmec S.r.l.\",\"url\":\"https:\/\/evolmec.com\/\",\"logo\":{\"@type\":\"ImageObject\",\"inLanguage\":\"de\",\"@id\":\"https:\/\/evolmec.com\/#\/schema\/logo\/image\/\",\"url\":\"https:\/\/evolmec.com\/wp-content\/uploads\/2017\/07\/logo_registrato_medium.png\",\"contentUrl\":\"https:\/\/evolmec.com\/wp-content\/uploads\/2017\/07\/logo_registrato_medium.png\",\"width\":600,\"height\":106,\"caption\":\"Evolmec S.r.l.\"},\"image\":{\"@id\":\"https:\/\/evolmec.com\/#\/schema\/logo\/image\/\"},\"sameAs\":[\"https:\/\/www.facebook.com\/evolmec\",\"https:\/\/www.instagram.com\/evolmec_bearings\/\",\"https:\/\/www.linkedin.com\/company\/evolmec-s-r-l-\/\",\"https:\/\/www.youtube.com\/channel\/UC8DTzvwORPq1-3PpF9Itl5w\/\"]}]}<\/script>\n<!-- \/ Yoast SEO plugin. -->","yoast_head_json":{"title":"EVOLMEC - Standard- und Spezielle-W\u00e4lzlager","robots":{"index":"index","follow":"follow","max-snippet":"max-snippet:-1","max-image-preview":"max-image-preview:large","max-video-preview":"max-video-preview:-1"},"canonical":"https:\/\/evolmec.com\/de\/standard-und-spezielle-waelzlager\/","og_locale":"de_DE","og_type":"article","og_title":"EVOLMEC - Standard- und Spezielle-W\u00e4lzlager","og_description":"STANDARD UND SPEZIELLE W\u00c4LZLAGER W\u00e4lzlager sind in vielen verschiedenen Formen und Sorten erh\u00e4ltlich, jeweils mit eigenen Besonderheiten. Die Gesamtabmessungen und die Konfiguration von Standardlagern sind durch internationale Normen festgelegt: dies erm\u00f6glicht eine einfache Zug\u00e4nglichkeit und Austauschbarkeit des Lagers. Daher wird bei der Konstruktion einer Maschine, wenn es m\u00f6glich ist ein Standard-Lager zu verwenden bevorzugt. EVOLMEC [&hellip;]","og_url":"https:\/\/evolmec.com\/de\/standard-und-spezielle-waelzlager\/","og_site_name":"Evolmec","article_publisher":"https:\/\/www.facebook.com\/evolmec","article_modified_time":"2020-03-02T10:25:15+00:00","og_image":[{"width":1440,"height":1440,"url":"https:\/\/evolmec.com\/wp-content\/uploads\/2017\/08\/evolmec-cuscinetti-speciali-special-bearings-rodamientos-walzlager-italy-pavia-progettazione-collaudo.jpg","type":"image\/jpeg"}],"twitter_card":"summary_large_image","twitter_misc":{"Gesch\u00e4tzte Lesezeit":"5\u00a0Minuten"},"schema":{"@context":"https:\/\/schema.org","@graph":[{"@type":"WebPage","@id":"https:\/\/evolmec.com\/de\/standard-und-spezielle-waelzlager\/","url":"https:\/\/evolmec.com\/de\/standard-und-spezielle-waelzlager\/","name":"EVOLMEC - Standard- und Spezielle-W\u00e4lzlager","isPartOf":{"@id":"https:\/\/evolmec.com\/#website"},"datePublished":"2018-01-04T08:41:22+00:00","dateModified":"2020-03-02T10:25:15+00:00","breadcrumb":{"@id":"https:\/\/evolmec.com\/de\/standard-und-spezielle-waelzlager\/#breadcrumb"},"inLanguage":"de","potentialAction":[{"@type":"ReadAction","target":["https:\/\/evolmec.com\/de\/standard-und-spezielle-waelzlager\/"]}]},{"@type":"BreadcrumbList","@id":"https:\/\/evolmec.com\/de\/standard-und-spezielle-waelzlager\/#breadcrumb","itemListElement":[{"@type":"ListItem","position":1,"name":"Home","item":"https:\/\/evolmec.com\/de\/"},{"@type":"ListItem","position":2,"name":"Standard- und Spezielle-W\u00e4lzlager"}]},{"@type":"WebSite","@id":"https:\/\/evolmec.com\/#website","url":"https:\/\/evolmec.com\/","name":"Evolmec","description":"Evoluzione Meccanica","publisher":{"@id":"https:\/\/evolmec.com\/#organization"},"potentialAction":[{"@type":"SearchAction","target":{"@type":"EntryPoint","urlTemplate":"https:\/\/evolmec.com\/?s={search_term_string}"},"query-input":"required name=search_term_string"}],"inLanguage":"de"},{"@type":"Organization","@id":"https:\/\/evolmec.com\/#organization","name":"Evolmec S.r.l.","url":"https:\/\/evolmec.com\/","logo":{"@type":"ImageObject","inLanguage":"de","@id":"https:\/\/evolmec.com\/#\/schema\/logo\/image\/","url":"https:\/\/evolmec.com\/wp-content\/uploads\/2017\/07\/logo_registrato_medium.png","contentUrl":"https:\/\/evolmec.com\/wp-content\/uploads\/2017\/07\/logo_registrato_medium.png","width":600,"height":106,"caption":"Evolmec S.r.l."},"image":{"@id":"https:\/\/evolmec.com\/#\/schema\/logo\/image\/"},"sameAs":["https:\/\/www.facebook.com\/evolmec","https:\/\/www.instagram.com\/evolmec_bearings\/","https:\/\/www.linkedin.com\/company\/evolmec-s-r-l-\/","https:\/\/www.youtube.com\/channel\/UC8DTzvwORPq1-3PpF9Itl5w\/"]}]}},"_links":{"self":[{"href":"https:\/\/evolmec.com\/de\/wp-json\/wp\/v2\/pages\/5051"}],"collection":[{"href":"https:\/\/evolmec.com\/de\/wp-json\/wp\/v2\/pages"}],"about":[{"href":"https:\/\/evolmec.com\/de\/wp-json\/wp\/v2\/types\/page"}],"author":[{"embeddable":true,"href":"https:\/\/evolmec.com\/de\/wp-json\/wp\/v2\/users\/3"}],"replies":[{"embeddable":true,"href":"https:\/\/evolmec.com\/de\/wp-json\/wp\/v2\/comments?post=5051"}],"version-history":[{"count":6,"href":"https:\/\/evolmec.com\/de\/wp-json\/wp\/v2\/pages\/5051\/revisions"}],"predecessor-version":[{"id":6360,"href":"https:\/\/evolmec.com\/de\/wp-json\/wp\/v2\/pages\/5051\/revisions\/6360"}],"wp:attachment":[{"href":"https:\/\/evolmec.com\/de\/wp-json\/wp\/v2\/media?parent=5051"}],"curies":[{"name":"wp","href":"https:\/\/api.w.org\/{rel}","templated":true}]}}