{"id":5041,"date":"2018-01-03T10:58:35","date_gmt":"2018-01-03T09:58:35","guid":{"rendered":"http:\/\/evolmec.com\/de\/?page_id=5041"},"modified":"2023-11-14T13:51:10","modified_gmt":"2023-11-14T11:51:10","slug":"unternehmen","status":"publish","type":"page","link":"https:\/\/evolmec.com\/de\/unternehmen\/","title":{"rendered":"Unternehmen"},"content":{"rendered":"<p>[et_pb_section fb_built=&#8220;1&#8243; fullwidth=&#8220;on&#8220; admin_label=&#8220;section&#8220; _builder_version=&#8220;4.16&#8243; global_colors_info=&#8220;{}&#8220;][et_pb_fullwidth_image src=&#8220;http:\/\/evolmec.com\/wp-content\/uploads\/2017\/08\/evolmec-cuscinetti-speciali-standard-bearing-bearings-ralle-di-rotazione-precisione-gruppi-ruota-macchine-utensili-sfere-rulli-progettazione.jpg&#8220; _builder_version=&#8220;4.16&#8243; custom_margin=&#8220;|||&#8220; animation_style=&#8220;fade&#8220; animation_duration=&#8220;500ms&#8220; animation=&#8220;fade_in&#8220; global_colors_info=&#8220;{}&#8220;][\/et_pb_fullwidth_image][\/et_pb_section][et_pb_section fb_built=&#8220;1&#8243; admin_label=&#8220;section&#8220; _builder_version=&#8220;4.16&#8243; custom_padding=&#8220;53px|0px|0px|0px&#8220; global_colors_info=&#8220;{}&#8220;][et_pb_row column_structure=&#8220;1_2,1_2&#8243; admin_label=&#8220;row&#8220; _builder_version=&#8220;4.16&#8243; background_size=&#8220;initial&#8220; background_position=&#8220;top_left&#8220; background_repeat=&#8220;repeat&#8220; custom_padding=&#8220;||0px|&#8220; global_colors_info=&#8220;{}&#8220;][et_pb_column type=&#8220;1_2&#8243; _builder_version=&#8220;4.16&#8243; custom_padding=&#8220;|||&#8220; global_colors_info=&#8220;{}&#8220; custom_padding__hover=&#8220;|||&#8220;][et_pb_text admin_label=&#8220;Text&#8220; _builder_version=&#8220;4.16&#8243; background_size=&#8220;initial&#8220; background_position=&#8220;top_left&#8220; background_repeat=&#8220;repeat&#8220; global_colors_info=&#8220;{}&#8220;]<\/p>\n<h2>Unser Unternehmen<\/h2>\n<p style=\"text-align: justify;\"><span><strong>EVOLMEC<\/strong> wurde im November 2014 auf der Grundlage der von den Gr\u00fcndungsgesellschaftern Filippo Scabini und Osvaldo Morini in der Branche erworbenen Erfahrungen und Kompetenzen gegr\u00fcndet und bietet dem Markt eine breite Palette von Standard- und Spezialw\u00e4lzlagern in kleinen, mittleren und gro\u00dfen Gr\u00f6\u00dfen, je nach Typ. Das Unternehmen mit Sitz in Cigognola in der Provinz Pavia ist in der Lage, die unterschiedlichen Bed\u00fcrfnisse seiner Kunden zu befriedigen und die Anforderungen der verschiedenen Anwendungsbereiche zu erf\u00fcllen, indem es die Phasen der Planung, der Montage und der Pr\u00fcfung selbst durchf\u00fchrt, w\u00e4hrend die Produktion ausgelagert ist.<\/span><\/p>\n<p>[\/et_pb_text][\/et_pb_column][et_pb_column type=&#8220;1_2&#8243; _builder_version=&#8220;4.16&#8243; custom_padding=&#8220;|||&#8220; global_colors_info=&#8220;{}&#8220; custom_padding__hover=&#8220;|||&#8220;][et_pb_text admin_label=&#8220;Text&#8220; _builder_version=&#8220;4.16&#8243; background_size=&#8220;initial&#8220; background_position=&#8220;top_left&#8220; background_repeat=&#8220;repeat&#8220; global_colors_info=&#8220;{}&#8220;]<\/p>\n<h2 style=\"text-align: justify;\">\u00a0<\/h2>\n<p style=\"text-align: justify;\"><span>Die gesamte Produktpalette und insbesondere die mittelgro\u00dfen Lager und Sonderausf\u00fchrungen, die Aush\u00e4ngeschilder von EVOLMEC, werden vom Referenzmarkt aufgrund ihrer technischen Eigenschaften, der hohen Fertigungspr\u00e4zision, des guten Preis-Leistungs-Verh\u00e4ltnisses und der schnellen Produktions- und Lieferzeiten gesch\u00e4tzt. Diese Ergebnisse wurden dank der getroffenen Entscheidungen und der Flexibilit\u00e4t der Unternehmensorganisation erzielt. Hervorzuheben sind auch der Service und die technische Unterst\u00fctzung sowohl in der Phase vor als auch nach dem Verkauf, die den Kunden bei der Beantwortung spezifischer Anfragen unterst\u00fctzen.<\/span><\/p>\n<p>[\/et_pb_text][\/et_pb_column][\/et_pb_row][et_pb_row admin_label=&#8220;row&#8220; _builder_version=&#8220;4.16&#8243; background_size=&#8220;initial&#8220; background_position=&#8220;top_left&#8220; background_repeat=&#8220;repeat&#8220; custom_padding=&#8220;|||&#8220; global_colors_info=&#8220;{}&#8220;][et_pb_column type=&#8220;4_4&#8243; _builder_version=&#8220;4.16&#8243; custom_padding=&#8220;|||&#8220; global_colors_info=&#8220;{}&#8220; custom_padding__hover=&#8220;|||&#8220;][et_pb_text _builder_version=&#8220;4.16&#8243; background_size=&#8220;initial&#8220; background_position=&#8220;top_left&#8220; background_repeat=&#8220;repeat&#8220; text_orientation=&#8220;center&#8220; module_alignment=&#8220;center&#8220; global_colors_info=&#8220;{}&#8220;]<\/p>\n<h1>AUTORISIERTER H\u00c4NDLER F\u00dcR EVOLMEC\u00ae PRODUKTE<\/h1>\n<p>[\/et_pb_text][\/et_pb_column][\/et_pb_row][et_pb_row _builder_version=&#8220;4.23&#8243; _module_preset=&#8220;default&#8220; global_colors_info=&#8220;{}&#8220;][et_pb_column type=&#8220;4_4&#8243; _builder_version=&#8220;4.23&#8243; _module_preset=&#8220;default&#8220; global_colors_info=&#8220;{}&#8220;][et_pb_image src=&#8220;https:\/\/evolmec.com\/wp-content\/uploads\/2023\/11\/special-design-bearings.jpg&#8220; alt=&#8220;Special design bearings&#8220; title_text=&#8220;Special design bearings&#8220; url=&#8220;https:\/\/evolmec.com\/de\/stuetzrollen\/&#8220; _builder_version=&#8220;4.23&#8243; _module_preset=&#8220;default&#8220; global_colors_info=&#8220;{}&#8220;][\/et_pb_image][et_pb_image src=&#8220;https:\/\/evolmec.com\/wp-content\/uploads\/2023\/11\/bearing-for-rotary-tables.jpg&#8220; alt=&#8220;Bearing for rotary tables&#8220; title_text=&#8220;Bearing for rotary tables&#8220; url=&#8220;https:\/\/evolmec.com\/de\/praezisions-lager\/axial-und-radialzylinderrollenlager-und-axial-schraegkugel-quer-kegelrollen\/&#8220; _builder_version=&#8220;4.23&#8243; _module_preset=&#8220;default&#8220; global_colors_info=&#8220;{}&#8220;][\/et_pb_image][et_pb_image src=&#8220;https:\/\/evolmec.com\/wp-content\/uploads\/2023\/11\/bearing-for-rolling-mills.jpg&#8220; alt=&#8220;Bearing for rolling mills&#8220; title_text=&#8220;Bearing for rolling mills&#8220; url=&#8220;https:\/\/evolmec.com\/de\/lager-fuer-walzwerke\/&#8220; _builder_version=&#8220;4.23&#8243; _module_preset=&#8220;default&#8220; global_colors_info=&#8220;{}&#8220;][\/et_pb_image][et_pb_image src=&#8220;https:\/\/evolmec.com\/wp-content\/uploads\/2023\/11\/bearing-for-machine-tools.jpg&#8220; alt=&#8220;Bearing for machine tools&#8220; title_text=&#8220;Bearing for machine tools&#8220; url=&#8220;https:\/\/evolmec.com\/de\/praezisions-lager\/&#8220; _builder_version=&#8220;4.23&#8243; _module_preset=&#8220;default&#8220; global_colors_info=&#8220;{}&#8220;][\/et_pb_image][\/et_pb_column][\/et_pb_row][\/et_pb_section]<\/p>\n","protected":false},"excerpt":{"rendered":"<p>Unser Unternehmen EVOLMEC wurde im November 2014 auf der Grundlage der von den Gr\u00fcndungsgesellschaftern Filippo Scabini und Osvaldo Morini in der Branche erworbenen Erfahrungen und Kompetenzen gegr\u00fcndet und bietet dem Markt eine breite Palette von Standard- und Spezialw\u00e4lzlagern in kleinen, mittleren und gro\u00dfen Gr\u00f6\u00dfen, je nach Typ. Das Unternehmen mit Sitz in Cigognola in der [&hellip;]<\/p>\n","protected":false},"author":3,"featured_media":0,"parent":0,"menu_order":0,"comment_status":"closed","ping_status":"closed","template":"","meta":{"_et_pb_use_builder":"on","_et_pb_old_content":"","_et_gb_content_width":"","footnotes":""},"yoast_head":"<!-- This site is optimized with the Yoast SEO plugin v22.0 - https:\/\/yoast.com\/wordpress\/plugins\/seo\/ -->\n<title>EVOLMEC - Unternehmen<\/title>\n<meta name=\"robots\" content=\"index, follow, max-snippet:-1, max-image-preview:large, max-video-preview:-1\" \/>\n<link rel=\"canonical\" href=\"https:\/\/evolmec.com\/de\/unternehmen\/\" \/>\n<meta property=\"og:locale\" content=\"de_DE\" \/>\n<meta property=\"og:type\" content=\"article\" \/>\n<meta property=\"og:title\" content=\"EVOLMEC - Unternehmen\" \/>\n<meta property=\"og:description\" content=\"Unser Unternehmen EVOLMEC wurde im November 2014 auf der Grundlage der von den Gr\u00fcndungsgesellschaftern Filippo Scabini und Osvaldo Morini in der Branche erworbenen Erfahrungen und Kompetenzen gegr\u00fcndet und bietet dem Markt eine breite Palette von Standard- und Spezialw\u00e4lzlagern in kleinen, mittleren und gro\u00dfen Gr\u00f6\u00dfen, je nach Typ. Das Unternehmen mit Sitz in Cigognola in der [&hellip;]\" \/>\n<meta property=\"og:url\" content=\"https:\/\/evolmec.com\/de\/unternehmen\/\" \/>\n<meta property=\"og:site_name\" content=\"Evolmec\" \/>\n<meta property=\"article:publisher\" content=\"https:\/\/www.facebook.com\/evolmec\" \/>\n<meta property=\"article:modified_time\" content=\"2023-11-14T11:51:10+00:00\" \/>\n<meta property=\"og:image\" content=\"https:\/\/evolmec.com\/wp-content\/uploads\/2017\/08\/evolmec-cuscinetti-speciali-special-bearings-rodamientos-walzlager-italy-pavia-progettazione-collaudo.jpg\" \/>\n\t<meta property=\"og:image:width\" content=\"1440\" \/>\n\t<meta property=\"og:image:height\" content=\"1440\" \/>\n\t<meta property=\"og:image:type\" content=\"image\/jpeg\" \/>\n<meta name=\"twitter:card\" content=\"summary_large_image\" \/>\n<meta name=\"twitter:label1\" content=\"Gesch\u00e4tzte Lesezeit\" \/>\n\t<meta name=\"twitter:data1\" content=\"3\u00a0Minuten\" \/>\n<script type=\"application\/ld+json\" class=\"yoast-schema-graph\">{\"@context\":\"https:\/\/schema.org\",\"@graph\":[{\"@type\":\"WebPage\",\"@id\":\"https:\/\/evolmec.com\/de\/unternehmen\/\",\"url\":\"https:\/\/evolmec.com\/de\/unternehmen\/\",\"name\":\"EVOLMEC - Unternehmen\",\"isPartOf\":{\"@id\":\"https:\/\/evolmec.com\/#website\"},\"datePublished\":\"2018-01-03T09:58:35+00:00\",\"dateModified\":\"2023-11-14T11:51:10+00:00\",\"breadcrumb\":{\"@id\":\"https:\/\/evolmec.com\/de\/unternehmen\/#breadcrumb\"},\"inLanguage\":\"de\",\"potentialAction\":[{\"@type\":\"ReadAction\",\"target\":[\"https:\/\/evolmec.com\/de\/unternehmen\/\"]}]},{\"@type\":\"BreadcrumbList\",\"@id\":\"https:\/\/evolmec.com\/de\/unternehmen\/#breadcrumb\",\"itemListElement\":[{\"@type\":\"ListItem\",\"position\":1,\"name\":\"Home\",\"item\":\"https:\/\/evolmec.com\/de\/\"},{\"@type\":\"ListItem\",\"position\":2,\"name\":\"Unternehmen\"}]},{\"@type\":\"WebSite\",\"@id\":\"https:\/\/evolmec.com\/#website\",\"url\":\"https:\/\/evolmec.com\/\",\"name\":\"Evolmec\",\"description\":\"Evoluzione Meccanica\",\"publisher\":{\"@id\":\"https:\/\/evolmec.com\/#organization\"},\"potentialAction\":[{\"@type\":\"SearchAction\",\"target\":{\"@type\":\"EntryPoint\",\"urlTemplate\":\"https:\/\/evolmec.com\/?s={search_term_string}\"},\"query-input\":\"required name=search_term_string\"}],\"inLanguage\":\"de\"},{\"@type\":\"Organization\",\"@id\":\"https:\/\/evolmec.com\/#organization\",\"name\":\"Evolmec S.r.l.\",\"url\":\"https:\/\/evolmec.com\/\",\"logo\":{\"@type\":\"ImageObject\",\"inLanguage\":\"de\",\"@id\":\"https:\/\/evolmec.com\/#\/schema\/logo\/image\/\",\"url\":\"https:\/\/evolmec.com\/wp-content\/uploads\/2017\/07\/logo_registrato_medium.png\",\"contentUrl\":\"https:\/\/evolmec.com\/wp-content\/uploads\/2017\/07\/logo_registrato_medium.png\",\"width\":600,\"height\":106,\"caption\":\"Evolmec S.r.l.\"},\"image\":{\"@id\":\"https:\/\/evolmec.com\/#\/schema\/logo\/image\/\"},\"sameAs\":[\"https:\/\/www.facebook.com\/evolmec\",\"https:\/\/www.instagram.com\/evolmec_bearings\/\",\"https:\/\/www.linkedin.com\/company\/evolmec-s-r-l-\/\",\"https:\/\/www.youtube.com\/channel\/UC8DTzvwORPq1-3PpF9Itl5w\/\"]}]}<\/script>\n<!-- \/ Yoast SEO plugin. -->","yoast_head_json":{"title":"EVOLMEC - Unternehmen","robots":{"index":"index","follow":"follow","max-snippet":"max-snippet:-1","max-image-preview":"max-image-preview:large","max-video-preview":"max-video-preview:-1"},"canonical":"https:\/\/evolmec.com\/de\/unternehmen\/","og_locale":"de_DE","og_type":"article","og_title":"EVOLMEC - Unternehmen","og_description":"Unser Unternehmen EVOLMEC wurde im November 2014 auf der Grundlage der von den Gr\u00fcndungsgesellschaftern Filippo Scabini und Osvaldo Morini in der Branche erworbenen Erfahrungen und Kompetenzen gegr\u00fcndet und bietet dem Markt eine breite Palette von Standard- und Spezialw\u00e4lzlagern in kleinen, mittleren und gro\u00dfen Gr\u00f6\u00dfen, je nach Typ. Das Unternehmen mit Sitz in Cigognola in der [&hellip;]","og_url":"https:\/\/evolmec.com\/de\/unternehmen\/","og_site_name":"Evolmec","article_publisher":"https:\/\/www.facebook.com\/evolmec","article_modified_time":"2023-11-14T11:51:10+00:00","og_image":[{"width":1440,"height":1440,"url":"https:\/\/evolmec.com\/wp-content\/uploads\/2017\/08\/evolmec-cuscinetti-speciali-special-bearings-rodamientos-walzlager-italy-pavia-progettazione-collaudo.jpg","type":"image\/jpeg"}],"twitter_card":"summary_large_image","twitter_misc":{"Gesch\u00e4tzte Lesezeit":"3\u00a0Minuten"},"schema":{"@context":"https:\/\/schema.org","@graph":[{"@type":"WebPage","@id":"https:\/\/evolmec.com\/de\/unternehmen\/","url":"https:\/\/evolmec.com\/de\/unternehmen\/","name":"EVOLMEC - Unternehmen","isPartOf":{"@id":"https:\/\/evolmec.com\/#website"},"datePublished":"2018-01-03T09:58:35+00:00","dateModified":"2023-11-14T11:51:10+00:00","breadcrumb":{"@id":"https:\/\/evolmec.com\/de\/unternehmen\/#breadcrumb"},"inLanguage":"de","potentialAction":[{"@type":"ReadAction","target":["https:\/\/evolmec.com\/de\/unternehmen\/"]}]},{"@type":"BreadcrumbList","@id":"https:\/\/evolmec.com\/de\/unternehmen\/#breadcrumb","itemListElement":[{"@type":"ListItem","position":1,"name":"Home","item":"https:\/\/evolmec.com\/de\/"},{"@type":"ListItem","position":2,"name":"Unternehmen"}]},{"@type":"WebSite","@id":"https:\/\/evolmec.com\/#website","url":"https:\/\/evolmec.com\/","name":"Evolmec","description":"Evoluzione Meccanica","publisher":{"@id":"https:\/\/evolmec.com\/#organization"},"potentialAction":[{"@type":"SearchAction","target":{"@type":"EntryPoint","urlTemplate":"https:\/\/evolmec.com\/?s={search_term_string}"},"query-input":"required name=search_term_string"}],"inLanguage":"de"},{"@type":"Organization","@id":"https:\/\/evolmec.com\/#organization","name":"Evolmec S.r.l.","url":"https:\/\/evolmec.com\/","logo":{"@type":"ImageObject","inLanguage":"de","@id":"https:\/\/evolmec.com\/#\/schema\/logo\/image\/","url":"https:\/\/evolmec.com\/wp-content\/uploads\/2017\/07\/logo_registrato_medium.png","contentUrl":"https:\/\/evolmec.com\/wp-content\/uploads\/2017\/07\/logo_registrato_medium.png","width":600,"height":106,"caption":"Evolmec S.r.l."},"image":{"@id":"https:\/\/evolmec.com\/#\/schema\/logo\/image\/"},"sameAs":["https:\/\/www.facebook.com\/evolmec","https:\/\/www.instagram.com\/evolmec_bearings\/","https:\/\/www.linkedin.com\/company\/evolmec-s-r-l-\/","https:\/\/www.youtube.com\/channel\/UC8DTzvwORPq1-3PpF9Itl5w\/"]}]}},"_links":{"self":[{"href":"https:\/\/evolmec.com\/de\/wp-json\/wp\/v2\/pages\/5041"}],"collection":[{"href":"https:\/\/evolmec.com\/de\/wp-json\/wp\/v2\/pages"}],"about":[{"href":"https:\/\/evolmec.com\/de\/wp-json\/wp\/v2\/types\/page"}],"author":[{"embeddable":true,"href":"https:\/\/evolmec.com\/de\/wp-json\/wp\/v2\/users\/3"}],"replies":[{"embeddable":true,"href":"https:\/\/evolmec.com\/de\/wp-json\/wp\/v2\/comments?post=5041"}],"version-history":[{"count":11,"href":"https:\/\/evolmec.com\/de\/wp-json\/wp\/v2\/pages\/5041\/revisions"}],"predecessor-version":[{"id":8131,"href":"https:\/\/evolmec.com\/de\/wp-json\/wp\/v2\/pages\/5041\/revisions\/8131"}],"wp:attachment":[{"href":"https:\/\/evolmec.com\/de\/wp-json\/wp\/v2\/media?parent=5041"}],"curies":[{"name":"wp","href":"https:\/\/api.w.org\/{rel}","templated":true}]}}